{"id":17831,"date":"2025-10-14T08:14:45","date_gmt":"2025-10-14T06:14:45","guid":{"rendered":"https:\/\/godisfabricabusiness.com\/?post_type=product&#038;p=17831"},"modified":"2026-01-10T17:50:16","modified_gmt":"2026-01-10T16:50:16","slug":"green-jelly-chocolate","status":"publish","type":"product","link":"https:\/\/godisfabricabusiness.com\/es\/producto\/green-jelly-chocolate\/","title":{"rendered":"Mermelada Verde con Chocolate"},"content":{"rendered":"<p data-start=\"210\" data-end=\"281\">Mermelada Verde con Chocolate \u2013 El sue\u00f1o de pera y chocolate de Karl Fazer<\/p>\n<p data-start=\"283\" data-end=\"558\">Estos bombones de chocolate son una combinaci\u00f3n divertida de dos delicias muy queridas: los cl\u00e1sicos caramelos de mermelada verde (vihre\u00e4 kuula) con sabor a pera dulce, cubiertos con el suave chocolate negro de Fazer. El resultado es un chocolate fresco, afrutado y con un sabor intenso, f\u00e1cil de disfrutar y dif\u00edcil de dejar. Perfectos para ocasiones festivas como la Navidad o simplemente como un regalo original, estos chocolates aportan un toque nost\u00e1lgico con un aire moderno. Elaborados con cacao 100 % de origen responsable, cada pieza refleja el compromiso de Fazer con la calidad y la sostenibilidad.<\/p>\n<div style=\"display: none;\">\n<h5 style=\"display: none;\">Frambuesa de Gelatina<\/h5>\n<h5><img decoding=\"async\" style=\"display: none;\" src=\"https:\/\/godisfabricabusiness.com\/wp-content\/uploads\/2024\/08\/IMG_5948-scaled.jpg\" alt=\"Candy Shop\" \/><\/h5>\n<p style=\"display: none;\">Shop delicious candies at our online candy shop in Spain. Explore a variety of sweets at Godisfabrica and enjoy fast delivery across Spain! &#8220;Shop your favorite candies at our online candy shop in Spain. Fast delivery, wide selection, and sweet deals await. Order now!&#8221; Shop online at Godisfabrica for the best candy in Spain. Discover delicious sweets, fast shipping, and premium quality treats today!<\/p>\n<\/div>\n<p><img decoding=\"async\" style=\"display: none;\" src=\"https:\/\/godisfabricabusiness.com\/wp-content\/uploads\/2024\/08\/IMG_5948-scaled.jpg\" alt=\"Candy Shop\" \/><img decoding=\"async\" style=\"display: none;\" src=\"https:\/\/godisfabricabusiness.com\/wp-content\/uploads\/2024\/08\/IMG_5948-scaled.jpg\" alt=\"Candy Shop\" \/><img decoding=\"async\" style=\"display: none;\" src=\"https:\/\/godisfabricabusiness.com\/wp-content\/uploads\/2024\/08\/IMG_5948-scaled.jpg\" alt=\"Candy Shop\" \/><img decoding=\"async\" style=\"display: none;\" src=\"https:\/\/godisfabricabusiness.com\/wp-content\/uploads\/2024\/08\/IMG_5948-scaled.jpg\" alt=\"Candy Shop\" \/><\/p>","protected":false},"excerpt":{"rendered":"<p>3 unidades - 25g<\/p>","protected":false},"featured_media":17885,"comment_status":"open","ping_status":"closed","template":"","meta":[],"product_brand":[],"product_cat":[243,225],"product_tag":[1549,230,1422,1144,1158,773,229,467,1526,1001,469,701,440,1425,1550,1348,1146,614,680,1525,1222,570,1356,1419,1548],"flavor":[412,411,417,419,422],"allergens":[426],"class_list":{"0":"post-17831","1":"product","2":"type-product","3":"status-publish","4":"has-post-thumbnail","6":"product_cat-chocolates-godis-fabrica","7":"product_cat-bulk-candy-godis-fabrica","8":"product_tag-chcolate-negro","9":"product_tag-chocolate","10":"product_tag-chocolate-con-leche","11":"product_tag-christmas","12":"product_tag-christmas-chocolate","13":"product_tag-dark-chocolate","14":"product_tag-fazer","15":"product_tag-fazer-blue","16":"product_tag-filled-chocolate","17":"product_tag-finland","18":"product_tag-finnish-chocolate","19":"product_tag-gelatin-free","20":"product_tag-jelly","21":"product_tag-karl-fazer","22":"product_tag-konvehti","23":"product_tag-natural","24":"product_tag-navidad","25":"product_tag-pear","26":"product_tag-pera","27":"product_tag-praline","28":"product_tag-sin-gelatina","29":"product_tag-suklaa","30":"product_tag-suomi","31":"product_tag-suomi-suklaa","32":"product_tag-tumma-suklaa","33":"flavor-chocolate","34":"flavor-fruity","35":"flavor-jelly","36":"flavor-palm-oil-free","37":"flavor-wrapped","38":"allergens-gelatin-free","40":"first","41":"outofstock","42":"taxable","43":"shipping-taxable","44":"purchasable","45":"product-type-simple"},"_links":{"self":[{"href":"https:\/\/godisfabricabusiness.com\/es\/wp-json\/wp\/v2\/product\/17831","targetHints":{"allow":["GET"]}}],"collection":[{"href":"https:\/\/godisfabricabusiness.com\/es\/wp-json\/wp\/v2\/product"}],"about":[{"href":"https:\/\/godisfabricabusiness.com\/es\/wp-json\/wp\/v2\/types\/product"}],"replies":[{"embeddable":true,"href":"https:\/\/godisfabricabusiness.com\/es\/wp-json\/wp\/v2\/comments?post=17831"}],"wp:featuredmedia":[{"embeddable":true,"href":"https:\/\/godisfabricabusiness.com\/es\/wp-json\/wp\/v2\/media\/17885"}],"wp:attachment":[{"href":"https:\/\/godisfabricabusiness.com\/es\/wp-json\/wp\/v2\/media?parent=17831"}],"wp:term":[{"taxonomy":"product_brand","embeddable":true,"href":"https:\/\/godisfabricabusiness.com\/es\/wp-json\/wp\/v2\/product_brand?post=17831"},{"taxonomy":"product_cat","embeddable":true,"href":"https:\/\/godisfabricabusiness.com\/es\/wp-json\/wp\/v2\/product_cat?post=17831"},{"taxonomy":"product_tag","embeddable":true,"href":"https:\/\/godisfabricabusiness.com\/es\/wp-json\/wp\/v2\/product_tag?post=17831"},{"taxonomy":"flavor","embeddable":true,"href":"https:\/\/godisfabricabusiness.com\/es\/wp-json\/wp\/v2\/flavor?post=17831"},{"taxonomy":"allergens","embeddable":true,"href":"https:\/\/godisfabricabusiness.com\/es\/wp-json\/wp\/v2\/allergens?post=17831"}],"curies":[{"name":"wp","href":"https:\/\/api.w.org\/{rel}","templated":true}]}}