{"id":17840,"date":"2025-10-14T22:33:52","date_gmt":"2025-10-14T20:33:52","guid":{"rendered":"https:\/\/godisfabricabusiness.com\/?post_type=product&#038;p=17840"},"modified":"2026-01-10T17:50:16","modified_gmt":"2026-01-10T16:50:16","slug":"dumle-happy-mix","status":"publish","type":"product","link":"https:\/\/godisfabricabusiness.com\/es\/producto\/dumle-happy-mix\/","title":{"rendered":"Dumle Mix Divertida"},"content":{"rendered":"<p data-start=\"95\" data-end=\"410\">Dumle Mix Divertida es tu nuevo snack favorito cuando el chocolate normal no es suficiente. Este ic\u00f3nico dulce finland\u00e9s combina un suave y el\u00e1stico caramelo toffee con sedoso chocolate con leche\u2026 \u00a1ahora con un toque diferente! Con Dumle Mix Divertida descubrir\u00e1s una mezcla divertida de sabores: pera, fudge y caramelo salado, que en teor\u00eda no deber\u00edan funcionar\u2026 pero lo hacen.<\/p>\n<p data-start=\"412\" data-end=\"600\">Es dulce, un poco inesperado y totalmente adictivo. Ya sea para compartir (\u00a1si puedes!) o para picar entre reuniones, Dumle Mix Divertida convierte cada momento en una peque\u00f1a celebraci\u00f3n. Felicidad envuelta en chocolate. Elaborado con cacao 100 % de origen responsable.<\/p>\n<div style=\"display: none;\">\n<h5 style=\"display: none;\">Frambuesa de Gelatina<\/h5>\n<h5><img decoding=\"async\" style=\"display: none;\" src=\"https:\/\/godisfabricabusiness.com\/wp-content\/uploads\/2024\/08\/IMG_5948-scaled.jpg\" alt=\"Candy Shop\" \/><\/h5>\n<p style=\"display: none;\">Shop delicious candies at our online candy shop in Spain. Explore a variety of sweets at Godisfabrica and enjoy fast delivery across Spain! &#8220;Shop your favorite candies at our online candy shop in Spain. Fast delivery, wide selection, and sweet deals await. Order now!&#8221; Shop online at Godisfabrica for the best candy in Spain. Discover delicious sweets, fast shipping, and premium quality treats today!<\/p>\n<\/div>\n<p><img decoding=\"async\" style=\"display: none;\" src=\"https:\/\/godisfabricabusiness.com\/wp-content\/uploads\/2024\/08\/IMG_5948-scaled.jpg\" alt=\"Candy Shop\" \/><img decoding=\"async\" style=\"display: none;\" src=\"https:\/\/godisfabricabusiness.com\/wp-content\/uploads\/2024\/08\/IMG_5948-scaled.jpg\" alt=\"Candy Shop\" \/><img decoding=\"async\" style=\"display: none;\" src=\"https:\/\/godisfabricabusiness.com\/wp-content\/uploads\/2024\/08\/IMG_5948-scaled.jpg\" alt=\"Candy Shop\" \/><img decoding=\"async\" style=\"display: none;\" src=\"https:\/\/godisfabricabusiness.com\/wp-content\/uploads\/2024\/08\/IMG_5948-scaled.jpg\" alt=\"Candy Shop\" \/><\/p>","protected":false},"excerpt":{"rendered":"<p>3 unidades - 25g<\/p>","protected":false},"featured_media":17969,"comment_status":"open","ping_status":"closed","template":"","meta":[],"product_brand":[],"product_cat":[243,225,294],"product_tag":[230,1422,1159,1144,1145,1158,1147,500,229,1551,1526,1001,469,481,701,1554,1425,1550,1348,1146,614,680,1525,1555,1222,570,1356,1419],"flavor":[416,412,411,419,422],"allergens":[426],"class_list":{"0":"post-17840","1":"product","2":"type-product","3":"status-publish","4":"has-post-thumbnail","6":"product_cat-chocolates-godis-fabrica","7":"product_cat-bulk-candy-godis-fabrica","8":"product_cat-top-50-godis-fabrica","9":"product_tag-chocolate","10":"product_tag-chocolate-con-leche","11":"product_tag-chocolate-de-navidad","12":"product_tag-christmas","13":"product_tag-christmas-candy","14":"product_tag-christmas-chocolate","15":"product_tag-chuches-de-navidad","16":"product_tag-dumle","17":"product_tag-fazer","18":"product_tag-fazer-dumle","19":"product_tag-filled-chocolate","20":"product_tag-finland","21":"product_tag-finnish-chocolate","22":"product_tag-fudge","23":"product_tag-gelatin-free","24":"product_tag-happy-mix","25":"product_tag-karl-fazer","26":"product_tag-konvehti","27":"product_tag-natural","28":"product_tag-navidad","29":"product_tag-pear","30":"product_tag-pera","31":"product_tag-praline","32":"product_tag-salty-caramel","33":"product_tag-sin-gelatina","34":"product_tag-suklaa","35":"product_tag-suomi","36":"product_tag-suomi-suklaa","37":"flavor-caramel-toffee","38":"flavor-chocolate","39":"flavor-fruity","40":"flavor-palm-oil-free","41":"flavor-wrapped","42":"allergens-gelatin-free","44":"first","45":"outofstock","46":"taxable","47":"shipping-taxable","48":"purchasable","49":"product-type-simple"},"_links":{"self":[{"href":"https:\/\/godisfabricabusiness.com\/es\/wp-json\/wp\/v2\/product\/17840","targetHints":{"allow":["GET"]}}],"collection":[{"href":"https:\/\/godisfabricabusiness.com\/es\/wp-json\/wp\/v2\/product"}],"about":[{"href":"https:\/\/godisfabricabusiness.com\/es\/wp-json\/wp\/v2\/types\/product"}],"replies":[{"embeddable":true,"href":"https:\/\/godisfabricabusiness.com\/es\/wp-json\/wp\/v2\/comments?post=17840"}],"wp:featuredmedia":[{"embeddable":true,"href":"https:\/\/godisfabricabusiness.com\/es\/wp-json\/wp\/v2\/media\/17969"}],"wp:attachment":[{"href":"https:\/\/godisfabricabusiness.com\/es\/wp-json\/wp\/v2\/media?parent=17840"}],"wp:term":[{"taxonomy":"product_brand","embeddable":true,"href":"https:\/\/godisfabricabusiness.com\/es\/wp-json\/wp\/v2\/product_brand?post=17840"},{"taxonomy":"product_cat","embeddable":true,"href":"https:\/\/godisfabricabusiness.com\/es\/wp-json\/wp\/v2\/product_cat?post=17840"},{"taxonomy":"product_tag","embeddable":true,"href":"https:\/\/godisfabricabusiness.com\/es\/wp-json\/wp\/v2\/product_tag?post=17840"},{"taxonomy":"flavor","embeddable":true,"href":"https:\/\/godisfabricabusiness.com\/es\/wp-json\/wp\/v2\/flavor?post=17840"},{"taxonomy":"allergens","embeddable":true,"href":"https:\/\/godisfabricabusiness.com\/es\/wp-json\/wp\/v2\/allergens?post=17840"}],"curies":[{"name":"wp","href":"https:\/\/api.w.org\/{rel}","templated":true}]}}