{"id":17897,"date":"2025-10-17T16:50:34","date_gmt":"2025-10-17T14:50:34","guid":{"rendered":"https:\/\/godisfabricabusiness.com\/?post_type=product&#038;p=17897"},"modified":"2026-01-10T17:50:16","modified_gmt":"2026-01-10T16:50:16","slug":"crunchy-caramel-nougat-bar","status":"publish","type":"product","link":"https:\/\/godisfabricabusiness.com\/es\/producto\/crunchy-caramel-nougat-bar\/","title":{"rendered":"Barrita Crujiente de Caramelo y Nougat"},"content":{"rendered":"<p data-start=\"186\" data-end=\"264\">Barrita Crujiente de Caramelo y Nougat \u2013 Dulce, crujiente e irresistible<\/p>\n<p data-start=\"266\" data-end=\"523\">Di hola a tu nueva obsesi\u00f3n para picar. La Barra Crujiente de Caramelo y Nougat de Karl Fazer re\u00fane al equipo so\u00f1ado: caramelo dulce, suave nougat de avellanas y aut\u00e9ntico chocolate con leche Fazer, todo envuelto en crujientes puff de trigo para ese toque perfecto de crunch. \u00bfNecesitas un chute de energ\u00eda? \u00bfMejorar el \u00e1nimo? \u00bfUna excusa para no compartir? Esta barra tiene todo lo que buscas. Y con dos generosos trozos en cada paquete, t\u00e9cnicamente es para compartir.. pero no juzgamos si te quedas con los dos.<\/p>\n<p data-start=\"736\" data-end=\"861\">Crujiente, cremosa y dulce perfecci\u00f3n \u2014 porque la vida es demasiado corta para snacks aburridos. Date un capricho. Te lo has ganado.<\/p>\n<div style=\"display: none;\">\n<h5 style=\"display: none;\">Frambuesa de Gelatina<\/h5>\n<h5><img decoding=\"async\" style=\"display: none;\" src=\"https:\/\/godisfabricabusiness.com\/wp-content\/uploads\/2024\/08\/IMG_5948-scaled.jpg\" alt=\"Candy Shop\" \/><\/h5>\n<p style=\"display: none;\">Shop delicious candies at our online candy shop in Spain. Explore a variety of sweets at Godisfabrica and enjoy fast delivery across Spain! &#8220;Shop your favorite candies at our online candy shop in Spain. Fast delivery, wide selection, and sweet deals await. Order now!&#8221; Shop online at Godisfabrica for the best candy in Spain. Discover delicious sweets, fast shipping, and premium quality treats today!<\/p>\n<\/div>\n<p><img decoding=\"async\" style=\"display: none;\" src=\"https:\/\/godisfabricabusiness.com\/wp-content\/uploads\/2024\/08\/IMG_5948-scaled.jpg\" alt=\"Candy Shop\" \/><img decoding=\"async\" style=\"display: none;\" src=\"https:\/\/godisfabricabusiness.com\/wp-content\/uploads\/2024\/08\/IMG_5948-scaled.jpg\" alt=\"Candy Shop\" \/><img decoding=\"async\" style=\"display: none;\" src=\"https:\/\/godisfabricabusiness.com\/wp-content\/uploads\/2024\/08\/IMG_5948-scaled.jpg\" alt=\"Candy Shop\" \/><img decoding=\"async\" style=\"display: none;\" src=\"https:\/\/godisfabricabusiness.com\/wp-content\/uploads\/2024\/08\/IMG_5948-scaled.jpg\" alt=\"Candy Shop\" \/><\/p>","protected":false},"excerpt":{"rendered":"<p>55g<\/p>","protected":false},"featured_media":17891,"comment_status":"open","ping_status":"closed","template":"","meta":[],"product_brand":[],"product_cat":[243,293],"product_tag":[986,227,580,230,454,1422,1418,462,779,229,1420,1529,469,1425,499,1348,433,468,570,1394,1419,226],"flavor":[416,412,422],"allergens":[426],"class_list":{"0":"post-17897","1":"product","2":"type-product","3":"status-publish","4":"has-post-thumbnail","6":"product_cat-chocolates-godis-fabrica","7":"product_cat-candy-bags-godis-fabrica","8":"product_tag-barra-de-chocolate","9":"product_tag-caramel","10":"product_tag-caramelo","11":"product_tag-chocolate","12":"product_tag-chocolate-bar","13":"product_tag-chocolate-con-leche","14":"product_tag-crujente","15":"product_tag-crunchy","16":"product_tag-crunchy-cereals","17":"product_tag-fazer","18":"product_tag-fazer-suklaa-patukka","19":"product_tag-finlandia","20":"product_tag-finnish-chocolate","21":"product_tag-karl-fazer","22":"product_tag-milk-chocolate","23":"product_tag-natural","24":"product_tag-nougat","25":"product_tag-original","26":"product_tag-suklaa","27":"product_tag-suklaa-patukka","28":"product_tag-suomi-suklaa","29":"product_tag-toffee","30":"flavor-caramel-toffee","31":"flavor-chocolate","32":"flavor-wrapped","33":"allergens-gelatin-free","35":"first","36":"outofstock","37":"taxable","38":"shipping-taxable","39":"purchasable","40":"product-type-simple"},"_links":{"self":[{"href":"https:\/\/godisfabricabusiness.com\/es\/wp-json\/wp\/v2\/product\/17897","targetHints":{"allow":["GET"]}}],"collection":[{"href":"https:\/\/godisfabricabusiness.com\/es\/wp-json\/wp\/v2\/product"}],"about":[{"href":"https:\/\/godisfabricabusiness.com\/es\/wp-json\/wp\/v2\/types\/product"}],"replies":[{"embeddable":true,"href":"https:\/\/godisfabricabusiness.com\/es\/wp-json\/wp\/v2\/comments?post=17897"}],"wp:featuredmedia":[{"embeddable":true,"href":"https:\/\/godisfabricabusiness.com\/es\/wp-json\/wp\/v2\/media\/17891"}],"wp:attachment":[{"href":"https:\/\/godisfabricabusiness.com\/es\/wp-json\/wp\/v2\/media?parent=17897"}],"wp:term":[{"taxonomy":"product_brand","embeddable":true,"href":"https:\/\/godisfabricabusiness.com\/es\/wp-json\/wp\/v2\/product_brand?post=17897"},{"taxonomy":"product_cat","embeddable":true,"href":"https:\/\/godisfabricabusiness.com\/es\/wp-json\/wp\/v2\/product_cat?post=17897"},{"taxonomy":"product_tag","embeddable":true,"href":"https:\/\/godisfabricabusiness.com\/es\/wp-json\/wp\/v2\/product_tag?post=17897"},{"taxonomy":"flavor","embeddable":true,"href":"https:\/\/godisfabricabusiness.com\/es\/wp-json\/wp\/v2\/flavor?post=17897"},{"taxonomy":"allergens","embeddable":true,"href":"https:\/\/godisfabricabusiness.com\/es\/wp-json\/wp\/v2\/allergens?post=17897"}],"curies":[{"name":"wp","href":"https:\/\/api.w.org\/{rel}","templated":true}]}}