{"id":17898,"date":"2025-10-17T17:05:56","date_gmt":"2025-10-17T15:05:56","guid":{"rendered":"https:\/\/godisfabricabusiness.com\/?post_type=product&#038;p=17898"},"modified":"2026-01-10T17:50:16","modified_gmt":"2026-01-10T16:50:16","slug":"salmiak-squares","status":"publish","type":"product","link":"https:\/\/godisfabricabusiness.com\/es\/producto\/salmiak-squares\/","title":{"rendered":"Cuadrados de Salmiak"},"content":{"rendered":"<p data-start=\"129\" data-end=\"190\">Cuadrados de Salmiak \u2013 El original salmiak de Halva desde 1960<\/p>\n<p data-start=\"192\" data-end=\"438\">Negros, intensos y sin complejos n\u00f3rdicos \u2014 los Cuadrados de Salmiak son un cl\u00e1sico aut\u00e9ntico para los amantes del regaliz salado. Elaborados por primera vez en 1960 en Helsinki, Finlandia, estos peque\u00f1os cuadrados masticables ofrecen una dosis pura de nostalgia salmiak en cada bocado. Hechos por Halva, los maestros originales del salmiak finland\u00e9s, estos caramelos no son para los d\u00e9biles de paladar, pero s\u00ed perfectos para los fans del sabor fuerte, salado y ese rollo cl\u00e1sico de los dulces de toda la vida. O los amas o los temes \u2014 pero de cualquier manera, son legendarios. Aut\u00e9ntico salmiak finland\u00e9s.<\/p>\n<div><\/div>","protected":false},"excerpt":{"rendered":"<p>6 unidades - 24g<\/p>","protected":false},"featured_media":17879,"comment_status":"open","ping_status":"closed","template":"","meta":[],"product_brand":[],"product_cat":[225],"product_tag":[621,583,1239,1352,1561,1560,1562,236,529,622,677,1563,1565,732,1413,517,516,561,1564,1356],"flavor":[413,414],"allergens":[],"class_list":{"0":"post-17898","1":"product","2":"type-product","3":"status-publish","4":"has-post-thumbnail","6":"product_cat-bulk-candy-godis-fabrica","7":"product_tag-black-candy","8":"product_tag-chewy","9":"product_tag-chewy-candy","10":"product_tag-finnish-candy","11":"product_tag-finnish-salmiak","12":"product_tag-halva","13":"product_tag-halva-salmiakki","14":"product_tag-licorice","15":"product_tag-liquorice","16":"product_tag-negro","17":"product_tag-regaliz","18":"product_tag-ruudut","19":"product_tag-salada","20":"product_tag-salado","21":"product_tag-salmiac","22":"product_tag-salmiak","23":"product_tag-salmiakki","24":"product_tag-salty","25":"product_tag-squares","26":"product_tag-suomi","27":"flavor-liquorice","28":"flavor-salty","30":"first","31":"outofstock","32":"taxable","33":"shipping-taxable","34":"purchasable","35":"product-type-simple"},"_links":{"self":[{"href":"https:\/\/godisfabricabusiness.com\/es\/wp-json\/wp\/v2\/product\/17898","targetHints":{"allow":["GET"]}}],"collection":[{"href":"https:\/\/godisfabricabusiness.com\/es\/wp-json\/wp\/v2\/product"}],"about":[{"href":"https:\/\/godisfabricabusiness.com\/es\/wp-json\/wp\/v2\/types\/product"}],"replies":[{"embeddable":true,"href":"https:\/\/godisfabricabusiness.com\/es\/wp-json\/wp\/v2\/comments?post=17898"}],"wp:featuredmedia":[{"embeddable":true,"href":"https:\/\/godisfabricabusiness.com\/es\/wp-json\/wp\/v2\/media\/17879"}],"wp:attachment":[{"href":"https:\/\/godisfabricabusiness.com\/es\/wp-json\/wp\/v2\/media?parent=17898"}],"wp:term":[{"taxonomy":"product_brand","embeddable":true,"href":"https:\/\/godisfabricabusiness.com\/es\/wp-json\/wp\/v2\/product_brand?post=17898"},{"taxonomy":"product_cat","embeddable":true,"href":"https:\/\/godisfabricabusiness.com\/es\/wp-json\/wp\/v2\/product_cat?post=17898"},{"taxonomy":"product_tag","embeddable":true,"href":"https:\/\/godisfabricabusiness.com\/es\/wp-json\/wp\/v2\/product_tag?post=17898"},{"taxonomy":"flavor","embeddable":true,"href":"https:\/\/godisfabricabusiness.com\/es\/wp-json\/wp\/v2\/flavor?post=17898"},{"taxonomy":"allergens","embeddable":true,"href":"https:\/\/godisfabricabusiness.com\/es\/wp-json\/wp\/v2\/allergens?post=17898"}],"curies":[{"name":"wp","href":"https:\/\/api.w.org\/{rel}","templated":true}]}}