{"id":17900,"date":"2025-10-17T18:10:15","date_gmt":"2025-10-17T16:10:15","guid":{"rendered":"https:\/\/godisfabricabusiness.com\/?post_type=product&#038;p=17900"},"modified":"2026-01-10T17:50:16","modified_gmt":"2026-01-10T16:50:16","slug":"original-soft-liquorice","status":"publish","type":"product","link":"https:\/\/godisfabricabusiness.com\/es\/producto\/original-soft-liquorice\/","title":{"rendered":"Regaliz Blando Original"},"content":{"rendered":"<p data-start=\"139\" data-end=\"220\">Regaliz Blando Original \u2013 \u00a1Simplemente la mejor regaliz del mundo!<\/p>\n<p data-start=\"222\" data-end=\"493\">\u00bfTe apetece algo dulce, suave y con un sabor inconfundible? Descubre el Regaliz Blando Original, la aut\u00e9ntica regaliz de Kouvola, Finlandia, elaborada con una receta nacida en 1945 y perfeccionada en 1960 por el experto brit\u00e1nico en regaliz H. Knoch. \u00a1Diplomacia del sabor en su m\u00e1xima expresi\u00f3n!<\/p>\n<p data-start=\"495\" data-end=\"681\">Esto es lo que la regaliz deber\u00eda ser: rica, masticable y con el dulzor justo. Sin sabores raros, sin artificios, solo pura nostalgia hecha caramelo, con tradici\u00f3n y orgullo finland\u00e9s. Tanto si eres fan de la regaliz de toda la vida como si apenas la est\u00e1s descubriendo, el Regaliz Blando Original (Kouvolan Lakritsi) conquistar\u00e1 tu paladar\u2026 y tu caj\u00f3n de snacks. Cl\u00e1sica, tierna y totalmente adictiva. Pru\u00e9bala y sabr\u00e1s c\u00f3mo debe saber la regaliz de verdad.<\/p>\n<div style=\"display: none;\">\n<h5 style=\"display: none;\">Frambuesa de Gelatina<\/h5>\n<h5><img decoding=\"async\" style=\"display: none;\" src=\"https:\/\/godisfabricabusiness.com\/wp-content\/uploads\/2024\/08\/IMG_5948-scaled.jpg\" alt=\"Candy Shop\" \/><\/h5>\n<p style=\"display: none;\">Shop delicious candies at our online candy shop in Spain. Explore a variety of sweets at Godisfabrica and enjoy fast delivery across Spain! &#8220;Shop your favorite candies at our online candy shop in Spain. Fast delivery, wide selection, and sweet deals await. Order now!&#8221; Shop online at Godisfabrica for the best candy in Spain. Discover delicious sweets, fast shipping, and premium quality treats today!<\/p>\n<\/div>\n<div style=\"display: none;\">\n<h5 style=\"display: none;\">Raspberry<\/h5>\n<h5><img decoding=\"async\" style=\"display: none;\" src=\"https:\/\/godisfabricabusiness.com\/wp-content\/uploads\/2024\/08\/IMG_5948-scaled.jpg\" alt=\"Candy Shop\" \/><\/h5>\n<p style=\"display: none;\">Shop delicious candies at our online candy shop in Spain. Explore a variety of sweets at Godisfabrica and enjoy fast delivery across Spain! &#8220;Shop your favorite candies at our online candy shop in Spain. Fast delivery, wide selection, and sweet deals await. Order now!&#8221; Shop online at Godisfabrica for the best candy in Spain. Discover delicious sweets, fast shipping, and premium quality treats today!<\/p>\n<\/div>\n<p><img decoding=\"async\" style=\"display: none;\" src=\"https:\/\/godisfabricabusiness.com\/wp-content\/uploads\/2024\/08\/IMG_5948-scaled.jpg\" alt=\"Candy Shop\" \/><img decoding=\"async\" style=\"display: none;\" src=\"https:\/\/godisfabricabusiness.com\/wp-content\/uploads\/2024\/08\/IMG_5948-scaled.jpg\" alt=\"Candy Shop\" \/><\/p>","protected":false},"excerpt":{"rendered":"<p>3 unidades - 25g<\/p>","protected":false},"featured_media":17878,"comment_status":"open","ping_status":"closed","template":"","meta":[],"product_brand":[],"product_cat":[225,290],"product_tag":[1571,620,1353,1540,537,508,533,1539,1568,559,236,529,1348,622,1567,1570,677,1569,1455,1058,1061,291,445,1573,1504,607,1572],"flavor":[413],"allergens":[426,425],"class_list":{"0":"post-17900","1":"product","2":"type-product","3":"status-publish","4":"has-post-thumbnail","6":"product_cat-bulk-candy-godis-fabrica","7":"product_cat-vegan-products-godis-fabrica","8":"product_tag-best","9":"product_tag-black","10":"product_tag-bold-licorice","11":"product_tag-chuches-de-halloween","12":"product_tag-chuches-veganas","13":"product_tag-fruit","14":"product_tag-halloween","15":"product_tag-halloween-candy","16":"product_tag-kouvolan-lakritsi","17":"product_tag-lakritsi","18":"product_tag-licorice","19":"product_tag-liquorice","20":"product_tag-natural","21":"product_tag-negro","22":"product_tag-original-liquorice","23":"product_tag-real","24":"product_tag-regaliz","25":"product_tag-regaliz-real","26":"product_tag-regaliz-vegana","27":"product_tag-soft","28":"product_tag-suave","29":"product_tag-vegan","30":"product_tag-vegan-candy","31":"product_tag-vegan-liquorice","32":"product_tag-vegana","33":"product_tag-vegano","34":"product_tag-winner","35":"flavor-liquorice","36":"allergens-gelatin-free","37":"allergens-vegan","39":"first","40":"outofstock","41":"taxable","42":"shipping-taxable","43":"purchasable","44":"product-type-simple"},"_links":{"self":[{"href":"https:\/\/godisfabricabusiness.com\/es\/wp-json\/wp\/v2\/product\/17900","targetHints":{"allow":["GET"]}}],"collection":[{"href":"https:\/\/godisfabricabusiness.com\/es\/wp-json\/wp\/v2\/product"}],"about":[{"href":"https:\/\/godisfabricabusiness.com\/es\/wp-json\/wp\/v2\/types\/product"}],"replies":[{"embeddable":true,"href":"https:\/\/godisfabricabusiness.com\/es\/wp-json\/wp\/v2\/comments?post=17900"}],"wp:featuredmedia":[{"embeddable":true,"href":"https:\/\/godisfabricabusiness.com\/es\/wp-json\/wp\/v2\/media\/17878"}],"wp:attachment":[{"href":"https:\/\/godisfabricabusiness.com\/es\/wp-json\/wp\/v2\/media?parent=17900"}],"wp:term":[{"taxonomy":"product_brand","embeddable":true,"href":"https:\/\/godisfabricabusiness.com\/es\/wp-json\/wp\/v2\/product_brand?post=17900"},{"taxonomy":"product_cat","embeddable":true,"href":"https:\/\/godisfabricabusiness.com\/es\/wp-json\/wp\/v2\/product_cat?post=17900"},{"taxonomy":"product_tag","embeddable":true,"href":"https:\/\/godisfabricabusiness.com\/es\/wp-json\/wp\/v2\/product_tag?post=17900"},{"taxonomy":"flavor","embeddable":true,"href":"https:\/\/godisfabricabusiness.com\/es\/wp-json\/wp\/v2\/flavor?post=17900"},{"taxonomy":"allergens","embeddable":true,"href":"https:\/\/godisfabricabusiness.com\/es\/wp-json\/wp\/v2\/allergens?post=17900"}],"curies":[{"name":"wp","href":"https:\/\/api.w.org\/{rel}","templated":true}]}}