{"id":17904,"date":"2025-10-17T19:52:37","date_gmt":"2025-10-17T17:52:37","guid":{"rendered":"https:\/\/godisfabricabusiness.com\/?post_type=product&#038;p=17904"},"modified":"2026-01-10T17:50:16","modified_gmt":"2026-01-10T16:50:16","slug":"marianne-toffee","status":"publish","type":"product","link":"https:\/\/godisfabricabusiness.com\/es\/producto\/marianne-toffee\/","title":{"rendered":"Marianne de Caramel"},"content":{"rendered":"<p data-start=\"84\" data-end=\"150\">Marianne de Caramel \u2013 \u00a1Un cl\u00e1sico fresco con una dulce sorpresa dentro!<\/p>\n<p data-start=\"152\" data-end=\"421\">\u00bfTe encanta el toque fresco de los caramelos originales Marianne? Pues prep\u00e1rate para conocer a su primo m\u00e1s dulce: \u00a1Marianne de Caramel! Cubiertos con las ic\u00f3nicas rayas azul y blanco, cada caramelo esconde una crujiente capa de menta y un suave centro de caramelo dorado que se derrite en la boca. Perfectos para acompa\u00f1ar tu caf\u00e9, compartir momentos dulces con amigos o para colarte uno (o tres) cuando nadie mira. Adem\u00e1s, son sin gluten y bajos en lactosa.<\/p>\n<p data-start=\"613\" data-end=\"850\">\u00bfConoces la dulce historia de Marianne? Seguro que no\u2026 \u00e9chale un vistazo a la p\u00e1gina del producto de la Marianne original y descubre m\u00e1s. Menta, dulzura y pura leyenda. Descubre la magia de Marianne\u2026 \u00a1ahora con un toque de caramelo!<\/p>\n<div style=\"display: none;\">\n<h5 style=\"display: none;\">Frambuesa de Gelatina<\/h5>\n<h5><img decoding=\"async\" style=\"display: none;\" src=\"https:\/\/godisfabricabusiness.com\/wp-content\/uploads\/2024\/08\/IMG_5948-scaled.jpg\" alt=\"Candy Shop\" \/><\/h5>\n<p style=\"display: none;\">Shop delicious candies at our online candy shop in Spain. Explore a variety of sweets at Godisfabrica and enjoy fast delivery across Spain! &#8220;Shop your favorite candies at our online candy shop in Spain. Fast delivery, wide selection, and sweet deals await. Order now!&#8221; Shop online at Godisfabrica for the best candy in Spain. Discover delicious sweets, fast shipping, and premium quality treats today!<\/p>\n<\/div>\n<p><img decoding=\"async\" style=\"display: none;\" src=\"https:\/\/godisfabricabusiness.com\/wp-content\/uploads\/2024\/08\/IMG_5948-scaled.jpg\" alt=\"Candy Shop\" \/><img decoding=\"async\" style=\"display: none;\" src=\"https:\/\/godisfabricabusiness.com\/wp-content\/uploads\/2024\/08\/IMG_5948-scaled.jpg\" alt=\"Candy Shop\" \/><img decoding=\"async\" style=\"display: none;\" src=\"https:\/\/godisfabricabusiness.com\/wp-content\/uploads\/2024\/08\/IMG_5948-scaled.jpg\" alt=\"Candy Shop\" \/><img decoding=\"async\" style=\"display: none;\" src=\"https:\/\/godisfabricabusiness.com\/wp-content\/uploads\/2024\/08\/IMG_5948-scaled.jpg\" alt=\"Candy Shop\" \/><\/p>","protected":false},"excerpt":{"rendered":"<p>3 unidades \u2013 24g<\/p>","protected":false},"featured_media":17966,"comment_status":"open","ping_status":"closed","template":"","meta":[],"product_brand":[],"product_cat":[225],"product_tag":[227,1158,1147,229,1001,469,1581,1425,1139,1135,721,1582,689,1580,1348,1146,1374,1525,1356,226,487],"flavor":[416,420,422],"allergens":[426,428],"class_list":{"0":"post-17904","1":"product","2":"type-product","3":"status-publish","4":"has-post-thumbnail","6":"product_cat-bulk-candy-godis-fabrica","7":"product_tag-caramel","8":"product_tag-christmas-chocolate","9":"product_tag-chuches-de-navidad","10":"product_tag-fazer","11":"product_tag-finland","12":"product_tag-finnish-chocolate","13":"product_tag-golden","14":"product_tag-karl-fazer","15":"product_tag-lujo","16":"product_tag-luxury","17":"product_tag-marianne","18":"product_tag-marianne-toffee","19":"product_tag-menta","20":"product_tag-menta-dulce","21":"product_tag-natural","22":"product_tag-navidad","23":"product_tag-peppermint","24":"product_tag-praline","25":"product_tag-suomi","26":"product_tag-toffee","27":"product_tag-white","28":"flavor-caramel-toffee","29":"flavor-mint","30":"flavor-wrapped","31":"allergens-gelatin-free","32":"allergens-gluten-free","34":"first","35":"outofstock","36":"taxable","37":"shipping-taxable","38":"purchasable","39":"product-type-simple"},"_links":{"self":[{"href":"https:\/\/godisfabricabusiness.com\/es\/wp-json\/wp\/v2\/product\/17904","targetHints":{"allow":["GET"]}}],"collection":[{"href":"https:\/\/godisfabricabusiness.com\/es\/wp-json\/wp\/v2\/product"}],"about":[{"href":"https:\/\/godisfabricabusiness.com\/es\/wp-json\/wp\/v2\/types\/product"}],"replies":[{"embeddable":true,"href":"https:\/\/godisfabricabusiness.com\/es\/wp-json\/wp\/v2\/comments?post=17904"}],"wp:featuredmedia":[{"embeddable":true,"href":"https:\/\/godisfabricabusiness.com\/es\/wp-json\/wp\/v2\/media\/17966"}],"wp:attachment":[{"href":"https:\/\/godisfabricabusiness.com\/es\/wp-json\/wp\/v2\/media?parent=17904"}],"wp:term":[{"taxonomy":"product_brand","embeddable":true,"href":"https:\/\/godisfabricabusiness.com\/es\/wp-json\/wp\/v2\/product_brand?post=17904"},{"taxonomy":"product_cat","embeddable":true,"href":"https:\/\/godisfabricabusiness.com\/es\/wp-json\/wp\/v2\/product_cat?post=17904"},{"taxonomy":"product_tag","embeddable":true,"href":"https:\/\/godisfabricabusiness.com\/es\/wp-json\/wp\/v2\/product_tag?post=17904"},{"taxonomy":"flavor","embeddable":true,"href":"https:\/\/godisfabricabusiness.com\/es\/wp-json\/wp\/v2\/flavor?post=17904"},{"taxonomy":"allergens","embeddable":true,"href":"https:\/\/godisfabricabusiness.com\/es\/wp-json\/wp\/v2\/allergens?post=17904"}],"curies":[{"name":"wp","href":"https:\/\/api.w.org\/{rel}","templated":true}]}}