{"id":17916,"date":"2025-10-18T23:33:12","date_gmt":"2025-10-18T21:33:12","guid":{"rendered":"https:\/\/godisfabricabusiness.com\/?post_type=product&#038;p=17916"},"modified":"2026-01-10T17:50:16","modified_gmt":"2026-01-10T16:50:16","slug":"foam-chocolate-santa","status":"publish","type":"product","link":"https:\/\/godisfabricabusiness.com\/es\/producto\/foam-chocolate-santa\/","title":{"rendered":"Nubes Pap\u00e1 Noel con Chocolate"},"content":{"rendered":"<p data-start=\"192\" data-end=\"251\">Nubes Pap\u00e1 Noel con Chocolate \u2013 \u00a1Pap\u00e1 Noel se cay\u00f3 en la olla de chocolate!<\/p>\n<p data-start=\"253\" data-end=\"555\">\u00a1Prep\u00e1rate para hacer tintinear tus papilas! Las Nubes Pap\u00e1 Noel con Chocolate son el dulce navide\u00f1o que no sab\u00edas que necesitabas\u2026 \u00a1hasta ahora! Estos adorables dulces con forma de Pap\u00e1 Noel combinan esponjosa nube de fresa con una deliciosa cobertura de suave chocolate con leche. \u00a1Es como la alegr\u00eda de la Navidad en cada bocado!<\/p>\n<p data-start=\"557\" data-end=\"772\">Perfectas para rellenar calcetines, repartir en fiestas navide\u00f1as o simplemente disfrutar de un capricho secreto, esta maravillosa combinaci\u00f3n de nube frutal y chocolate cremoso garantiza triunfar en cualquier momento. No pierdas la oportunidad de descubrir la magia de las Nubes Pap\u00e1 Noel con Chocolate\u2026 \u00a1porque Pap\u00e1 Noel sabe a\u00fan mejor cuando est\u00e1 cubierto de chocolate!<\/p>\n<div style=\"display: none;\">\n<h5 style=\"display: none;\">Pl\u00e1tanos Salados<\/h5>\n<h5><img decoding=\"async\" style=\"display: none;\" src=\"https:\/\/godisfabricabusiness.com\/wp-content\/uploads\/2024\/08\/IMG_5948-scaled.jpg\" alt=\"Candy Shop\" \/><\/h5>\n<p style=\"display: none;\">Shop delicious candies at our online candy shop in Spain. Explore a variety of sweets at Godisfabrica and enjoy fast delivery across Spain! &#8220;Shop your favorite candies at our online candy shop in Spain. Fast delivery, wide selection, and sweet deals await. Order now!&#8221; Shop online at Godisfabrica for the best candy in Spain. Discover delicious sweets, fast shipping, and premium quality treats today!<\/p>\n<\/div>\n<div style=\"display: none;\">\n<h5 style=\"display: none;\">Pl\u00e1tanos Salados<\/h5>\n<h5><img decoding=\"async\" style=\"display: none;\" src=\"https:\/\/godisfabricabusiness.com\/wp-content\/uploads\/2024\/08\/IMG_5948-scaled.jpg\" alt=\"Candy Shop\" \/><\/h5>\n<p style=\"display: none;\">Shop delicious candies at our online candy shop in Spain. Explore a variety of sweets at Godisfabrica and enjoy fast delivery across Spain! &#8220;Shop your favorite candies at our online candy shop in Spain. Fast delivery, wide selection, and sweet deals await. Order now!&#8221; Shop online at Godisfabrica for the best candy in Spain. Discover delicious sweets, fast shipping, and premium quality treats today!<\/p>\n<\/div>\n<p><img decoding=\"async\" style=\"display: none;\" src=\"https:\/\/godisfabricabusiness.com\/wp-content\/uploads\/2024\/08\/IMG_5948-scaled.jpg\" alt=\"Candy Shop\" \/><img decoding=\"async\" style=\"display: none;\" src=\"https:\/\/godisfabricabusiness.com\/wp-content\/uploads\/2024\/08\/IMG_5948-scaled.jpg\" alt=\"Candy Shop\" \/><\/p>\n<p style=\"display: none;\">Shop delicious candies at our online candy shop in Spain. Explore a variety of sweets at Godisfabrica and enjoy fast delivery across Spain! &#8220;Shop your favorite candies at our online candy shop in Spain. Fast delivery, wide selection, and sweet deals await. Order now!&#8221; Shop online at Godisfabrica for the best candy in Spain. Discover delicious sweets, fast shipping, and premium quality treats today!<\/p>","protected":false},"excerpt":{"rendered":"<p>2 unidades \u2013 23g<\/p>","protected":false},"featured_media":18193,"comment_status":"open","ping_status":"closed","template":"","meta":[],"product_brand":[],"product_cat":[225,243],"product_tag":[613,475,887,230,1315,651,1289,478,1314,736,1287,443,738,735,508,507,813,702,1288,610,1290,1316],"flavor":[412,410],"allergens":[428],"class_list":{"0":"post-17916","1":"product","2":"type-product","3":"status-publish","4":"has-post-thumbnail","6":"product_cat-bulk-candy-godis-fabrica","7":"product_cat-chocolates-godis-fabrica","8":"product_tag-banaani","9":"product_tag-banana","10":"product_tag-banana-shape","11":"product_tag-chocolate","12":"product_tag-chocolate-banana","13":"product_tag-chocolate-cover","14":"product_tag-chuches-platano","15":"product_tag-classic","16":"product_tag-cubierto-chocolate","17":"product_tag-espuma","18":"product_tag-espuma-firme","19":"product_tag-foam","20":"product_tag-foam-candy","21":"product_tag-foamy","22":"product_tag-fruit","23":"product_tag-fruity","24":"product_tag-fruity-candy","25":"product_tag-new","26":"product_tag-nube","27":"product_tag-platano","28":"product_tag-sabor-platano","29":"product_tag-suklaa-banaani","30":"flavor-chocolate","31":"flavor-foam","32":"allergens-gluten-free","34":"first","35":"outofstock","36":"taxable","37":"shipping-taxable","38":"purchasable","39":"product-type-simple"},"_links":{"self":[{"href":"https:\/\/godisfabricabusiness.com\/es\/wp-json\/wp\/v2\/product\/17916","targetHints":{"allow":["GET"]}}],"collection":[{"href":"https:\/\/godisfabricabusiness.com\/es\/wp-json\/wp\/v2\/product"}],"about":[{"href":"https:\/\/godisfabricabusiness.com\/es\/wp-json\/wp\/v2\/types\/product"}],"replies":[{"embeddable":true,"href":"https:\/\/godisfabricabusiness.com\/es\/wp-json\/wp\/v2\/comments?post=17916"}],"wp:featuredmedia":[{"embeddable":true,"href":"https:\/\/godisfabricabusiness.com\/es\/wp-json\/wp\/v2\/media\/18193"}],"wp:attachment":[{"href":"https:\/\/godisfabricabusiness.com\/es\/wp-json\/wp\/v2\/media?parent=17916"}],"wp:term":[{"taxonomy":"product_brand","embeddable":true,"href":"https:\/\/godisfabricabusiness.com\/es\/wp-json\/wp\/v2\/product_brand?post=17916"},{"taxonomy":"product_cat","embeddable":true,"href":"https:\/\/godisfabricabusiness.com\/es\/wp-json\/wp\/v2\/product_cat?post=17916"},{"taxonomy":"product_tag","embeddable":true,"href":"https:\/\/godisfabricabusiness.com\/es\/wp-json\/wp\/v2\/product_tag?post=17916"},{"taxonomy":"flavor","embeddable":true,"href":"https:\/\/godisfabricabusiness.com\/es\/wp-json\/wp\/v2\/flavor?post=17916"},{"taxonomy":"allergens","embeddable":true,"href":"https:\/\/godisfabricabusiness.com\/es\/wp-json\/wp\/v2\/allergens?post=17916"}],"curies":[{"name":"wp","href":"https:\/\/api.w.org\/{rel}","templated":true}]}}