{"id":17918,"date":"2025-10-18T23:46:40","date_gmt":"2025-10-18T21:46:40","guid":{"rendered":"https:\/\/godisfabricabusiness.com\/?post_type=product&#038;p=17918"},"modified":"2026-01-10T17:50:16","modified_gmt":"2026-01-10T16:50:16","slug":"foam-santa-juleskum","status":"publish","type":"product","link":"https:\/\/godisfabricabusiness.com\/es\/producto\/foam-santa-juleskum\/","title":{"rendered":"Nubes Pap\u00e1 Noel"},"content":{"rendered":"<p data-start=\"174\" data-end=\"240\">Nubes Pap\u00e1 Noel (Juleskum) \u2013 \u00a1El dulce navide\u00f1o m\u00e1s ic\u00f3nico!<\/p>\n<p data-start=\"242\" data-end=\"612\">Da la bienvenida al snack de Pap\u00e1 Noel que lleva conquistando corazones en Suecia durante d\u00e9cadas: el original Foam Santa de Cloetta (Juleskum). Estas suaves nubes con sabor a fresa y vainilla son, literalmente, la Navidad convertida en chuche. Esponjosas, dulces y llenas de esp\u00edritu festivo, son el capricho perfecto para las fiestas (\u00a1o para cualquier momento en que necesites un poco de alegr\u00eda navide\u00f1a!).<\/p>\n<p data-start=\"614\" data-end=\"925\">Ya sea para rellenar calcetines, decorar casitas de jengibre o acapararlas como un elfo con sobredosis de az\u00facar, las Nubes Pap\u00e1 Noel traen diversi\u00f3n navide\u00f1a en cada bocado. Es el tipo de dulce que te hace volver a creer en la magia de la Navidad\u2026 solo que esta vez sabe a fresa y es deliciosamente blandito.<\/p>\n<div style=\"display: none;\">\n<h5 style=\"display: none;\">Pl\u00e1tanos Salados<\/h5>\n<h5><img decoding=\"async\" style=\"display: none;\" src=\"https:\/\/godisfabricabusiness.com\/wp-content\/uploads\/2024\/08\/IMG_5948-scaled.jpg\" alt=\"Candy Shop\" \/><\/h5>\n<p style=\"display: none;\">Shop delicious candies at our online candy shop in Spain. Explore a variety of sweets at Godisfabrica and enjoy fast delivery across Spain! &#8220;Shop your favorite candies at our online candy shop in Spain. Fast delivery, wide selection, and sweet deals await. Order now!&#8221; Shop online at Godisfabrica for the best candy in Spain. Discover delicious sweets, fast shipping, and premium quality treats today!<\/p>\n<\/div>\n<div style=\"display: none;\">\n<h5 style=\"display: none;\">Pl\u00e1tanos Salados<\/h5>\n<h5><img decoding=\"async\" style=\"display: none;\" src=\"https:\/\/godisfabricabusiness.com\/wp-content\/uploads\/2024\/08\/IMG_5948-scaled.jpg\" alt=\"Candy Shop\" \/><\/h5>\n<p style=\"display: none;\">Shop delicious candies at our online candy shop in Spain. Explore a variety of sweets at Godisfabrica and enjoy fast delivery across Spain! &#8220;Shop your favorite candies at our online candy shop in Spain. Fast delivery, wide selection, and sweet deals await. Order now!&#8221; Shop online at Godisfabrica for the best candy in Spain. Discover delicious sweets, fast shipping, and premium quality treats today!<\/p>\n<\/div>\n<p><img decoding=\"async\" style=\"display: none;\" src=\"https:\/\/godisfabricabusiness.com\/wp-content\/uploads\/2024\/08\/IMG_5948-scaled.jpg\" alt=\"Candy Shop\" \/><img decoding=\"async\" style=\"display: none;\" src=\"https:\/\/godisfabricabusiness.com\/wp-content\/uploads\/2024\/08\/IMG_5948-scaled.jpg\" alt=\"Candy Shop\" \/><\/p>\n<p style=\"display: none;\">Shop delicious candies at our online candy shop in Spain. Explore a variety of sweets at Godisfabrica and enjoy fast delivery across Spain! &#8220;Shop your favorite candies at our online candy shop in Spain. Fast delivery, wide selection, and sweet deals await. Order now!&#8221; Shop online at Godisfabrica for the best candy in Spain. Discover delicious sweets, fast shipping, and premium quality treats today!<\/p>","protected":false},"excerpt":{"rendered":"<p>3 unidades \u2013 21g<\/p>","protected":false},"featured_media":18110,"comment_status":"open","ping_status":"closed","template":"","meta":[],"product_brand":[],"product_cat":[225],"product_tag":[230,1144,1145,1147,478,736,1287,443,738,735,615,508,507,813,1589,1091,1146,1288,1591,1590,522,231,748],"flavor":[410,411],"allergens":[],"class_list":{"0":"post-17918","1":"product","2":"type-product","3":"status-publish","4":"has-post-thumbnail","6":"product_cat-bulk-candy-godis-fabrica","7":"product_tag-chocolate","8":"product_tag-christmas","9":"product_tag-christmas-candy","10":"product_tag-chuches-de-navidad","11":"product_tag-classic","12":"product_tag-espuma","13":"product_tag-espuma-firme","14":"product_tag-foam","15":"product_tag-foam-candy","16":"product_tag-foamy","17":"product_tag-fresa","18":"product_tag-fruit","19":"product_tag-fruity","20":"product_tag-fruity-candy","21":"product_tag-juleskum","22":"product_tag-marshmallow","23":"product_tag-navidad","24":"product_tag-nube","25":"product_tag-papa-noel","26":"product_tag-santa","27":"product_tag-strawberry","28":"product_tag-vanilla","29":"product_tag-vanilla-foam","30":"flavor-foam","31":"flavor-fruity","33":"first","34":"outofstock","35":"taxable","36":"shipping-taxable","37":"purchasable","38":"product-type-simple"},"_links":{"self":[{"href":"https:\/\/godisfabricabusiness.com\/es\/wp-json\/wp\/v2\/product\/17918","targetHints":{"allow":["GET"]}}],"collection":[{"href":"https:\/\/godisfabricabusiness.com\/es\/wp-json\/wp\/v2\/product"}],"about":[{"href":"https:\/\/godisfabricabusiness.com\/es\/wp-json\/wp\/v2\/types\/product"}],"replies":[{"embeddable":true,"href":"https:\/\/godisfabricabusiness.com\/es\/wp-json\/wp\/v2\/comments?post=17918"}],"wp:featuredmedia":[{"embeddable":true,"href":"https:\/\/godisfabricabusiness.com\/es\/wp-json\/wp\/v2\/media\/18110"}],"wp:attachment":[{"href":"https:\/\/godisfabricabusiness.com\/es\/wp-json\/wp\/v2\/media?parent=17918"}],"wp:term":[{"taxonomy":"product_brand","embeddable":true,"href":"https:\/\/godisfabricabusiness.com\/es\/wp-json\/wp\/v2\/product_brand?post=17918"},{"taxonomy":"product_cat","embeddable":true,"href":"https:\/\/godisfabricabusiness.com\/es\/wp-json\/wp\/v2\/product_cat?post=17918"},{"taxonomy":"product_tag","embeddable":true,"href":"https:\/\/godisfabricabusiness.com\/es\/wp-json\/wp\/v2\/product_tag?post=17918"},{"taxonomy":"flavor","embeddable":true,"href":"https:\/\/godisfabricabusiness.com\/es\/wp-json\/wp\/v2\/flavor?post=17918"},{"taxonomy":"allergens","embeddable":true,"href":"https:\/\/godisfabricabusiness.com\/es\/wp-json\/wp\/v2\/allergens?post=17918"}],"curies":[{"name":"wp","href":"https:\/\/api.w.org\/{rel}","templated":true}]}}