{"id":17921,"date":"2025-10-20T10:58:12","date_gmt":"2025-10-20T08:58:12","guid":{"rendered":"https:\/\/godisfabricabusiness.com\/?post_type=product&#038;p=17921"},"modified":"2026-01-10T17:50:16","modified_gmt":"2026-01-10T16:50:16","slug":"jelly-mandarin","status":"publish","type":"product","link":"https:\/\/godisfabricabusiness.com\/es\/producto\/jelly-mandarin\/","title":{"rendered":"Mandarina de Gelatina"},"content":{"rendered":"<p data-start=\"178\" data-end=\"257\">Mandarina de Gelatina \u2013 \u00a1Dulce sol en cada bocado!<\/p>\n<p data-start=\"259\" data-end=\"508\">Las Mandarinas de Gelatina cubiertas de az\u00facar traen alegr\u00eda tanto a tus papilas como a tus ojos. Estos brillantes caramelos de gelatina capturan la frescura jugosa de las mandarinas maduras al sol: b\u00e1sicamente, son peque\u00f1os bocados de felicidad c\u00edtrica masticable.<\/p>\n<p data-start=\"510\" data-end=\"672\">Brillantes, frutales y peligrosamente deliciosas, son perfectas para amantes de las chuches, coleccionistas de snacks o cualquiera que desee embotellar el sol (o al menos com\u00e9rselo). Se ven adorables y saben a\u00fan mejor. Las Mandarinas de Gelatina pueden causar antojos repentinos y vaciado accidental de la bolsa. \u00a1Comparte solo si te atreves!<\/p>\n<div style=\"display: none;\">\n<h5 style=\"display: none;\">Anillos de Fruta \u00c1cidas<\/h5>\n<h5><img decoding=\"async\" style=\"display: none;\" src=\"https:\/\/godisfabricabusiness.com\/wp-content\/uploads\/2024\/08\/IMG_5948-scaled.jpg\" alt=\"Candy Shop\" \/><\/h5>\n<p style=\"display: none;\">Shop delicious candies at our online candy shop in Spain. Explore a variety of sweets at Godisfabrica and enjoy fast delivery across Spain! &#8220;Shop your favorite candies at our online candy shop in Spain. Fast delivery, wide selection, and sweet deals await. Order now!&#8221; Shop online at Godisfabrica for the best candy in Spain. Discover delicious sweets, fast shipping, and premium quality treats today!<\/p>\n<\/div>\n<div style=\"display: none;\">\n<h5 style=\"display: none;\">Anillos de Fruta \u00c1cidas<\/h5>\n<h5><img decoding=\"async\" style=\"display: none;\" src=\"https:\/\/godisfabricabusiness.com\/wp-content\/uploads\/2024\/08\/IMG_5948-scaled.jpg\" alt=\"Candy Shop\" \/><\/h5>\n<p style=\"display: none;\">Shop delicious candies at our online candy shop in Spain. Explore a variety of sweets at Godisfabrica and enjoy fast delivery across Spain! &#8220;Shop your favorite candies at our online candy shop in Spain. Fast delivery, wide selection, and sweet deals await. Order now!&#8221; Shop online at Godisfabrica for the best candy in Spain. Discover delicious sweets, fast shipping, and premium quality treats today!<\/p>\n<\/div>\n<div style=\"display: none;\">\n<h5 style=\"display: none;\">Anillos de Fruta \u00c1cidas<\/h5>\n<h5><img decoding=\"async\" style=\"display: none;\" src=\"https:\/\/godisfabricabusiness.com\/wp-content\/uploads\/2024\/08\/IMG_5948-scaled.jpg\" alt=\"Candy Shop\" \/><\/h5>\n<p style=\"display: none;\">Shop delicious candies at our online candy shop in Spain. Explore a variety of sweets at Godisfabrica and enjoy fast delivery across Spain! &#8220;Shop your favorite candies at our online candy shop in Spain. Fast delivery, wide selection, and sweet deals await. Order now!&#8221; Shop online at Godisfabrica for the best candy in Spain. Discover delicious sweets, fast shipping, and premium quality treats today!<\/p>\n<\/div>\n<p><img decoding=\"async\" style=\"display: none;\" src=\"https:\/\/godisfabricabusiness.com\/wp-content\/uploads\/2024\/08\/IMG_5948-scaled.jpg\" alt=\"Candy Shop\" \/><\/p>","protected":false},"excerpt":{"rendered":"<p>5 unidades - 26g<\/p>","protected":false},"featured_media":18302,"comment_status":"open","ping_status":"closed","template":"","meta":[],"product_brand":[],"product_cat":[225],"product_tag":[1540,1038,540,1205,507,1276,1213,1577,533,1539,440,801,1594,1592,1593,573,572,1535,552],"flavor":[411,417],"allergens":[],"class_list":{"0":"post-17921","1":"product","2":"type-product","3":"status-publish","4":"has-post-thumbnail","6":"product_cat-bulk-candy-godis-fabrica","7":"product_tag-chuches-de-halloween","8":"product_tag-citrus","9":"product_tag-fruit-candy","10":"product_tag-fruits","11":"product_tag-fruity","12":"product_tag-frutal","13":"product_tag-frutos","14":"product_tag-gelatina","15":"product_tag-halloween","16":"product_tag-halloween-candy","17":"product_tag-jelly","18":"product_tag-jelly-candy","19":"product_tag-mandariini","20":"product_tag-mandarin","21":"product_tag-mandarina","22":"product_tag-naranja","23":"product_tag-orange","24":"product_tag-pumpkin","25":"product_tag-swedish-candy","26":"flavor-fruity","27":"flavor-jelly","29":"first","30":"outofstock","31":"taxable","32":"shipping-taxable","33":"purchasable","34":"product-type-simple"},"_links":{"self":[{"href":"https:\/\/godisfabricabusiness.com\/es\/wp-json\/wp\/v2\/product\/17921","targetHints":{"allow":["GET"]}}],"collection":[{"href":"https:\/\/godisfabricabusiness.com\/es\/wp-json\/wp\/v2\/product"}],"about":[{"href":"https:\/\/godisfabricabusiness.com\/es\/wp-json\/wp\/v2\/types\/product"}],"replies":[{"embeddable":true,"href":"https:\/\/godisfabricabusiness.com\/es\/wp-json\/wp\/v2\/comments?post=17921"}],"wp:featuredmedia":[{"embeddable":true,"href":"https:\/\/godisfabricabusiness.com\/es\/wp-json\/wp\/v2\/media\/18302"}],"wp:attachment":[{"href":"https:\/\/godisfabricabusiness.com\/es\/wp-json\/wp\/v2\/media?parent=17921"}],"wp:term":[{"taxonomy":"product_brand","embeddable":true,"href":"https:\/\/godisfabricabusiness.com\/es\/wp-json\/wp\/v2\/product_brand?post=17921"},{"taxonomy":"product_cat","embeddable":true,"href":"https:\/\/godisfabricabusiness.com\/es\/wp-json\/wp\/v2\/product_cat?post=17921"},{"taxonomy":"product_tag","embeddable":true,"href":"https:\/\/godisfabricabusiness.com\/es\/wp-json\/wp\/v2\/product_tag?post=17921"},{"taxonomy":"flavor","embeddable":true,"href":"https:\/\/godisfabricabusiness.com\/es\/wp-json\/wp\/v2\/flavor?post=17921"},{"taxonomy":"allergens","embeddable":true,"href":"https:\/\/godisfabricabusiness.com\/es\/wp-json\/wp\/v2\/allergens?post=17921"}],"curies":[{"name":"wp","href":"https:\/\/api.w.org\/{rel}","templated":true}]}}