{"id":17923,"date":"2025-10-20T11:19:03","date_gmt":"2025-10-20T09:19:03","guid":{"rendered":"https:\/\/godisfabricabusiness.com\/?post_type=product&#038;p=17923"},"modified":"2026-01-10T17:50:15","modified_gmt":"2026-01-10T16:50:15","slug":"melon-hearts","status":"publish","type":"product","link":"https:\/\/godisfabricabusiness.com\/es\/producto\/melon-hearts\/","title":{"rendered":"Corazones de Sandia"},"content":{"rendered":"<p data-start=\"111\" data-end=\"163\">Corazones de Sandia \u2013 \u00a1Dulces, jugosos y totalmente adorables!<\/p>\n<p data-start=\"308\" data-end=\"552\">Enam\u00f3rate al primer mordisco con estos gomitas con sabor a sand\u00eda, tan dulces como tu persona favorita\u2026 o al menos como tu snack preferido. Con una textura suave y masticable, color vibrante y un sabor a mel\u00f3n jugoso, son b\u00e1sicamente abrazos comestibles.<\/p>\n<p data-start=\"554\" data-end=\"721\">Los Corazones de Mel\u00f3n son perfectos para fiestas, mesas de chuches, cumplea\u00f1os, gestos rom\u00e1nticos o simplemente para consentirte sin culpa \u2014 porque nada dice \u201cme importas\u201d como una bomba de az\u00facar en forma de coraz\u00f3n. Pueden causar sonrisas excesivas, compartir espont\u00e1neo y ganas repentinas de enviar un paquete a tu crush. Advertencia: los Corazones de Mel\u00f3n son tan monos que querr\u00e1s mirarlos antes de comerlos\u2026 pero igual los comer\u00e1s.<\/p>\n<div style=\"display: none;\">\n<h5 style=\"display: none;\">Anillos de Fruta \u00c1cidas<\/h5>\n<h5><img decoding=\"async\" style=\"display: none;\" src=\"https:\/\/godisfabricabusiness.com\/wp-content\/uploads\/2024\/08\/IMG_5948-scaled.jpg\" alt=\"Candy Shop\" \/><\/h5>\n<p style=\"display: none;\">Shop delicious candies at our online candy shop in Spain. Explore a variety of sweets at Godisfabrica and enjoy fast delivery across Spain! &#8220;Shop your favorite candies at our online candy shop in Spain. Fast delivery, wide selection, and sweet deals await. Order now!&#8221; Shop online at Godisfabrica for the best candy in Spain. Discover delicious sweets, fast shipping, and premium quality treats today!<\/p>\n<\/div>\n<div style=\"display: none;\">\n<h5 style=\"display: none;\">Anillos de Fruta \u00c1cidas<\/h5>\n<h5><img decoding=\"async\" style=\"display: none;\" src=\"https:\/\/godisfabricabusiness.com\/wp-content\/uploads\/2024\/08\/IMG_5948-scaled.jpg\" alt=\"Candy Shop\" \/><\/h5>\n<p style=\"display: none;\">Shop delicious candies at our online candy shop in Spain. Explore a variety of sweets at Godisfabrica and enjoy fast delivery across Spain! &#8220;Shop your favorite candies at our online candy shop in Spain. Fast delivery, wide selection, and sweet deals await. Order now!&#8221; Shop online at Godisfabrica for the best candy in Spain. Discover delicious sweets, fast shipping, and premium quality treats today!<\/p>\n<\/div>\n<div style=\"display: none;\">\n<h5 style=\"display: none;\">Anillos de Fruta \u00c1cidas<\/h5>\n<h5><img decoding=\"async\" style=\"display: none;\" src=\"https:\/\/godisfabricabusiness.com\/wp-content\/uploads\/2024\/08\/IMG_5948-scaled.jpg\" alt=\"Candy Shop\" \/><\/h5>\n<p style=\"display: none;\">Shop delicious candies at our online candy shop in Spain. Explore a variety of sweets at Godisfabrica and enjoy fast delivery across Spain! &#8220;Shop your favorite candies at our online candy shop in Spain. Fast delivery, wide selection, and sweet deals await. Order now!&#8221; Shop online at Godisfabrica for the best candy in Spain. Discover delicious sweets, fast shipping, and premium quality treats today!<\/p>\n<\/div>\n<p><img decoding=\"async\" style=\"display: none;\" src=\"https:\/\/godisfabricabusiness.com\/wp-content\/uploads\/2024\/08\/IMG_5948-scaled.jpg\" alt=\"Candy Shop\" \/><\/p>","protected":false},"excerpt":{"rendered":"<p>3 unidades - 27g<\/p>","protected":false},"featured_media":18299,"comment_status":"open","ping_status":"closed","template":"","meta":[],"product_brand":[],"product_cat":[225],"product_tag":[1169,626,441,1174,540,507,555,438,439,442,520,1597,584,1177,1595,552,1167,1585,603,1596],"flavor":[410,411,417],"allergens":[],"class_list":{"0":"post-17923","1":"product","2":"type-product","3":"status-publish","4":"has-post-thumbnail","6":"product_cat-bulk-candy-godis-fabrica","7":"product_tag-amor","8":"product_tag-aroma","9":"product_tag-corazon","10":"product_tag-corazones","11":"product_tag-fruit-candy","12":"product_tag-fruity","13":"product_tag-green","14":"product_tag-heart","15":"product_tag-hearts","16":"product_tag-love","17":"product_tag-melon","18":"product_tag-melon-heart","19":"product_tag-red","20":"product_tag-san-valentin","21":"product_tag-sandia","22":"product_tag-swedish-candy","23":"product_tag-valentine","24":"product_tag-valentines-day","25":"product_tag-watermelon","26":"product_tag-watermelon-taste","27":"flavor-foam","28":"flavor-fruity","29":"flavor-jelly","31":"first","32":"outofstock","33":"taxable","34":"shipping-taxable","35":"purchasable","36":"product-type-simple"},"_links":{"self":[{"href":"https:\/\/godisfabricabusiness.com\/es\/wp-json\/wp\/v2\/product\/17923","targetHints":{"allow":["GET"]}}],"collection":[{"href":"https:\/\/godisfabricabusiness.com\/es\/wp-json\/wp\/v2\/product"}],"about":[{"href":"https:\/\/godisfabricabusiness.com\/es\/wp-json\/wp\/v2\/types\/product"}],"replies":[{"embeddable":true,"href":"https:\/\/godisfabricabusiness.com\/es\/wp-json\/wp\/v2\/comments?post=17923"}],"wp:featuredmedia":[{"embeddable":true,"href":"https:\/\/godisfabricabusiness.com\/es\/wp-json\/wp\/v2\/media\/18299"}],"wp:attachment":[{"href":"https:\/\/godisfabricabusiness.com\/es\/wp-json\/wp\/v2\/media?parent=17923"}],"wp:term":[{"taxonomy":"product_brand","embeddable":true,"href":"https:\/\/godisfabricabusiness.com\/es\/wp-json\/wp\/v2\/product_brand?post=17923"},{"taxonomy":"product_cat","embeddable":true,"href":"https:\/\/godisfabricabusiness.com\/es\/wp-json\/wp\/v2\/product_cat?post=17923"},{"taxonomy":"product_tag","embeddable":true,"href":"https:\/\/godisfabricabusiness.com\/es\/wp-json\/wp\/v2\/product_tag?post=17923"},{"taxonomy":"flavor","embeddable":true,"href":"https:\/\/godisfabricabusiness.com\/es\/wp-json\/wp\/v2\/flavor?post=17923"},{"taxonomy":"allergens","embeddable":true,"href":"https:\/\/godisfabricabusiness.com\/es\/wp-json\/wp\/v2\/allergens?post=17923"}],"curies":[{"name":"wp","href":"https:\/\/api.w.org\/{rel}","templated":true}]}}