{"id":17926,"date":"2025-10-21T12:32:35","date_gmt":"2025-10-21T10:32:35","guid":{"rendered":"https:\/\/godisfabricabusiness.com\/?post_type=product&#038;p=17926"},"modified":"2026-01-10T17:50:15","modified_gmt":"2026-01-10T16:50:15","slug":"sea-gummies","status":"publish","type":"product","link":"https:\/\/godisfabricabusiness.com\/es\/producto\/sea-gummies\/","title":{"rendered":"Gomitas del Mar"},"content":{"rendered":"<p>Gomitas del Mar \u2013 \u00a1Tesoros frutales del oc\u00e9ano de chuches!<\/p>\n<p>\u00a1Sum\u00e9rgete en la delicia con Gomitas del Mar! Estas chuches con forma de concha son tan divertidas de mirar como de comer. Masticables, llenas de color y sabor a frutas jugosas, har\u00e1n que tus papilas gustativas hagan la ola.<\/p>\n<p>Perfectas para fiestas con tem\u00e1tica de playa, crear la barra de chuches m\u00e1s adorable del mundo, o simplemente para darte un capricho como un aut\u00e9ntico pirata goloso. Pueden provocar antojos de tama\u00f1o oce\u00e1nico y un s\u00fabito impulso de gritar \u201c\u00a1Ahoy!\u201d mientras las masticas.<\/p>\n<div style=\"display: none;\">\n<h5 style=\"display: none;\">Frambuesa de Gelatina<\/h5>\n<h5><img decoding=\"async\" style=\"display: none;\" src=\"https:\/\/godisfabricabusiness.com\/wp-content\/uploads\/2024\/08\/IMG_5948-scaled.jpg\" alt=\"Candy Shop\" \/><\/h5>\n<p style=\"display: none;\">Shop delicious candies at our online candy shop in Spain. Explore a variety of sweets at Godisfabrica and enjoy fast delivery across Spain! &#8220;Shop your favorite candies at our online candy shop in Spain. Fast delivery, wide selection, and sweet deals await. Order now!&#8221; Shop online at Godisfabrica for the best candy in Spain. Discover delicious sweets, fast shipping, and premium quality treats today!<\/p>\n<\/div>\n<div style=\"display: none;\">\n<h5 style=\"display: none;\">Raspberry<\/h5>\n<h5><img decoding=\"async\" style=\"display: none;\" src=\"https:\/\/godisfabricabusiness.com\/wp-content\/uploads\/2024\/08\/IMG_5948-scaled.jpg\" alt=\"Candy Shop\" \/><\/h5>\n<p style=\"display: none;\">Shop delicious candies at our online candy shop in Spain. Explore a variety of sweets at Godisfabrica and enjoy fast delivery across Spain! &#8220;Shop your favorite candies at our online candy shop in Spain. Fast delivery, wide selection, and sweet deals await. Order now!&#8221; Shop online at Godisfabrica for the best candy in Spain. Discover delicious sweets, fast shipping, and premium quality treats today!<\/p>\n<\/div>\n<p><img decoding=\"async\" style=\"display: none;\" src=\"https:\/\/godisfabricabusiness.com\/wp-content\/uploads\/2024\/08\/IMG_5948-scaled.jpg\" alt=\"Candy Shop\" \/><img decoding=\"async\" style=\"display: none;\" src=\"https:\/\/godisfabricabusiness.com\/wp-content\/uploads\/2024\/08\/IMG_5948-scaled.jpg\" alt=\"Candy Shop\" \/><\/p>","protected":false},"excerpt":{"rendered":"<p>3 unidades \u2013 21g<\/p>","protected":false},"featured_media":18291,"comment_status":"open","ping_status":"closed","template":"","meta":[],"product_brand":[],"product_cat":[225],"product_tag":[508,540,1205,507,1276,1213,1806,1577,1605,1054,1599,1807,1603,1212,1598,1604,1606,1607,1600,1601,1602],"flavor":[411],"allergens":[],"class_list":{"0":"post-17926","1":"product","2":"type-product","3":"status-publish","4":"has-post-thumbnail","6":"product_cat-bulk-candy-godis-fabrica","7":"product_tag-fruit","8":"product_tag-fruit-candy","9":"product_tag-fruits","10":"product_tag-fruity","11":"product_tag-frutal","12":"product_tag-frutos","13":"product_tag-frutos-del-mar","14":"product_tag-gelatina","15":"product_tag-gummies","16":"product_tag-gummy","17":"product_tag-mar","18":"product_tag-merenelavat","19":"product_tag-meri","20":"product_tag-pescado","21":"product_tag-sea","22":"product_tag-sea-candy","23":"product_tag-sea-friends","24":"product_tag-sea-gummies","25":"product_tag-shell","26":"product_tag-shell-shaped","27":"product_tag-simpukka","28":"flavor-fruity","30":"first","31":"outofstock","32":"taxable","33":"shipping-taxable","34":"purchasable","35":"product-type-simple"},"_links":{"self":[{"href":"https:\/\/godisfabricabusiness.com\/es\/wp-json\/wp\/v2\/product\/17926","targetHints":{"allow":["GET"]}}],"collection":[{"href":"https:\/\/godisfabricabusiness.com\/es\/wp-json\/wp\/v2\/product"}],"about":[{"href":"https:\/\/godisfabricabusiness.com\/es\/wp-json\/wp\/v2\/types\/product"}],"replies":[{"embeddable":true,"href":"https:\/\/godisfabricabusiness.com\/es\/wp-json\/wp\/v2\/comments?post=17926"}],"wp:featuredmedia":[{"embeddable":true,"href":"https:\/\/godisfabricabusiness.com\/es\/wp-json\/wp\/v2\/media\/18291"}],"wp:attachment":[{"href":"https:\/\/godisfabricabusiness.com\/es\/wp-json\/wp\/v2\/media?parent=17926"}],"wp:term":[{"taxonomy":"product_brand","embeddable":true,"href":"https:\/\/godisfabricabusiness.com\/es\/wp-json\/wp\/v2\/product_brand?post=17926"},{"taxonomy":"product_cat","embeddable":true,"href":"https:\/\/godisfabricabusiness.com\/es\/wp-json\/wp\/v2\/product_cat?post=17926"},{"taxonomy":"product_tag","embeddable":true,"href":"https:\/\/godisfabricabusiness.com\/es\/wp-json\/wp\/v2\/product_tag?post=17926"},{"taxonomy":"flavor","embeddable":true,"href":"https:\/\/godisfabricabusiness.com\/es\/wp-json\/wp\/v2\/flavor?post=17926"},{"taxonomy":"allergens","embeddable":true,"href":"https:\/\/godisfabricabusiness.com\/es\/wp-json\/wp\/v2\/allergens?post=17926"}],"curies":[{"name":"wp","href":"https:\/\/api.w.org\/{rel}","templated":true}]}}