{"id":17944,"date":"2025-10-24T10:46:56","date_gmt":"2025-10-24T08:46:56","guid":{"rendered":"https:\/\/godisfabricabusiness.com\/?post_type=product&#038;p=17944"},"modified":"2026-01-10T17:50:15","modified_gmt":"2026-01-10T16:50:15","slug":"super-tag-apple","status":"publish","type":"product","link":"https:\/\/godisfabricabusiness.com\/es\/producto\/super-tag-apple\/","title":{"rendered":"Chapa Super Manzana"},"content":{"rendered":"<p data-start=\"169\" data-end=\"228\">Chapa Super Manzana \u2013 \u00a1Dulce, \u00e1cida y totalmente afrutada!<\/p>\n<p data-start=\"230\" data-end=\"434\">\u00a1Prep\u00e1rate para morder y sonre\u00edr! Los caramelos Chapa Super Manzana ofrecen el crujiente y jugoso estallido de la manzana verde fresca con un toque \u00e1cido perfecto que har\u00e1 que tus papilas gustativas pidan m\u00e1s. Estos caramelos \u00e1cidos, veganos y sin gelatina, demuestran que no necesitas productos animales para disfrutar de ese intenso y refrescante crujido de pura felicidad en forma de caramelo. Cada mordisco es un emocionante subid\u00f3n agridulce que har\u00e1 que tu boca se haga agua y tu \u00e1nimo se eleve.<\/p>\n<p data-start=\"681\" data-end=\"943\">Chapa Super Manzana es ideal para los amantes de los caramelos \u00e1cidos, aventureros de la hora del picoteo y cualquiera que piense que la vida es demasiado corta para caramelos ins\u00edpidos. Sin artificios, sin bocados aburridos \u2014 solo pura magia de manzana verde: dulce, \u00e1cida y peligrosamente adictiva.<\/p>\n<div style=\"display: none;\">\n<h5 style=\"display: none;\">Frambuesa de Gelatina<\/h5>\n<h5><img decoding=\"async\" style=\"display: none;\" src=\"https:\/\/godisfabricabusiness.com\/wp-content\/uploads\/2024\/08\/IMG_5948-scaled.jpg\" alt=\"Candy Shop\" \/><\/h5>\n<p style=\"display: none;\">Shop delicious candies at our online candy shop in Spain. Explore a variety of sweets at Godisfabrica and enjoy fast delivery across Spain! &#8220;Shop your favorite candies at our online candy shop in Spain. Fast delivery, wide selection, and sweet deals await. Order now!&#8221; Shop online at Godisfabrica for the best candy in Spain. Discover delicious sweets, fast shipping, and premium quality treats today!<\/p>\n<\/div>\n<div style=\"display: none;\">\n<h5 style=\"display: none;\">Raspberry<\/h5>\n<h5><img decoding=\"async\" style=\"display: none;\" src=\"https:\/\/godisfabricabusiness.com\/wp-content\/uploads\/2024\/08\/IMG_5948-scaled.jpg\" alt=\"Candy Shop\" \/><\/h5>\n<p style=\"display: none;\">Shop delicious candies at our online candy shop in Spain. Explore a variety of sweets at Godisfabrica and enjoy fast delivery across Spain! &#8220;Shop your favorite candies at our online candy shop in Spain. Fast delivery, wide selection, and sweet deals await. Order now!&#8221; Shop online at Godisfabrica for the best candy in Spain. Discover delicious sweets, fast shipping, and premium quality treats today!<\/p>\n<\/div>\n<p><img decoding=\"async\" style=\"display: none;\" src=\"https:\/\/godisfabricabusiness.com\/wp-content\/uploads\/2024\/08\/IMG_5948-scaled.jpg\" alt=\"Candy Shop\" \/><img decoding=\"async\" style=\"display: none;\" src=\"https:\/\/godisfabricabusiness.com\/wp-content\/uploads\/2024\/08\/IMG_5948-scaled.jpg\" alt=\"Candy Shop\" \/><\/p>","protected":false},"excerpt":{"rendered":"<p>4 unidades \u2013 23g<\/p>","protected":false},"featured_media":18304,"comment_status":"open","ping_status":"closed","template":"","meta":[],"product_brand":[],"product_cat":[225,290],"product_tag":[1128,731,1275,629,628,601,1110,537,508,540,1205,507,1276,1213,701,1460,702,660,446,956,1313,1222,1279,291,607],"flavor":[411,415],"allergens":[426,425],"class_list":{"0":"post-17944","1":"product","2":"type-product","3":"status-publish","4":"has-post-thumbnail","6":"product_cat-bulk-candy-godis-fabrica","7":"product_cat-vegan-products-godis-fabrica","8":"product_tag-acida","9":"product_tag-acido","10":"product_tag-baya","11":"product_tag-berries","12":"product_tag-berry","13":"product_tag-candy-people","14":"product_tag-chuches-acidas","15":"product_tag-chuches-veganas","16":"product_tag-fruit","17":"product_tag-fruit-candy","18":"product_tag-fruits","19":"product_tag-fruity","20":"product_tag-frutal","21":"product_tag-frutos","22":"product_tag-gelatin-free","23":"product_tag-granada","24":"product_tag-new","25":"product_tag-pomegranate","26":"product_tag-raspberry","27":"product_tag-s-marke","28":"product_tag-sin-gelatin","29":"product_tag-sin-gelatina","30":"product_tag-super-tag","31":"product_tag-vegan","32":"product_tag-vegano","33":"flavor-fruity","34":"flavor-sour","35":"allergens-gelatin-free","36":"allergens-vegan","38":"first","39":"outofstock","40":"taxable","41":"shipping-taxable","42":"purchasable","43":"product-type-simple"},"_links":{"self":[{"href":"https:\/\/godisfabricabusiness.com\/es\/wp-json\/wp\/v2\/product\/17944","targetHints":{"allow":["GET"]}}],"collection":[{"href":"https:\/\/godisfabricabusiness.com\/es\/wp-json\/wp\/v2\/product"}],"about":[{"href":"https:\/\/godisfabricabusiness.com\/es\/wp-json\/wp\/v2\/types\/product"}],"replies":[{"embeddable":true,"href":"https:\/\/godisfabricabusiness.com\/es\/wp-json\/wp\/v2\/comments?post=17944"}],"wp:featuredmedia":[{"embeddable":true,"href":"https:\/\/godisfabricabusiness.com\/es\/wp-json\/wp\/v2\/media\/18304"}],"wp:attachment":[{"href":"https:\/\/godisfabricabusiness.com\/es\/wp-json\/wp\/v2\/media?parent=17944"}],"wp:term":[{"taxonomy":"product_brand","embeddable":true,"href":"https:\/\/godisfabricabusiness.com\/es\/wp-json\/wp\/v2\/product_brand?post=17944"},{"taxonomy":"product_cat","embeddable":true,"href":"https:\/\/godisfabricabusiness.com\/es\/wp-json\/wp\/v2\/product_cat?post=17944"},{"taxonomy":"product_tag","embeddable":true,"href":"https:\/\/godisfabricabusiness.com\/es\/wp-json\/wp\/v2\/product_tag?post=17944"},{"taxonomy":"flavor","embeddable":true,"href":"https:\/\/godisfabricabusiness.com\/es\/wp-json\/wp\/v2\/flavor?post=17944"},{"taxonomy":"allergens","embeddable":true,"href":"https:\/\/godisfabricabusiness.com\/es\/wp-json\/wp\/v2\/allergens?post=17944"}],"curies":[{"name":"wp","href":"https:\/\/api.w.org\/{rel}","templated":true}]}}