{"id":17948,"date":"2025-10-24T16:22:54","date_gmt":"2025-10-24T14:22:54","guid":{"rendered":"https:\/\/godisfabricabusiness.com\/?post_type=product&#038;p=17948"},"modified":"2026-01-10T17:50:15","modified_gmt":"2026-01-10T16:50:15","slug":"hemkola-chocolate-toffee","status":"publish","type":"product","link":"https:\/\/godisfabricabusiness.com\/es\/producto\/hemkola-chocolate-toffee\/","title":{"rendered":"Hemkola Toffee de Chocolate"},"content":{"rendered":"<p>Hemkola Toffee de Chocolate \u2013 \u00a1Masticable, chocolatoso y completamente irresistible!<\/p>\n<p>La leyenda ha vuelto\u2026 y esta vez, lista para desenvolver. Descubre el Hemkola Toffee de Chocolate, el sue\u00f1o masticable de caramelo y avellana que lleva derritiendo corazones en Escandinavia desde hace generaciones. Dicen que la receta original de Hemkola se filtr\u00f3 en internet\u2026 pero seamos sinceros, \u00bfqui\u00e9n tiene tiempo de hacerla en casa cuando puedes disfrutar del aut\u00e9ntico aqu\u00ed mismo?<\/p>\n<p>Cada bocado de este cl\u00e1sico toffee sueco es pura felicidad de caramelo, ahora con un rico sabor a chocolate. Nada supera este dulce sabor casero, masticable y lleno de nostalgia. Hemkola Toffee de Chocolate: sin estr\u00e9s, sin cacerolas pegajosas\u2026 solo tienes que desenvolver y disfrutar de tu acceso directo al para\u00edso del caramelo.<\/p>\n<div style=\"display: none;\">\n<h5 style=\"display: none;\">Anillos de Fruta \u00c1cidas<\/h5>\n<h5><img decoding=\"async\" style=\"display: none;\" src=\"https:\/\/godisfabricabusiness.com\/wp-content\/uploads\/2024\/08\/IMG_5948-scaled.jpg\" alt=\"Candy Shop\" \/><\/h5>\n<p style=\"display: none;\">Shop delicious candies at our online candy shop in Spain. Explore a variety of sweets at Godisfabrica and enjoy fast delivery across Spain! &#8220;Shop your favorite candies at our online candy shop in Spain. Fast delivery, wide selection, and sweet deals await. Order now!&#8221; Shop online at Godisfabrica for the best candy in Spain. Discover delicious sweets, fast shipping, and premium quality treats today!<\/p>\n<\/div>\n<div style=\"display: none;\">\n<h5 style=\"display: none;\">Anillos de Fruta \u00c1cidas<\/h5>\n<h5><img decoding=\"async\" style=\"display: none;\" src=\"https:\/\/godisfabricabusiness.com\/wp-content\/uploads\/2024\/08\/IMG_5948-scaled.jpg\" alt=\"Candy Shop\" \/><\/h5>\n<p style=\"display: none;\">Shop delicious candies at our online candy shop in Spain. Explore a variety of sweets at Godisfabrica and enjoy fast delivery across Spain! &#8220;Shop your favorite candies at our online candy shop in Spain. Fast delivery, wide selection, and sweet deals await. Order now!&#8221; Shop online at Godisfabrica for the best candy in Spain. Discover delicious sweets, fast shipping, and premium quality treats today!<\/p>\n<\/div>\n<div style=\"display: none;\">\n<h5 style=\"display: none;\">Anillos de Fruta \u00c1cidas<\/h5>\n<h5><img decoding=\"async\" style=\"display: none;\" src=\"https:\/\/godisfabricabusiness.com\/wp-content\/uploads\/2024\/08\/IMG_5948-scaled.jpg\" alt=\"Candy Shop\" \/><\/h5>\n<p style=\"display: none;\">Shop delicious candies at our online candy shop in Spain. Explore a variety of sweets at Godisfabrica and enjoy fast delivery across Spain! &#8220;Shop your favorite candies at our online candy shop in Spain. Fast delivery, wide selection, and sweet deals await. Order now!&#8221; Shop online at Godisfabrica for the best candy in Spain. Discover delicious sweets, fast shipping, and premium quality treats today!<\/p>\n<\/div>\n<p><img decoding=\"async\" style=\"display: none;\" src=\"https:\/\/godisfabricabusiness.com\/wp-content\/uploads\/2024\/08\/IMG_5948-scaled.jpg\" alt=\"Candy Shop\" \/><\/p>","protected":false},"excerpt":{"rendered":"<p>3 unidades \u2013 21g<\/p>","protected":false},"featured_media":18228,"comment_status":"open","ping_status":"closed","template":"","meta":[],"product_brand":[],"product_cat":[225,243,294],"product_tag":[227,580,775,1608,230,1240,578,831,1063,1064,1065,877,997,1217,468,503,498,552,226],"flavor":[416,412,422],"allergens":[],"class_list":{"0":"post-17948","1":"product","2":"type-product","3":"status-publish","4":"has-post-thumbnail","6":"product_cat-bulk-candy-godis-fabrica","7":"product_cat-chocolates-godis-fabrica","8":"product_cat-top-50-godis-fabrica","9":"product_tag-caramel","10":"product_tag-caramelo","11":"product_tag-choco","12":"product_tag-choco-toffee","13":"product_tag-chocolate","14":"product_tag-chuches-masticables","15":"product_tag-creamy","16":"product_tag-famous","17":"product_tag-hem-kola","18":"product_tag-hemkola","19":"product_tag-home-made","20":"product_tag-kinuski","21":"product_tag-kola","22":"product_tag-masticable","23":"product_tag-original","24":"product_tag-popular","25":"product_tag-soft-toffee","26":"product_tag-swedish-candy","27":"product_tag-toffee","28":"flavor-caramel-toffee","29":"flavor-chocolate","30":"flavor-wrapped","32":"first","33":"outofstock","34":"taxable","35":"shipping-taxable","36":"purchasable","37":"product-type-simple"},"_links":{"self":[{"href":"https:\/\/godisfabricabusiness.com\/es\/wp-json\/wp\/v2\/product\/17948","targetHints":{"allow":["GET"]}}],"collection":[{"href":"https:\/\/godisfabricabusiness.com\/es\/wp-json\/wp\/v2\/product"}],"about":[{"href":"https:\/\/godisfabricabusiness.com\/es\/wp-json\/wp\/v2\/types\/product"}],"replies":[{"embeddable":true,"href":"https:\/\/godisfabricabusiness.com\/es\/wp-json\/wp\/v2\/comments?post=17948"}],"wp:featuredmedia":[{"embeddable":true,"href":"https:\/\/godisfabricabusiness.com\/es\/wp-json\/wp\/v2\/media\/18228"}],"wp:attachment":[{"href":"https:\/\/godisfabricabusiness.com\/es\/wp-json\/wp\/v2\/media?parent=17948"}],"wp:term":[{"taxonomy":"product_brand","embeddable":true,"href":"https:\/\/godisfabricabusiness.com\/es\/wp-json\/wp\/v2\/product_brand?post=17948"},{"taxonomy":"product_cat","embeddable":true,"href":"https:\/\/godisfabricabusiness.com\/es\/wp-json\/wp\/v2\/product_cat?post=17948"},{"taxonomy":"product_tag","embeddable":true,"href":"https:\/\/godisfabricabusiness.com\/es\/wp-json\/wp\/v2\/product_tag?post=17948"},{"taxonomy":"flavor","embeddable":true,"href":"https:\/\/godisfabricabusiness.com\/es\/wp-json\/wp\/v2\/flavor?post=17948"},{"taxonomy":"allergens","embeddable":true,"href":"https:\/\/godisfabricabusiness.com\/es\/wp-json\/wp\/v2\/allergens?post=17948"}],"curies":[{"name":"wp","href":"https:\/\/api.w.org\/{rel}","templated":true}]}}