{"id":17952,"date":"2025-10-24T17:17:44","date_gmt":"2025-10-24T15:17:44","guid":{"rendered":"https:\/\/godisfabricabusiness.com\/?post_type=product&#038;p=17952"},"modified":"2026-01-10T17:50:15","modified_gmt":"2026-01-10T16:50:15","slug":"wild-strawberry-lollipop","status":"publish","type":"product","link":"https:\/\/godisfabricabusiness.com\/es\/producto\/wild-strawberry-lollipop\/","title":{"rendered":"Pirul\u00ed de Fresa Silvestre"},"content":{"rendered":"<p data-start=\"120\" data-end=\"188\">Pirul\u00ed de Fresa Silvestre \u2013 \u00a1La felicidad hecha espiral en un palo!<\/p>\n<p data-start=\"190\" data-end=\"409\">\u00a1Pocas cosas hay m\u00e1s divertidas que una piruleta retorcida que hace girar tus papilas gustativas en una dulce locura! La Piruleta de Fresa Silvestre es pura alegr\u00eda en un palo: afrutada, divertida y con un sabor incre\u00edblemente intenso.<\/p>\n<p data-start=\"411\" data-end=\"645\">Cada lametazo ofrece ese cl\u00e1sico y dulce sabor a fresa silvestre que te transporta directamente a la infancia (pero mejor, porque esta dura much\u00ed\u00ed\u00edsimo m\u00e1s). Tengas cinco o cincuenta a\u00f1os, la Piruleta de Fresa Silvestre tiene el poder de sacarte una sonrisa. Puede provocar sonrisas excesivas, dedos pegajosos y repentinos recuerdos de la infancia.<\/p>\n<div style=\"display: none;\">\n<h5 style=\"display: none;\">Frambuesa de Gelatina<\/h5>\n<h5><img decoding=\"async\" style=\"display: none;\" src=\"https:\/\/godisfabricabusiness.com\/wp-content\/uploads\/2024\/08\/IMG_5948-scaled.jpg\" alt=\"Candy Shop\" \/><\/h5>\n<p style=\"display: none;\">Shop delicious candies at our online candy shop in Spain. Explore a variety of sweets at Godisfabrica and enjoy fast delivery across Spain! &#8220;Shop your favorite candies at our online candy shop in Spain. Fast delivery, wide selection, and sweet deals await. Order now!&#8221; Shop online at Godisfabrica for the best candy in Spain. Discover delicious sweets, fast shipping, and premium quality treats today!<\/p>\n<\/div>\n<div style=\"display: none;\">\n<h5 style=\"display: none;\">Raspberry<\/h5>\n<h5><img decoding=\"async\" style=\"display: none;\" src=\"https:\/\/godisfabricabusiness.com\/wp-content\/uploads\/2024\/08\/IMG_5948-scaled.jpg\" alt=\"Candy Shop\" \/><\/h5>\n<p style=\"display: none;\">Shop delicious candies at our online candy shop in Spain. Explore a variety of sweets at Godisfabrica and enjoy fast delivery across Spain! &#8220;Shop your favorite candies at our online candy shop in Spain. Fast delivery, wide selection, and sweet deals await. Order now!&#8221; Shop online at Godisfabrica for the best candy in Spain. Discover delicious sweets, fast shipping, and premium quality treats today!<\/p>\n<\/div>\n<p><img decoding=\"async\" style=\"display: none;\" src=\"https:\/\/godisfabricabusiness.com\/wp-content\/uploads\/2024\/08\/IMG_5948-scaled.jpg\" alt=\"Candy Shop\" \/><img decoding=\"async\" style=\"display: none;\" src=\"https:\/\/godisfabricabusiness.com\/wp-content\/uploads\/2024\/08\/IMG_5948-scaled.jpg\" alt=\"Candy Shop\" \/><\/p>","protected":false},"excerpt":{"rendered":"<p>1 unidad \u2013 50g<\/p>","protected":false},"featured_media":18309,"comment_status":"open","ping_status":"closed","template":"","meta":[],"product_brand":[],"product_cat":[293],"product_tag":[1193,580,1189,1188,478,1383,701,1219,1191,1192,1190,1187,1611,1485,1195,1196,522,1610,568,659],"flavor":[411,421,422],"allergens":[426],"class_list":{"0":"post-17952","1":"product","2":"type-product","3":"status-publish","4":"has-post-thumbnail","6":"product_cat-candy-bags-godis-fabrica","7":"product_tag-art","8":"product_tag-caramelo","9":"product_tag-chupar","10":"product_tag-chupete","11":"product_tag-classic","12":"product_tag-espirulina","13":"product_tag-gelatin-free","14":"product_tag-gelatin-free-candy","15":"product_tag-handmade","16":"product_tag-hecho-a-mano","17":"product_tag-lick","18":"product_tag-lollipop","19":"product_tag-piruli","20":"product_tag-pirulin","21":"product_tag-spiral","22":"product_tag-spiral-lollipop","23":"product_tag-strawberry","24":"product_tag-strawberry-lollipop","25":"product_tag-vadelma","26":"product_tag-wild-strawberry","27":"flavor-fruity","28":"flavor-lollipop","29":"flavor-wrapped","30":"allergens-gelatin-free","32":"first","33":"outofstock","34":"taxable","35":"shipping-taxable","36":"purchasable","37":"product-type-simple"},"_links":{"self":[{"href":"https:\/\/godisfabricabusiness.com\/es\/wp-json\/wp\/v2\/product\/17952","targetHints":{"allow":["GET"]}}],"collection":[{"href":"https:\/\/godisfabricabusiness.com\/es\/wp-json\/wp\/v2\/product"}],"about":[{"href":"https:\/\/godisfabricabusiness.com\/es\/wp-json\/wp\/v2\/types\/product"}],"replies":[{"embeddable":true,"href":"https:\/\/godisfabricabusiness.com\/es\/wp-json\/wp\/v2\/comments?post=17952"}],"wp:featuredmedia":[{"embeddable":true,"href":"https:\/\/godisfabricabusiness.com\/es\/wp-json\/wp\/v2\/media\/18309"}],"wp:attachment":[{"href":"https:\/\/godisfabricabusiness.com\/es\/wp-json\/wp\/v2\/media?parent=17952"}],"wp:term":[{"taxonomy":"product_brand","embeddable":true,"href":"https:\/\/godisfabricabusiness.com\/es\/wp-json\/wp\/v2\/product_brand?post=17952"},{"taxonomy":"product_cat","embeddable":true,"href":"https:\/\/godisfabricabusiness.com\/es\/wp-json\/wp\/v2\/product_cat?post=17952"},{"taxonomy":"product_tag","embeddable":true,"href":"https:\/\/godisfabricabusiness.com\/es\/wp-json\/wp\/v2\/product_tag?post=17952"},{"taxonomy":"flavor","embeddable":true,"href":"https:\/\/godisfabricabusiness.com\/es\/wp-json\/wp\/v2\/flavor?post=17952"},{"taxonomy":"allergens","embeddable":true,"href":"https:\/\/godisfabricabusiness.com\/es\/wp-json\/wp\/v2\/allergens?post=17952"}],"curies":[{"name":"wp","href":"https:\/\/api.w.org\/{rel}","templated":true}]}}