{"id":17975,"date":"2025-10-24T23:40:20","date_gmt":"2025-10-24T21:40:20","guid":{"rendered":"https:\/\/godisfabricabusiness.com\/?post_type=product&#038;p=17975"},"modified":"2026-01-10T17:50:15","modified_gmt":"2026-01-10T16:50:15","slug":"christmas-foam","status":"publish","type":"product","link":"https:\/\/godisfabricabusiness.com\/es\/producto\/christmas-foam\/","title":{"rendered":"Nubes de Navidad"},"content":{"rendered":"<p data-start=\"143\" data-end=\"222\">Nubes de Navidad \u2013 \u00a1Un bocado de magia navide\u00f1a!<\/p>\n<p data-start=\"224\" data-end=\"480\">Descubre las Nubes de Navidad, las adorables versiones del caramelo m\u00e1s ic\u00f3nico de Escandinavia: \u00a1Juleskum! Estas suaves y esponjosas nubes vienen en forma de mu\u00f1ecos de nieve, elfos, \u00e1rboles de Navidad y estrellas fugaces, listas para repartir alegr\u00eda azucarada toda la temporada.<\/p>\n<p data-start=\"482\" data-end=\"710\">En tonos festivos de blanco, rosa, verde y amarillo, cada pieza ofrece esa dulzura esponjosa que hace que la Navidad se sienta a\u00fan m\u00e1s acogedora. Suaves, masticables y tan lindas que casi da pena comerlas (casi). No necesitas envolver, hornear ni emplear duendes: solo abre tu bolsa Pick&amp;Mix, disfruta y prueba la pura felicidad navide\u00f1a.<\/p>\n<div style=\"display: none;\">\n<h5 style=\"display: none;\">Pl\u00e1tanos Salados<\/h5>\n<h5><img decoding=\"async\" style=\"display: none;\" src=\"https:\/\/godisfabricabusiness.com\/wp-content\/uploads\/2024\/08\/IMG_5948-scaled.jpg\" alt=\"Candy Shop\" \/><\/h5>\n<p style=\"display: none;\">Shop delicious candies at our online candy shop in Spain. Explore a variety of sweets at Godisfabrica and enjoy fast delivery across Spain! &#8220;Shop your favorite candies at our online candy shop in Spain. Fast delivery, wide selection, and sweet deals await. Order now!&#8221; Shop online at Godisfabrica for the best candy in Spain. Discover delicious sweets, fast shipping, and premium quality treats today!<\/p>\n<\/div>\n<div style=\"display: none;\">\n<h5 style=\"display: none;\">Pl\u00e1tanos Salados<\/h5>\n<h5><img decoding=\"async\" style=\"display: none;\" src=\"https:\/\/godisfabricabusiness.com\/wp-content\/uploads\/2024\/08\/IMG_5948-scaled.jpg\" alt=\"Candy Shop\" \/><\/h5>\n<p style=\"display: none;\">Shop delicious candies at our online candy shop in Spain. Explore a variety of sweets at Godisfabrica and enjoy fast delivery across Spain! &#8220;Shop your favorite candies at our online candy shop in Spain. Fast delivery, wide selection, and sweet deals await. Order now!&#8221; Shop online at Godisfabrica for the best candy in Spain. Discover delicious sweets, fast shipping, and premium quality treats today!<\/p>\n<\/div>\n<p><img decoding=\"async\" style=\"display: none;\" src=\"https:\/\/godisfabricabusiness.com\/wp-content\/uploads\/2024\/08\/IMG_5948-scaled.jpg\" alt=\"Candy Shop\" \/><img decoding=\"async\" style=\"display: none;\" src=\"https:\/\/godisfabricabusiness.com\/wp-content\/uploads\/2024\/08\/IMG_5948-scaled.jpg\" alt=\"Candy Shop\" \/><\/p>\n<p style=\"display: none;\">Shop delicious candies at our online candy shop in Spain. Explore a variety of sweets at Godisfabrica and enjoy fast delivery across Spain! &#8220;Shop your favorite candies at our online candy shop in Spain. Fast delivery, wide selection, and sweet deals await. Order now!&#8221; Shop online at Godisfabrica for the best candy in Spain. Discover delicious sweets, fast shipping, and premium quality treats today!<\/p>","protected":false},"excerpt":{"rendered":"<p>4 unidades - 26g<\/p>","protected":false},"featured_media":18109,"comment_status":"open","ping_status":"closed","template":"","meta":[],"product_brand":[],"product_cat":[225],"product_tag":[230,1144,1145,1147,478,736,1287,443,738,735,1614,966,1613,508,507,813,1589,1146,1288,1591,1590,552,1612],"flavor":[410,411],"allergens":[],"class_list":{"0":"post-17975","1":"product","2":"type-product","3":"status-publish","4":"has-post-thumbnail","6":"product_cat-bulk-candy-godis-fabrica","7":"product_tag-chocolate","8":"product_tag-christmas","9":"product_tag-christmas-candy","10":"product_tag-chuches-de-navidad","11":"product_tag-classic","12":"product_tag-espuma","13":"product_tag-espuma-firme","14":"product_tag-foam","15":"product_tag-foam-candy","16":"product_tag-foamy","17":"product_tag-foamy-candy","18":"product_tag-franssons","19":"product_tag-franssons-konfektyrer","20":"product_tag-fruit","21":"product_tag-fruity","22":"product_tag-fruity-candy","23":"product_tag-juleskum","24":"product_tag-navidad","25":"product_tag-nube","26":"product_tag-papa-noel","27":"product_tag-santa","28":"product_tag-swedish-candy","29":"product_tag-tomteskum","30":"flavor-foam","31":"flavor-fruity","33":"first","34":"outofstock","35":"taxable","36":"shipping-taxable","37":"purchasable","38":"product-type-simple"},"_links":{"self":[{"href":"https:\/\/godisfabricabusiness.com\/es\/wp-json\/wp\/v2\/product\/17975","targetHints":{"allow":["GET"]}}],"collection":[{"href":"https:\/\/godisfabricabusiness.com\/es\/wp-json\/wp\/v2\/product"}],"about":[{"href":"https:\/\/godisfabricabusiness.com\/es\/wp-json\/wp\/v2\/types\/product"}],"replies":[{"embeddable":true,"href":"https:\/\/godisfabricabusiness.com\/es\/wp-json\/wp\/v2\/comments?post=17975"}],"wp:featuredmedia":[{"embeddable":true,"href":"https:\/\/godisfabricabusiness.com\/es\/wp-json\/wp\/v2\/media\/18109"}],"wp:attachment":[{"href":"https:\/\/godisfabricabusiness.com\/es\/wp-json\/wp\/v2\/media?parent=17975"}],"wp:term":[{"taxonomy":"product_brand","embeddable":true,"href":"https:\/\/godisfabricabusiness.com\/es\/wp-json\/wp\/v2\/product_brand?post=17975"},{"taxonomy":"product_cat","embeddable":true,"href":"https:\/\/godisfabricabusiness.com\/es\/wp-json\/wp\/v2\/product_cat?post=17975"},{"taxonomy":"product_tag","embeddable":true,"href":"https:\/\/godisfabricabusiness.com\/es\/wp-json\/wp\/v2\/product_tag?post=17975"},{"taxonomy":"flavor","embeddable":true,"href":"https:\/\/godisfabricabusiness.com\/es\/wp-json\/wp\/v2\/flavor?post=17975"},{"taxonomy":"allergens","embeddable":true,"href":"https:\/\/godisfabricabusiness.com\/es\/wp-json\/wp\/v2\/allergens?post=17975"}],"curies":[{"name":"wp","href":"https:\/\/api.w.org\/{rel}","templated":true}]}}