{"id":17977,"date":"2025-10-25T13:23:12","date_gmt":"2025-10-25T11:23:12","guid":{"rendered":"https:\/\/godisfabricabusiness.com\/?post_type=product&#038;p=17977"},"modified":"2026-01-10T17:50:15","modified_gmt":"2026-01-10T16:50:15","slug":"foam-santa-orange-caramel","status":"publish","type":"product","link":"https:\/\/godisfabricabusiness.com\/es\/producto\/foam-santa-orange-caramel\/","title":{"rendered":"Nubes Pap\u00e1 Noel Naranja y Caramelo"},"content":{"rendered":"<p data-start=\"163\" data-end=\"237\">Nubes Pap\u00e1 Noel Naranja y Caramelo (Juleskum) \u2013 \u00a1Edici\u00f3n limitada 2025!<\/p>\n<p data-start=\"239\" data-end=\"469\">\u00a1Ho-ho-ho, ag\u00e1rrate las papilas gustativas, porque la Navidad acaba de subir de nivel! El ic\u00f3nico Juleskum de Cloetta vuelve en 2025 con un nuevo y delicioso giro de sabor: jugosa naranja que se mezcla con dulce caramelo en irresistibles espumas con forma de Pap\u00e1 Noel.<\/p>\n<p data-start=\"471\" data-end=\"677\">Nubes Pap\u00e1 Noel Naranja y Caramelo son suaves y masticables, hechos sin colorantes artificiales ni aceite de palma \u2014 solo pura diversi\u00f3n navide\u00f1a en cada bocado. Perfectos para llenar calcetines, picar entre horas o repartir alegr\u00eda navide\u00f1a con sabor sueco. Esta edici\u00f3n limitada se derrite en la boca con la calidez del caramelo y un toque c\u00edtrico lleno de alegr\u00eda. \u00a1Haz que tus fiestas sean m\u00e1s dulces con Foam Santa Naranja Caramelo\u2026 porque hasta Pap\u00e1 Noel merece un glow-up!<\/p>\n<div style=\"display: none;\">\n<h5 style=\"display: none;\">Pl\u00e1tanos Salados<\/h5>\n<h5><img decoding=\"async\" style=\"display: none;\" src=\"https:\/\/godisfabricabusiness.com\/wp-content\/uploads\/2024\/08\/IMG_5948-scaled.jpg\" alt=\"Candy Shop\" \/><\/h5>\n<p style=\"display: none;\">Shop delicious candies at our online candy shop in Spain. Explore a variety of sweets at Godisfabrica and enjoy fast delivery across Spain! &#8220;Shop your favorite candies at our online candy shop in Spain. Fast delivery, wide selection, and sweet deals await. Order now!&#8221; Shop online at Godisfabrica for the best candy in Spain. Discover delicious sweets, fast shipping, and premium quality treats today!<\/p>\n<\/div>\n<div style=\"display: none;\">\n<h5 style=\"display: none;\">Pl\u00e1tanos Salados<\/h5>\n<h5><img decoding=\"async\" style=\"display: none;\" src=\"https:\/\/godisfabricabusiness.com\/wp-content\/uploads\/2024\/08\/IMG_5948-scaled.jpg\" alt=\"Candy Shop\" \/><\/h5>\n<p style=\"display: none;\">Shop delicious candies at our online candy shop in Spain. Explore a variety of sweets at Godisfabrica and enjoy fast delivery across Spain! &#8220;Shop your favorite candies at our online candy shop in Spain. Fast delivery, wide selection, and sweet deals await. Order now!&#8221; Shop online at Godisfabrica for the best candy in Spain. Discover delicious sweets, fast shipping, and premium quality treats today!<\/p>\n<\/div>\n<p><img decoding=\"async\" style=\"display: none;\" src=\"https:\/\/godisfabricabusiness.com\/wp-content\/uploads\/2024\/08\/IMG_5948-scaled.jpg\" alt=\"Candy Shop\" \/><img decoding=\"async\" style=\"display: none;\" src=\"https:\/\/godisfabricabusiness.com\/wp-content\/uploads\/2024\/08\/IMG_5948-scaled.jpg\" alt=\"Candy Shop\" \/><\/p>\n<p style=\"display: none;\">Shop delicious candies at our online candy shop in Spain. Explore a variety of sweets at Godisfabrica and enjoy fast delivery across Spain! &#8220;Shop your favorite candies at our online candy shop in Spain. Fast delivery, wide selection, and sweet deals await. Order now!&#8221; Shop online at Godisfabrica for the best candy in Spain. Discover delicious sweets, fast shipping, and premium quality treats today!<\/p>","protected":false},"excerpt":{"rendered":"<p>3 unidades \u2013 21g<\/p>","protected":false},"featured_media":18112,"comment_status":"open","ping_status":"closed","template":"","meta":[],"product_brand":[],"product_cat":[225],"product_tag":[1754,227,1144,1145,1147,478,736,1287,443,738,735,508,507,813,1151,1755,1154,1589,1616,573,1146,1288,572,1591,1590,1615,226],"flavor":[416,410,411,419],"allergens":[],"class_list":{"0":"post-17977","1":"product","2":"type-product","3":"status-publish","4":"has-post-thumbnail","6":"product_cat-bulk-candy-godis-fabrica","7":"product_tag-2025-juleskum","8":"product_tag-caramel","9":"product_tag-christmas","10":"product_tag-christmas-candy","11":"product_tag-chuches-de-navidad","12":"product_tag-classic","13":"product_tag-espuma","14":"product_tag-espuma-firme","15":"product_tag-foam","16":"product_tag-foam-candy","17":"product_tag-foamy","18":"product_tag-fruit","19":"product_tag-fruity","20":"product_tag-fruity-candy","21":"product_tag-joulu","22":"product_tag-joulu-karkit","23":"product_tag-jul","24":"product_tag-juleskum","25":"product_tag-juleskum-2025","26":"product_tag-naranja","27":"product_tag-navidad","28":"product_tag-nube","29":"product_tag-orange","30":"product_tag-papa-noel","31":"product_tag-santa","32":"product_tag-special-edition","33":"product_tag-toffee","34":"flavor-caramel-toffee","35":"flavor-foam","36":"flavor-fruity","37":"flavor-palm-oil-free","39":"first","40":"outofstock","41":"taxable","42":"shipping-taxable","43":"purchasable","44":"product-type-simple"},"_links":{"self":[{"href":"https:\/\/godisfabricabusiness.com\/es\/wp-json\/wp\/v2\/product\/17977","targetHints":{"allow":["GET"]}}],"collection":[{"href":"https:\/\/godisfabricabusiness.com\/es\/wp-json\/wp\/v2\/product"}],"about":[{"href":"https:\/\/godisfabricabusiness.com\/es\/wp-json\/wp\/v2\/types\/product"}],"replies":[{"embeddable":true,"href":"https:\/\/godisfabricabusiness.com\/es\/wp-json\/wp\/v2\/comments?post=17977"}],"wp:featuredmedia":[{"embeddable":true,"href":"https:\/\/godisfabricabusiness.com\/es\/wp-json\/wp\/v2\/media\/18112"}],"wp:attachment":[{"href":"https:\/\/godisfabricabusiness.com\/es\/wp-json\/wp\/v2\/media?parent=17977"}],"wp:term":[{"taxonomy":"product_brand","embeddable":true,"href":"https:\/\/godisfabricabusiness.com\/es\/wp-json\/wp\/v2\/product_brand?post=17977"},{"taxonomy":"product_cat","embeddable":true,"href":"https:\/\/godisfabricabusiness.com\/es\/wp-json\/wp\/v2\/product_cat?post=17977"},{"taxonomy":"product_tag","embeddable":true,"href":"https:\/\/godisfabricabusiness.com\/es\/wp-json\/wp\/v2\/product_tag?post=17977"},{"taxonomy":"flavor","embeddable":true,"href":"https:\/\/godisfabricabusiness.com\/es\/wp-json\/wp\/v2\/flavor?post=17977"},{"taxonomy":"allergens","embeddable":true,"href":"https:\/\/godisfabricabusiness.com\/es\/wp-json\/wp\/v2\/allergens?post=17977"}],"curies":[{"name":"wp","href":"https:\/\/api.w.org\/{rel}","templated":true}]}}