{"id":17979,"date":"2025-10-25T13:46:22","date_gmt":"2025-10-25T11:46:22","guid":{"rendered":"https:\/\/godisfabricabusiness.com\/?post_type=product&#038;p=17979"},"modified":"2026-01-10T17:50:15","modified_gmt":"2026-01-10T16:50:15","slug":"french-nougat","status":"publish","type":"product","link":"https:\/\/godisfabricabusiness.com\/es\/producto\/french-nougat\/","title":{"rendered":"Turr\u00f3n Franc\u00e9s"},"content":{"rendered":"<p data-start=\"178\" data-end=\"237\">Turr\u00f3n Franc\u00e9s \u2013 \u00a1Los cubitos m\u00e1s dulces que jam\u00e1s hayas probado!<\/p>\n<p data-start=\"239\" data-end=\"451\">\u00a1Prep\u00e1rate para una experiencia de turr\u00f3n tan buena que roza la locura! Los cubitos de Turr\u00f3n Franc\u00e9s de Lonka con cacahuetes son suaves, masticables y llenos de felicidad\u2026 de esos que te hacen olvidar que prometiste compartir. Cada cubito combina un cremoso turr\u00f3n blanco con crujientes cacahuetes tostados, creando esa m\u00e1gica mezcla de dulce y salado perfecta. Es el tipo de capricho que se siente lo bastante elegante para Par\u00eds, pero lo bastante acogedor para disfrutar en el sof\u00e1.<\/p>\n<p data-start=\"683\" data-end=\"952\">Elaborado con mimo, el Turr\u00f3n Franc\u00e9s de Lonka es un cl\u00e1sico dulce holand\u00e9s inspirado en las tradicionales recetas francesas. Este turr\u00f3n suave y lleno de sabor es perfecto para acompa\u00f1ar el caf\u00e9, ideal como regalo y totalmente justificable como \u201cuno m\u00e1s y ya\u201d. Tus papilas gustativas dir\u00e1n merci!<\/p>\n<div style=\"display: none;\">\n<h5 style=\"display: none;\">Frambuesa de Gelatina<\/h5>\n<h5><img decoding=\"async\" style=\"display: none;\" src=\"https:\/\/godisfabricabusiness.com\/wp-content\/uploads\/2024\/08\/IMG_5948-scaled.jpg\" alt=\"Candy Shop\" \/><\/h5>\n<p style=\"display: none;\">Shop delicious candies at our online candy shop in Spain. Explore a variety of sweets at Godisfabrica and enjoy fast delivery across Spain! &#8220;Shop your favorite candies at our online candy shop in Spain. Fast delivery, wide selection, and sweet deals await. Order now!&#8221; Shop online at Godisfabrica for the best candy in Spain. Discover delicious sweets, fast shipping, and premium quality treats today!<\/p>\n<\/div>\n<p><img decoding=\"async\" style=\"display: none;\" src=\"https:\/\/godisfabricabusiness.com\/wp-content\/uploads\/2024\/08\/IMG_5948-scaled.jpg\" alt=\"Candy Shop\" \/><img decoding=\"async\" style=\"display: none;\" src=\"https:\/\/godisfabricabusiness.com\/wp-content\/uploads\/2024\/08\/IMG_5948-scaled.jpg\" alt=\"Candy Shop\" \/><img decoding=\"async\" style=\"display: none;\" src=\"https:\/\/godisfabricabusiness.com\/wp-content\/uploads\/2024\/08\/IMG_5948-scaled.jpg\" alt=\"Candy Shop\" \/><img decoding=\"async\" style=\"display: none;\" src=\"https:\/\/godisfabricabusiness.com\/wp-content\/uploads\/2024\/08\/IMG_5948-scaled.jpg\" alt=\"Candy Shop\" \/><\/p>","protected":false},"excerpt":{"rendered":"<p>2 unidades - 25g<\/p>","protected":false},"featured_media":18210,"comment_status":"open","ping_status":"closed","template":"","meta":[],"product_brand":[],"product_cat":[225,294],"product_tag":[227,580,583,478,481,997,709,480,1217,702,1058,1059,226,1291,749,231,1293,1292],"flavor":[423],"allergens":[],"class_list":{"0":"post-17979","1":"product","2":"type-product","3":"status-publish","4":"has-post-thumbnail","6":"product_cat-bulk-candy-godis-fabrica","7":"product_cat-top-50-godis-fabrica","8":"product_tag-caramel","9":"product_tag-caramelo","10":"product_tag-chewy","11":"product_tag-classic","12":"product_tag-fudge","13":"product_tag-kola","14":"product_tag-kolafabriken","15":"product_tag-lonka","16":"product_tag-masticable","17":"product_tag-new","18":"product_tag-soft","19":"product_tag-soft-bite","20":"product_tag-toffee","21":"product_tag-turron","22":"product_tag-vanilja","23":"product_tag-vanilla","24":"product_tag-vanilla-fudge","25":"product_tag-vanilla-taste","26":"flavor-fudge","28":"first","29":"outofstock","30":"taxable","31":"shipping-taxable","32":"purchasable","33":"product-type-simple"},"_links":{"self":[{"href":"https:\/\/godisfabricabusiness.com\/es\/wp-json\/wp\/v2\/product\/17979","targetHints":{"allow":["GET"]}}],"collection":[{"href":"https:\/\/godisfabricabusiness.com\/es\/wp-json\/wp\/v2\/product"}],"about":[{"href":"https:\/\/godisfabricabusiness.com\/es\/wp-json\/wp\/v2\/types\/product"}],"replies":[{"embeddable":true,"href":"https:\/\/godisfabricabusiness.com\/es\/wp-json\/wp\/v2\/comments?post=17979"}],"wp:featuredmedia":[{"embeddable":true,"href":"https:\/\/godisfabricabusiness.com\/es\/wp-json\/wp\/v2\/media\/18210"}],"wp:attachment":[{"href":"https:\/\/godisfabricabusiness.com\/es\/wp-json\/wp\/v2\/media?parent=17979"}],"wp:term":[{"taxonomy":"product_brand","embeddable":true,"href":"https:\/\/godisfabricabusiness.com\/es\/wp-json\/wp\/v2\/product_brand?post=17979"},{"taxonomy":"product_cat","embeddable":true,"href":"https:\/\/godisfabricabusiness.com\/es\/wp-json\/wp\/v2\/product_cat?post=17979"},{"taxonomy":"product_tag","embeddable":true,"href":"https:\/\/godisfabricabusiness.com\/es\/wp-json\/wp\/v2\/product_tag?post=17979"},{"taxonomy":"flavor","embeddable":true,"href":"https:\/\/godisfabricabusiness.com\/es\/wp-json\/wp\/v2\/flavor?post=17979"},{"taxonomy":"allergens","embeddable":true,"href":"https:\/\/godisfabricabusiness.com\/es\/wp-json\/wp\/v2\/allergens?post=17979"}],"curies":[{"name":"wp","href":"https:\/\/api.w.org\/{rel}","templated":true}]}}