{"id":17985,"date":"2025-10-25T15:29:21","date_gmt":"2025-10-25T13:29:21","guid":{"rendered":"https:\/\/godisfabricabusiness.com\/?post_type=product&#038;p=17985"},"modified":"2026-01-10T17:50:15","modified_gmt":"2026-01-10T16:50:15","slug":"gingerbread-fudge","status":"publish","type":"product","link":"https:\/\/godisfabricabusiness.com\/es\/producto\/gingerbread-fudge\/","title":{"rendered":"Fudge de Galleta Jengibre"},"content":{"rendered":"<p data-start=\"135\" data-end=\"200\">Fudge de Galleta Jengibre (gingerbread) \u2013 \u00a1Un peque\u00f1o cuadrado de felicidad navide\u00f1a!<\/p>\n<p data-start=\"202\" data-end=\"647\">\u00a1Prep\u00e1rate para llenarte de alegr\u00eda festiva! El Fudge de Galleta de Jengibre es como la Navidad en un cubito: suave, masticable y lleno del reconfortante sabor de las especias de la galleta de jengibre, que har\u00e1 que tus papilas gustativas bailen de alegr\u00eda. Cada a\u00f1o horneas galletas de jengibre y lo \u00fanico que quieres es probar un poco de masa antes de meterlas al horno\u2026 \u00a1Pues ahora puedes! El Fudge de Galleta de Jengibre es como ese trocito suave e irresistible de masa que secretamente robas cada Navidad.<\/p>\n<p data-start=\"649\" data-end=\"1010\">Cada bocado combina la untuosidad del fudge con el c\u00e1lido sabor cl\u00e1sico de la galleta de jengibre. Puede provocar nostalgia instant\u00e1nea, antojos repentinos y un impulso incontrolable de tararear villancicos mientras lo disfrutas. Porque, seamos sinceros, la vida es m\u00e1s dulce cuando es temporada de galletas de jengibre todo el a\u00f1o.<\/p>\n<div style=\"display: none;\">\n<h5 style=\"display: none;\">Frambuesa de Gelatina<\/h5>\n<h5><img decoding=\"async\" style=\"display: none;\" src=\"https:\/\/godisfabricabusiness.com\/wp-content\/uploads\/2024\/08\/IMG_5948-scaled.jpg\" alt=\"Candy Shop\" \/><\/h5>\n<p style=\"display: none;\">Shop delicious candies at our online candy shop in Spain. Explore a variety of sweets at Godisfabrica and enjoy fast delivery across Spain! &#8220;Shop your favorite candies at our online candy shop in Spain. Fast delivery, wide selection, and sweet deals await. Order now!&#8221; Shop online at Godisfabrica for the best candy in Spain. Discover delicious sweets, fast shipping, and premium quality treats today!<\/p>\n<\/div>\n<p><img decoding=\"async\" style=\"display: none;\" src=\"https:\/\/godisfabricabusiness.com\/wp-content\/uploads\/2024\/08\/IMG_5948-scaled.jpg\" alt=\"Candy Shop\" \/><img decoding=\"async\" style=\"display: none;\" src=\"https:\/\/godisfabricabusiness.com\/wp-content\/uploads\/2024\/08\/IMG_5948-scaled.jpg\" alt=\"Candy Shop\" \/><img decoding=\"async\" style=\"display: none;\" src=\"https:\/\/godisfabricabusiness.com\/wp-content\/uploads\/2024\/08\/IMG_5948-scaled.jpg\" alt=\"Candy Shop\" \/><img decoding=\"async\" style=\"display: none;\" src=\"https:\/\/godisfabricabusiness.com\/wp-content\/uploads\/2024\/08\/IMG_5948-scaled.jpg\" alt=\"Candy Shop\" \/><\/p>","protected":false},"excerpt":{"rendered":"<p>3 unidades - 25g<\/p>","protected":false},"featured_media":18225,"comment_status":"open","ping_status":"closed","template":"","meta":[],"product_brand":[],"product_cat":[225,294],"product_tag":[1232,227,580,583,1144,1145,478,451,481,1632,1631,1630,997,709,1217,1629,1628,1626,1627,1058,1059,226,1291],"flavor":[423],"allergens":[],"class_list":{"0":"post-17985","1":"product","2":"type-product","3":"status-publish","4":"has-post-thumbnail","6":"product_cat-bulk-candy-godis-fabrica","7":"product_cat-top-50-godis-fabrica","8":"product_tag-biscuit","9":"product_tag-caramel","10":"product_tag-caramelo","11":"product_tag-chewy","12":"product_tag-christmas","13":"product_tag-christmas-candy","14":"product_tag-classic","15":"product_tag-cookie","16":"product_tag-fudge","17":"product_tag-ginger","18":"product_tag-gingerbread","19":"product_tag-gingerbread-fudge","20":"product_tag-kola","21":"product_tag-kolafabriken","22":"product_tag-masticable","23":"product_tag-pepparkaks","24":"product_tag-pepparkaksfudge","25":"product_tag-pipari","26":"product_tag-piparkakku","27":"product_tag-soft","28":"product_tag-soft-bite","29":"product_tag-toffee","30":"product_tag-turron","31":"flavor-fudge","33":"first","34":"outofstock","35":"taxable","36":"shipping-taxable","37":"purchasable","38":"product-type-simple"},"_links":{"self":[{"href":"https:\/\/godisfabricabusiness.com\/es\/wp-json\/wp\/v2\/product\/17985","targetHints":{"allow":["GET"]}}],"collection":[{"href":"https:\/\/godisfabricabusiness.com\/es\/wp-json\/wp\/v2\/product"}],"about":[{"href":"https:\/\/godisfabricabusiness.com\/es\/wp-json\/wp\/v2\/types\/product"}],"replies":[{"embeddable":true,"href":"https:\/\/godisfabricabusiness.com\/es\/wp-json\/wp\/v2\/comments?post=17985"}],"wp:featuredmedia":[{"embeddable":true,"href":"https:\/\/godisfabricabusiness.com\/es\/wp-json\/wp\/v2\/media\/18225"}],"wp:attachment":[{"href":"https:\/\/godisfabricabusiness.com\/es\/wp-json\/wp\/v2\/media?parent=17985"}],"wp:term":[{"taxonomy":"product_brand","embeddable":true,"href":"https:\/\/godisfabricabusiness.com\/es\/wp-json\/wp\/v2\/product_brand?post=17985"},{"taxonomy":"product_cat","embeddable":true,"href":"https:\/\/godisfabricabusiness.com\/es\/wp-json\/wp\/v2\/product_cat?post=17985"},{"taxonomy":"product_tag","embeddable":true,"href":"https:\/\/godisfabricabusiness.com\/es\/wp-json\/wp\/v2\/product_tag?post=17985"},{"taxonomy":"flavor","embeddable":true,"href":"https:\/\/godisfabricabusiness.com\/es\/wp-json\/wp\/v2\/flavor?post=17985"},{"taxonomy":"allergens","embeddable":true,"href":"https:\/\/godisfabricabusiness.com\/es\/wp-json\/wp\/v2\/allergens?post=17985"}],"curies":[{"name":"wp","href":"https:\/\/api.w.org\/{rel}","templated":true}]}}