{"id":17990,"date":"2025-10-26T16:26:01","date_gmt":"2025-10-26T15:26:01","guid":{"rendered":"https:\/\/godisfabricabusiness.com\/?post_type=product&#038;p=17990"},"modified":"2026-01-10T17:50:15","modified_gmt":"2026-01-10T16:50:15","slug":"strawberry-fudge","status":"publish","type":"product","link":"https:\/\/godisfabricabusiness.com\/es\/producto\/strawberry-fudge\/","title":{"rendered":"Fudge de Fresa"},"content":{"rendered":"<p data-start=\"98\" data-end=\"166\">Fudge de Fresa \u2013 \u00a1La historia de amor m\u00e1s dulce en un cuadrado!<\/p>\n<p data-start=\"168\" data-end=\"412\">Descubre el Fudge de Fresa, el irresistible cubito que demuestra que el amor a primera mordida s\u00ed existe. Suave, cremoso y lleno de intenso sabor a fresa, es b\u00e1sicamente una comedia rom\u00e1ntica para tus papilas gustativas\u2026 sin los inc\u00f3modos primeros saludos.<\/p>\n<p data-start=\"414\" data-end=\"746\">El Fudge de Fresa combina una dulzura aterciopelada con un toque afrutado que har\u00e1 que tu boca baile de alegr\u00eda. Ya sea para compartirlo con alguien especial o guardarlo todo para ti, el Fudge de Fresa es el capricho perfecto para quienes creen que el postre tambi\u00e9n es autocuidado. Ideal para cajas de regalo, antojos repentinos o para sentir que est\u00e1s en un fabuloso campo de fresas.<\/p>\n<div style=\"display: none;\">\n<h5 style=\"display: none;\">Frambuesa de Gelatina<\/h5>\n<h5><img decoding=\"async\" style=\"display: none;\" src=\"https:\/\/godisfabricabusiness.com\/wp-content\/uploads\/2024\/08\/IMG_5948-scaled.jpg\" alt=\"Candy Shop\" \/><\/h5>\n<p style=\"display: none;\">Shop delicious candies at our online candy shop in Spain. Explore a variety of sweets at Godisfabrica and enjoy fast delivery across Spain! &#8220;Shop your favorite candies at our online candy shop in Spain. Fast delivery, wide selection, and sweet deals await. Order now!&#8221; Shop online at Godisfabrica for the best candy in Spain. Discover delicious sweets, fast shipping, and premium quality treats today!<\/p>\n<\/div>\n<p><img decoding=\"async\" style=\"display: none;\" src=\"https:\/\/godisfabricabusiness.com\/wp-content\/uploads\/2024\/08\/IMG_5948-scaled.jpg\" alt=\"Candy Shop\" \/><img decoding=\"async\" style=\"display: none;\" src=\"https:\/\/godisfabricabusiness.com\/wp-content\/uploads\/2024\/08\/IMG_5948-scaled.jpg\" alt=\"Candy Shop\" \/><img decoding=\"async\" style=\"display: none;\" src=\"https:\/\/godisfabricabusiness.com\/wp-content\/uploads\/2024\/08\/IMG_5948-scaled.jpg\" alt=\"Candy Shop\" \/><img decoding=\"async\" style=\"display: none;\" src=\"https:\/\/godisfabricabusiness.com\/wp-content\/uploads\/2024\/08\/IMG_5948-scaled.jpg\" alt=\"Candy Shop\" \/><\/p>","protected":false},"excerpt":{"rendered":"<p>3 unidades - 25g<\/p>","protected":false},"featured_media":18224,"comment_status":"open","ping_status":"closed","template":"","meta":[],"product_brand":[],"product_cat":[225,294],"product_tag":[227,580,583,1144,1145,478,615,481,997,709,1217,582,1171,1058,1059,522,1635,226,1291],"flavor":[411,423],"allergens":[],"class_list":{"0":"post-17990","1":"product","2":"type-product","3":"status-publish","4":"has-post-thumbnail","6":"product_cat-bulk-candy-godis-fabrica","7":"product_cat-top-50-godis-fabrica","8":"product_tag-caramel","9":"product_tag-caramelo","10":"product_tag-chewy","11":"product_tag-christmas","12":"product_tag-christmas-candy","13":"product_tag-classic","14":"product_tag-fresa","15":"product_tag-fudge","16":"product_tag-kola","17":"product_tag-kolafabriken","18":"product_tag-masticable","19":"product_tag-pink","20":"product_tag-pink-candy","21":"product_tag-soft","22":"product_tag-soft-bite","23":"product_tag-strawberry","24":"product_tag-strawberry-fudge","25":"product_tag-toffee","26":"product_tag-turron","27":"flavor-fruity","28":"flavor-fudge","30":"first","31":"outofstock","32":"taxable","33":"shipping-taxable","34":"purchasable","35":"product-type-simple"},"_links":{"self":[{"href":"https:\/\/godisfabricabusiness.com\/es\/wp-json\/wp\/v2\/product\/17990","targetHints":{"allow":["GET"]}}],"collection":[{"href":"https:\/\/godisfabricabusiness.com\/es\/wp-json\/wp\/v2\/product"}],"about":[{"href":"https:\/\/godisfabricabusiness.com\/es\/wp-json\/wp\/v2\/types\/product"}],"replies":[{"embeddable":true,"href":"https:\/\/godisfabricabusiness.com\/es\/wp-json\/wp\/v2\/comments?post=17990"}],"wp:featuredmedia":[{"embeddable":true,"href":"https:\/\/godisfabricabusiness.com\/es\/wp-json\/wp\/v2\/media\/18224"}],"wp:attachment":[{"href":"https:\/\/godisfabricabusiness.com\/es\/wp-json\/wp\/v2\/media?parent=17990"}],"wp:term":[{"taxonomy":"product_brand","embeddable":true,"href":"https:\/\/godisfabricabusiness.com\/es\/wp-json\/wp\/v2\/product_brand?post=17990"},{"taxonomy":"product_cat","embeddable":true,"href":"https:\/\/godisfabricabusiness.com\/es\/wp-json\/wp\/v2\/product_cat?post=17990"},{"taxonomy":"product_tag","embeddable":true,"href":"https:\/\/godisfabricabusiness.com\/es\/wp-json\/wp\/v2\/product_tag?post=17990"},{"taxonomy":"flavor","embeddable":true,"href":"https:\/\/godisfabricabusiness.com\/es\/wp-json\/wp\/v2\/flavor?post=17990"},{"taxonomy":"allergens","embeddable":true,"href":"https:\/\/godisfabricabusiness.com\/es\/wp-json\/wp\/v2\/allergens?post=17990"}],"curies":[{"name":"wp","href":"https:\/\/api.w.org\/{rel}","templated":true}]}}