{"id":17992,"date":"2025-10-26T16:39:18","date_gmt":"2025-10-26T15:39:18","guid":{"rendered":"https:\/\/godisfabricabusiness.com\/?post_type=product&#038;p=17992"},"modified":"2026-01-10T17:50:15","modified_gmt":"2026-01-10T16:50:15","slug":"tutti-frutti-fruits","status":"publish","type":"product","link":"https:\/\/godisfabricabusiness.com\/es\/producto\/tutti-frutti-fruits\/","title":{"rendered":"Frutas Tutti Frutti"},"content":{"rendered":"<p data-start=\"156\" data-end=\"225\">Frutas Tutti Frutti \u2013 \u00a1Una fiesta de frutas en tu boca!<\/p>\n<p data-start=\"227\" data-end=\"446\">\u00a1Prep\u00e1rate para liberar a tu fan\u00e1tico de la fruta interior! Frutas de Tutti Frutti es la mezcla definitiva de frambuesa jugosa, pera \u00e1cida, lim\u00f3n chispeante y mucho m\u00e1s: una fiesta salvaje y colorida donde cada bocado es una invitaci\u00f3n a la alegr\u00eda pura.<\/p>\n<p data-start=\"448\" data-end=\"727\">Hechos por Fazer, estos peque\u00f1os cl\u00e1sicos frutales est\u00e1n repletos de sabor aut\u00e9ntico y solo buenas vibras. Con colorantes naturales, sin gelatina y 100% aptos para veganos, podr\u00e1s picar sin culpa mientras tus papilas bailan al ritmo de la felicidad frutal. Tanto si decides guard\u00e1rtelos todos para ti (no diremos nada) como si los compartes con un amigo, Frutas de Tutti Frutti a\u00f1ade un toque de dulce caos a cada momento.<\/p>\n<div style=\"display: none;\">\n<h5 style=\"display: none;\">Frambuesa de Gelatina<\/h5>\n<h5><img decoding=\"async\" style=\"display: none;\" src=\"https:\/\/godisfabricabusiness.com\/wp-content\/uploads\/2024\/08\/IMG_5948-scaled.jpg\" alt=\"Candy Shop\" \/><\/h5>\n<p style=\"display: none;\">Shop delicious candies at our online candy shop in Spain. Explore a variety of sweets at Godisfabrica and enjoy fast delivery across Spain! &#8220;Shop your favorite candies at our online candy shop in Spain. Fast delivery, wide selection, and sweet deals await. Order now!&#8221; Shop online at Godisfabrica for the best candy in Spain. Discover delicious sweets, fast shipping, and premium quality treats today!<\/p>\n<\/div>\n<div style=\"display: none;\">\n<h5 style=\"display: none;\">Raspberry<\/h5>\n<h5><img decoding=\"async\" style=\"display: none;\" src=\"https:\/\/godisfabricabusiness.com\/wp-content\/uploads\/2024\/08\/IMG_5948-scaled.jpg\" alt=\"Candy Shop\" \/><\/h5>\n<p style=\"display: none;\">Shop delicious candies at our online candy shop in Spain. Explore a variety of sweets at Godisfabrica and enjoy fast delivery across Spain! &#8220;Shop your favorite candies at our online candy shop in Spain. Fast delivery, wide selection, and sweet deals await. Order now!&#8221; Shop online at Godisfabrica for the best candy in Spain. Discover delicious sweets, fast shipping, and premium quality treats today!<\/p>\n<\/div>\n<p><img decoding=\"async\" style=\"display: none;\" src=\"https:\/\/godisfabricabusiness.com\/wp-content\/uploads\/2024\/08\/IMG_5948-scaled.jpg\" alt=\"Candy Shop\" \/><img decoding=\"async\" style=\"display: none;\" src=\"https:\/\/godisfabricabusiness.com\/wp-content\/uploads\/2024\/08\/IMG_5948-scaled.jpg\" alt=\"Candy Shop\" \/><\/p>","protected":false},"excerpt":{"rendered":"<p>6 unidades \u2013 25g<\/p>","protected":false},"featured_media":18295,"comment_status":"open","ping_status":"closed","template":"","meta":[],"product_brand":[],"product_cat":[225,290],"product_tag":[1275,629,628,537,229,1107,508,540,1205,507,1276,1213,968,520,1348,1313,1222,543,1312,291,445,607],"flavor":[411],"allergens":[426,425],"class_list":{"0":"post-17992","1":"product","2":"type-product","3":"status-publish","4":"has-post-thumbnail","6":"product_cat-bulk-candy-godis-fabrica","7":"product_cat-vegan-products-godis-fabrica","8":"product_tag-baya","9":"product_tag-berries","10":"product_tag-berry","11":"product_tag-chuches-veganas","12":"product_tag-fazer","13":"product_tag-fazer-candy","14":"product_tag-fruit","15":"product_tag-fruit-candy","16":"product_tag-fruits","17":"product_tag-fruity","18":"product_tag-frutal","19":"product_tag-frutos","20":"product_tag-golosinas-veganas","21":"product_tag-melon","22":"product_tag-natural","23":"product_tag-sin-gelatin","24":"product_tag-sin-gelatina","25":"product_tag-tutti-frutti","26":"product_tag-tutti-frutti-sour","27":"product_tag-vegan","28":"product_tag-vegan-candy","29":"product_tag-vegano","30":"flavor-fruity","31":"allergens-gelatin-free","32":"allergens-vegan","34":"first","35":"outofstock","36":"taxable","37":"shipping-taxable","38":"purchasable","39":"product-type-simple"},"_links":{"self":[{"href":"https:\/\/godisfabricabusiness.com\/es\/wp-json\/wp\/v2\/product\/17992","targetHints":{"allow":["GET"]}}],"collection":[{"href":"https:\/\/godisfabricabusiness.com\/es\/wp-json\/wp\/v2\/product"}],"about":[{"href":"https:\/\/godisfabricabusiness.com\/es\/wp-json\/wp\/v2\/types\/product"}],"replies":[{"embeddable":true,"href":"https:\/\/godisfabricabusiness.com\/es\/wp-json\/wp\/v2\/comments?post=17992"}],"wp:featuredmedia":[{"embeddable":true,"href":"https:\/\/godisfabricabusiness.com\/es\/wp-json\/wp\/v2\/media\/18295"}],"wp:attachment":[{"href":"https:\/\/godisfabricabusiness.com\/es\/wp-json\/wp\/v2\/media?parent=17992"}],"wp:term":[{"taxonomy":"product_brand","embeddable":true,"href":"https:\/\/godisfabricabusiness.com\/es\/wp-json\/wp\/v2\/product_brand?post=17992"},{"taxonomy":"product_cat","embeddable":true,"href":"https:\/\/godisfabricabusiness.com\/es\/wp-json\/wp\/v2\/product_cat?post=17992"},{"taxonomy":"product_tag","embeddable":true,"href":"https:\/\/godisfabricabusiness.com\/es\/wp-json\/wp\/v2\/product_tag?post=17992"},{"taxonomy":"flavor","embeddable":true,"href":"https:\/\/godisfabricabusiness.com\/es\/wp-json\/wp\/v2\/flavor?post=17992"},{"taxonomy":"allergens","embeddable":true,"href":"https:\/\/godisfabricabusiness.com\/es\/wp-json\/wp\/v2\/allergens?post=17992"}],"curies":[{"name":"wp","href":"https:\/\/api.w.org\/{rel}","templated":true}]}}