{"id":18003,"date":"2025-10-27T16:28:30","date_gmt":"2025-10-27T15:28:30","guid":{"rendered":"https:\/\/godisfabricabusiness.com\/?post_type=product&#038;p=18003"},"modified":"2026-01-10T17:50:14","modified_gmt":"2026-01-10T16:50:14","slug":"raspberry-liquorice-mushrooms","status":"publish","type":"product","link":"https:\/\/godisfabricabusiness.com\/es\/producto\/raspberry-liquorice-mushrooms\/","title":{"rendered":"Setas Regaliz y Frambuesa"},"content":{"rendered":"<p data-start=\"123\" data-end=\"200\">Setas Regaliz y Frambuesa \u2013 \u00a1Los champi\u00f1ones m\u00e1s dulces y salados que jam\u00e1s masticar\u00e1s!<\/p>\n<p data-start=\"202\" data-end=\"510\">Hazte a un lado, tentempi\u00e9 aburrido: \u00a1las Setas Regaliz y Frambuesa han llegado para darle un toque dulce y divertido a tu mundo de golosinas! Estos encantadores dulces con forma de seta combinan una base blanda y masticable de regaliz con un delicioso sabor a frambuesa que sabe a un paseo m\u00e1gico por un bosque de caramelo\u2026 con un toque de misterio.<\/p>\n<p data-start=\"512\" data-end=\"678\">Son curiosamente afrutados y salados al mismo tiempo. Como si el escondite secreto de bayas de tu abuela se hubiera convertido en un caramelo\u2026 \u00a1y lo hubiera hecho de maravilla! Perfectos para los amantes del regaliz, los exploradores de sabores bot\u00e1nicos y los curiosos del dulce que buscan algo deliciosamente diferente. Pueden provocar antojos repentinos de fiestas de setas o picnics en el bosque.<\/p>","protected":false},"excerpt":{"rendered":"<p>6 unidades \u2013 23g<\/p>","protected":false},"featured_media":18111,"comment_status":"open","ping_status":"closed","template":"","meta":[],"product_brand":[],"product_cat":[225],"product_tag":[479,1642,631,966,508,540,1075,507,813,559,558,529,1135,1496,734,446,842,677,517,516,1499,552,568],"flavor":[410,411,413],"allergens":[],"class_list":{"0":"post-18003","1":"product","2":"type-product","3":"status-publish","4":"has-post-thumbnail","6":"product_cat-bulk-candy-godis-fabrica","7":"product_tag-championes","8":"product_tag-chuches-de-seta","9":"product_tag-frambuesa","10":"product_tag-franssons","11":"product_tag-fruit","12":"product_tag-fruit-candy","13":"product_tag-fruit-rings","14":"product_tag-fruity","15":"product_tag-fruity-candy","16":"product_tag-lakritsi","17":"product_tag-laku","18":"product_tag-liquorice","19":"product_tag-luxury","20":"product_tag-mushroom","21":"product_tag-mushroom-candy","22":"product_tag-raspberry","23":"product_tag-raspberry-taste","24":"product_tag-regaliz","25":"product_tag-salmiak","26":"product_tag-salmiakki","27":"product_tag-setas","28":"product_tag-swedish-candy","29":"product_tag-vadelma","30":"flavor-foam","31":"flavor-fruity","32":"flavor-liquorice","34":"first","35":"outofstock","36":"taxable","37":"shipping-taxable","38":"purchasable","39":"product-type-simple"},"_links":{"self":[{"href":"https:\/\/godisfabricabusiness.com\/es\/wp-json\/wp\/v2\/product\/18003","targetHints":{"allow":["GET"]}}],"collection":[{"href":"https:\/\/godisfabricabusiness.com\/es\/wp-json\/wp\/v2\/product"}],"about":[{"href":"https:\/\/godisfabricabusiness.com\/es\/wp-json\/wp\/v2\/types\/product"}],"replies":[{"embeddable":true,"href":"https:\/\/godisfabricabusiness.com\/es\/wp-json\/wp\/v2\/comments?post=18003"}],"wp:featuredmedia":[{"embeddable":true,"href":"https:\/\/godisfabricabusiness.com\/es\/wp-json\/wp\/v2\/media\/18111"}],"wp:attachment":[{"href":"https:\/\/godisfabricabusiness.com\/es\/wp-json\/wp\/v2\/media?parent=18003"}],"wp:term":[{"taxonomy":"product_brand","embeddable":true,"href":"https:\/\/godisfabricabusiness.com\/es\/wp-json\/wp\/v2\/product_brand?post=18003"},{"taxonomy":"product_cat","embeddable":true,"href":"https:\/\/godisfabricabusiness.com\/es\/wp-json\/wp\/v2\/product_cat?post=18003"},{"taxonomy":"product_tag","embeddable":true,"href":"https:\/\/godisfabricabusiness.com\/es\/wp-json\/wp\/v2\/product_tag?post=18003"},{"taxonomy":"flavor","embeddable":true,"href":"https:\/\/godisfabricabusiness.com\/es\/wp-json\/wp\/v2\/flavor?post=18003"},{"taxonomy":"allergens","embeddable":true,"href":"https:\/\/godisfabricabusiness.com\/es\/wp-json\/wp\/v2\/allergens?post=18003"}],"curies":[{"name":"wp","href":"https:\/\/api.w.org\/{rel}","templated":true}]}}