{"id":18005,"date":"2025-10-27T16:47:39","date_gmt":"2025-10-27T15:47:39","guid":{"rendered":"https:\/\/godisfabricabusiness.com\/?post_type=product&#038;p=18005"},"modified":"2026-01-10T17:50:14","modified_gmt":"2026-01-10T16:50:14","slug":"polka-stick","status":"publish","type":"product","link":"https:\/\/godisfabricabusiness.com\/es\/producto\/polka-stick\/","title":{"rendered":"Palito de Polka"},"content":{"rendered":"<p data-start=\"125\" data-end=\"184\">\u00a1Palito de Polka \u2013 la cl\u00e1sica menta dulce que te enamorar\u00e1!<\/p>\n<p data-start=\"180\" data-end=\"423\">\u00a1Prep\u00e1rate para darle un giro a tus papilas gustativas con el \u00fanico e inigualable Palito de Polka! Un remolino dulce y mentolado con toda la magia de los caramelos. Elaborado con pura perfecci\u00f3n de menta (peppermint), este cl\u00e1sico trae el esp\u00edritu navide\u00f1o durante todo el a\u00f1o.<\/p>\n<p data-start=\"425\" data-end=\"585\">Palito de Polka es perfecto para cajas de regalo, amantes de los dulces o para cualquiera que, en secreto, desee que todos los d\u00edas se sientan como Navidad. Recuerda que este delicioso capricho puede provocar una alegr\u00eda navide\u00f1a espont\u00e1nea y una nost\u00e1lgica a\u00f1oranza por los bastones de caramelo.<\/p>\n<div style=\"display: none;\">\n<h5 style=\"display: none;\">Frambuesa de Gelatina<\/h5>\n<h5><img decoding=\"async\" style=\"display: none;\" src=\"https:\/\/godisfabricabusiness.com\/wp-content\/uploads\/2024\/08\/IMG_5948-scaled.jpg\" alt=\"Candy Shop\" \/><\/h5>\n<p style=\"display: none;\">Shop delicious candies at our online candy shop in Spain. Explore a variety of sweets at Godisfabrica and enjoy fast delivery across Spain! &#8220;Shop your favorite candies at our online candy shop in Spain. Fast delivery, wide selection, and sweet deals await. Order now!&#8221; Shop online at Godisfabrica for the best candy in Spain. Discover delicious sweets, fast shipping, and premium quality treats today!<\/p>\n<\/div>\n<div style=\"display: none;\">\n<h5 style=\"display: none;\">Raspberry<\/h5>\n<h5><img decoding=\"async\" style=\"display: none;\" src=\"https:\/\/godisfabricabusiness.com\/wp-content\/uploads\/2024\/08\/IMG_5948-scaled.jpg\" alt=\"Candy Shop\" \/><\/h5>\n<p style=\"display: none;\">Shop delicious candies at our online candy shop in Spain. Explore a variety of sweets at Godisfabrica and enjoy fast delivery across Spain! &#8220;Shop your favorite candies at our online candy shop in Spain. Fast delivery, wide selection, and sweet deals await. Order now!&#8221; Shop online at Godisfabrica for the best candy in Spain. Discover delicious sweets, fast shipping, and premium quality treats today!<\/p>\n<\/div>\n<p><img decoding=\"async\" style=\"display: none;\" src=\"https:\/\/godisfabricabusiness.com\/wp-content\/uploads\/2024\/08\/IMG_5948-scaled.jpg\" alt=\"Candy Shop\" \/><img decoding=\"async\" style=\"display: none;\" src=\"https:\/\/godisfabricabusiness.com\/wp-content\/uploads\/2024\/08\/IMG_5948-scaled.jpg\" alt=\"Candy Shop\" \/><\/p>","protected":false},"excerpt":{"rendered":"<p>1 unidad \u2013 50g<\/p>","protected":false},"featured_media":18131,"comment_status":"open","ping_status":"closed","template":"","meta":[],"product_brand":[],"product_cat":[293],"product_tag":[1193,580,1189,1188,478,1383,701,1219,924,1480,1190,1187,689,460,722,1374,963,964,1481,1195,1196,1643],"flavor":[421,420,422],"allergens":[],"class_list":{"0":"post-18005","1":"product","2":"type-product","3":"status-publish","4":"has-post-thumbnail","6":"product_cat-candy-bags-godis-fabrica","7":"product_tag-art","8":"product_tag-caramelo","9":"product_tag-chupar","10":"product_tag-chupete","11":"product_tag-classic","12":"product_tag-espirulina","13":"product_tag-gelatin-free","14":"product_tag-gelatin-free-candy","15":"product_tag-hard-candy","16":"product_tag-herbabuena","17":"product_tag-lick","18":"product_tag-lollipop","19":"product_tag-menta","20":"product_tag-mint","21":"product_tag-minty","22":"product_tag-peppermint","23":"product_tag-polka","24":"product_tag-polka-candy","25":"product_tag-polka-lollipop","26":"product_tag-spiral","27":"product_tag-spiral-lollipop","28":"product_tag-stick","29":"flavor-lollipop","30":"flavor-mint","31":"flavor-wrapped","33":"first","34":"outofstock","35":"taxable","36":"shipping-taxable","37":"purchasable","38":"product-type-simple"},"_links":{"self":[{"href":"https:\/\/godisfabricabusiness.com\/es\/wp-json\/wp\/v2\/product\/18005","targetHints":{"allow":["GET"]}}],"collection":[{"href":"https:\/\/godisfabricabusiness.com\/es\/wp-json\/wp\/v2\/product"}],"about":[{"href":"https:\/\/godisfabricabusiness.com\/es\/wp-json\/wp\/v2\/types\/product"}],"replies":[{"embeddable":true,"href":"https:\/\/godisfabricabusiness.com\/es\/wp-json\/wp\/v2\/comments?post=18005"}],"wp:featuredmedia":[{"embeddable":true,"href":"https:\/\/godisfabricabusiness.com\/es\/wp-json\/wp\/v2\/media\/18131"}],"wp:attachment":[{"href":"https:\/\/godisfabricabusiness.com\/es\/wp-json\/wp\/v2\/media?parent=18005"}],"wp:term":[{"taxonomy":"product_brand","embeddable":true,"href":"https:\/\/godisfabricabusiness.com\/es\/wp-json\/wp\/v2\/product_brand?post=18005"},{"taxonomy":"product_cat","embeddable":true,"href":"https:\/\/godisfabricabusiness.com\/es\/wp-json\/wp\/v2\/product_cat?post=18005"},{"taxonomy":"product_tag","embeddable":true,"href":"https:\/\/godisfabricabusiness.com\/es\/wp-json\/wp\/v2\/product_tag?post=18005"},{"taxonomy":"flavor","embeddable":true,"href":"https:\/\/godisfabricabusiness.com\/es\/wp-json\/wp\/v2\/flavor?post=18005"},{"taxonomy":"allergens","embeddable":true,"href":"https:\/\/godisfabricabusiness.com\/es\/wp-json\/wp\/v2\/allergens?post=18005"}],"curies":[{"name":"wp","href":"https:\/\/api.w.org\/{rel}","templated":true}]}}