{"id":18009,"date":"2025-10-27T19:49:24","date_gmt":"2025-10-27T18:49:24","guid":{"rendered":"https:\/\/godisfabricabusiness.com\/?post_type=product&#038;p=18009"},"modified":"2026-01-10T17:50:14","modified_gmt":"2026-01-10T16:50:14","slug":"blueberry-rocks","status":"publish","type":"product","link":"https:\/\/godisfabricabusiness.com\/es\/producto\/blueberry-rocks\/","title":{"rendered":"Piedras de Ar\u00e1ndano"},"content":{"rendered":"<p data-start=\"117\" data-end=\"179\">Piedras de Ar\u00e1ndano \u2013 \u00a1Caramelos duros que rockean de verdad!<\/p>\n<p data-start=\"181\" data-end=\"584\">\u00a1Prep\u00e1rate para conocer las Piedras de Ar\u00e1ndano! Los cl\u00e1sicos caramelos duros que son tan atrevidos como bonitos. Estos caramelos brillantes de color azul claro pueden parecer inocentes, pero con un solo bocado estalla un intenso sabor a ar\u00e1ndano.<\/p>\n<p data-start=\"586\" data-end=\"999\">Es la mezcla perfecta de dulce y frescura, como un paseo por un bosque lleno de ar\u00e1ndanos. Ya sea para llenar un bol de chuches, organizar fiestas o simplemente tomar un pu\u00f1ado en tu escritorio, las Piedras de Ar\u00e1ndano har\u00e1n que tus papilas gustativas canten. Con su color azul brillante y su jugoso sabor a fruto, no son solo caramelos: \u00a1son pura alegr\u00eda!<\/p>\n<div style=\"display: none;\">\n<h5 style=\"display: none;\">Anillos de Fruta \u00c1cidas<\/h5>\n<h5><img decoding=\"async\" style=\"display: none;\" src=\"https:\/\/godisfabricabusiness.com\/wp-content\/uploads\/2024\/08\/IMG_5948-scaled.jpg\" alt=\"Candy Shop\" \/><\/h5>\n<p style=\"display: none;\">Shop delicious candies at our online candy shop in Spain. Explore a variety of sweets at Godisfabrica and enjoy fast delivery across Spain! &#8220;Shop your favorite candies at our online candy shop in Spain. Fast delivery, wide selection, and sweet deals await. Order now!&#8221; Shop online at Godisfabrica for the best candy in Spain. Discover delicious sweets, fast shipping, and premium quality treats today!<\/p>\n<\/div>\n<div style=\"display: none;\">\n<h5 style=\"display: none;\">Anillos de Fruta \u00c1cidas<\/h5>\n<h5><img decoding=\"async\" style=\"display: none;\" src=\"https:\/\/godisfabricabusiness.com\/wp-content\/uploads\/2024\/08\/IMG_5948-scaled.jpg\" alt=\"Candy Shop\" \/><\/h5>\n<p style=\"display: none;\">Shop delicious candies at our online candy shop in Spain. Explore a variety of sweets at Godisfabrica and enjoy fast delivery across Spain! &#8220;Shop your favorite candies at our online candy shop in Spain. Fast delivery, wide selection, and sweet deals await. Order now!&#8221; Shop online at Godisfabrica for the best candy in Spain. Discover delicious sweets, fast shipping, and premium quality treats today!<\/p>\n<\/div>\n<div style=\"display: none;\">\n<h5 style=\"display: none;\">Anillos de Fruta \u00c1cidas<\/h5>\n<h5><img decoding=\"async\" style=\"display: none;\" src=\"https:\/\/godisfabricabusiness.com\/wp-content\/uploads\/2024\/08\/IMG_5948-scaled.jpg\" alt=\"Candy Shop\" \/><\/h5>\n<p style=\"display: none;\">Shop delicious candies at our online candy shop in Spain. Explore a variety of sweets at Godisfabrica and enjoy fast delivery across Spain! &#8220;Shop your favorite candies at our online candy shop in Spain. Fast delivery, wide selection, and sweet deals await. Order now!&#8221; Shop online at Godisfabrica for the best candy in Spain. Discover delicious sweets, fast shipping, and premium quality treats today!<\/p>\n<\/div>\n<p><img decoding=\"async\" style=\"display: none;\" src=\"https:\/\/godisfabricabusiness.com\/wp-content\/uploads\/2024\/08\/IMG_5948-scaled.jpg\" alt=\"Candy Shop\" \/><\/p>","protected":false},"excerpt":{"rendered":"<p>4 units \u2013 27g<\/p>","protected":false},"featured_media":18117,"comment_status":"open","ping_status":"closed","template":"","meta":[],"product_brand":[],"product_cat":[225],"product_tag":[862,553,1524,628,538,895,580,1260,1189,1520,950,1648,592,1259,924,1656,892,1650,1521,1649,1647,552],"flavor":[411,1327],"allergens":[],"class_list":{"0":"post-18009","1":"product","2":"type-product","3":"status-publish","4":"has-post-thumbnail","6":"product_cat-bulk-candy-godis-fabrica","7":"product_tag-arando","8":"product_tag-balls","9":"product_tag-bayas-duras","10":"product_tag-berry","11":"product_tag-blueberry","12":"product_tag-blueberry-candy","13":"product_tag-caramelo","14":"product_tag-caramelo-duro","15":"product_tag-chupar","16":"product_tag-dura","17":"product_tag-duro","18":"product_tag-grahns","19":"product_tag-grahns-konfektyr","20":"product_tag-hard","21":"product_tag-hard-candy","22":"product_tag-kova-karkki","23":"product_tag-mustikka","24":"product_tag-piedra","25":"product_tag-rock","26":"product_tag-rocks","27":"product_tag-sabor-a-arandano","28":"product_tag-swedish-candy","29":"flavor-fruity","30":"flavor-hard-candy","32":"first","33":"outofstock","34":"taxable","35":"shipping-taxable","36":"purchasable","37":"product-type-simple"},"_links":{"self":[{"href":"https:\/\/godisfabricabusiness.com\/es\/wp-json\/wp\/v2\/product\/18009","targetHints":{"allow":["GET"]}}],"collection":[{"href":"https:\/\/godisfabricabusiness.com\/es\/wp-json\/wp\/v2\/product"}],"about":[{"href":"https:\/\/godisfabricabusiness.com\/es\/wp-json\/wp\/v2\/types\/product"}],"replies":[{"embeddable":true,"href":"https:\/\/godisfabricabusiness.com\/es\/wp-json\/wp\/v2\/comments?post=18009"}],"wp:featuredmedia":[{"embeddable":true,"href":"https:\/\/godisfabricabusiness.com\/es\/wp-json\/wp\/v2\/media\/18117"}],"wp:attachment":[{"href":"https:\/\/godisfabricabusiness.com\/es\/wp-json\/wp\/v2\/media?parent=18009"}],"wp:term":[{"taxonomy":"product_brand","embeddable":true,"href":"https:\/\/godisfabricabusiness.com\/es\/wp-json\/wp\/v2\/product_brand?post=18009"},{"taxonomy":"product_cat","embeddable":true,"href":"https:\/\/godisfabricabusiness.com\/es\/wp-json\/wp\/v2\/product_cat?post=18009"},{"taxonomy":"product_tag","embeddable":true,"href":"https:\/\/godisfabricabusiness.com\/es\/wp-json\/wp\/v2\/product_tag?post=18009"},{"taxonomy":"flavor","embeddable":true,"href":"https:\/\/godisfabricabusiness.com\/es\/wp-json\/wp\/v2\/flavor?post=18009"},{"taxonomy":"allergens","embeddable":true,"href":"https:\/\/godisfabricabusiness.com\/es\/wp-json\/wp\/v2\/allergens?post=18009"}],"curies":[{"name":"wp","href":"https:\/\/api.w.org\/{rel}","templated":true}]}}