{"id":18011,"date":"2025-10-27T20:15:27","date_gmt":"2025-10-27T19:15:27","guid":{"rendered":"https:\/\/godisfabricabusiness.com\/?post_type=product&#038;p=18011"},"modified":"2026-01-10T17:50:14","modified_gmt":"2026-01-10T16:50:14","slug":"hard-raspberry-liquorice-candy","status":"publish","type":"product","link":"https:\/\/godisfabricabusiness.com\/es\/producto\/hard-raspberry-liquorice-candy\/","title":{"rendered":"Caramelos Duros de Regaliz y Frambuesa"},"content":{"rendered":"<p>Caramelos Duros de Regaliz y Frambuesa (Hallonfilurer) \u2013 \u00a1Los caramelos de frambuesa con sorpresa salada!<\/p>\n<p>Conoce los Caramelos Duros de Regaliz y Frambuesa, los p\u00edcaros caramelos suecos que demuestran que el sabor a frambuesa puede ser dulce y travieso a la vez. Estas golosinas rojas esconden un polvo de regaliz salado en su interior, creando el equilibrio perfecto entre dulce y salado. \u00a1Un solo bocado y entender\u00e1s por qu\u00e9 se llaman \u201cpeque\u00f1os traviesos\u201d! Se desvanecer\u00e1n del cuenco de caramelos m\u00e1s r\u00e1pido que tu marido cuando toca limpiar la casa.<\/p>\n<p>Hechos para los amantes de los dulces que disfrutan de golosinas juguetonas y llenas de car\u00e1cter, los Caramelos Duros de Regaliz y Frambuesa aportan el encanto cl\u00e1sico de los caramelos en cada momento, ya sea para picar, compartir\u2026 o esconderlos secretamente.<\/p>\n<div style=\"display: none;\">\n<h5 style=\"display: none;\">Anillos de Fruta \u00c1cidas<\/h5>\n<h5><img decoding=\"async\" style=\"display: none;\" src=\"https:\/\/godisfabricabusiness.com\/wp-content\/uploads\/2024\/08\/IMG_5948-scaled.jpg\" alt=\"Candy Shop\" \/><\/h5>\n<p style=\"display: none;\">Shop delicious candies at our online candy shop in Spain. Explore a variety of sweets at Godisfabrica and enjoy fast delivery across Spain! &#8220;Shop your favorite candies at our online candy shop in Spain. Fast delivery, wide selection, and sweet deals await. Order now!&#8221; Shop online at Godisfabrica for the best candy in Spain. Discover delicious sweets, fast shipping, and premium quality treats today!<\/p>\n<\/div>\n<div style=\"display: none;\">\n<h5 style=\"display: none;\">Anillos de Fruta \u00c1cidas<\/h5>\n<h5><img decoding=\"async\" style=\"display: none;\" src=\"https:\/\/godisfabricabusiness.com\/wp-content\/uploads\/2024\/08\/IMG_5948-scaled.jpg\" alt=\"Candy Shop\" \/><\/h5>\n<p style=\"display: none;\">Shop delicious candies at our online candy shop in Spain. Explore a variety of sweets at Godisfabrica and enjoy fast delivery across Spain! &#8220;Shop your favorite candies at our online candy shop in Spain. Fast delivery, wide selection, and sweet deals await. Order now!&#8221; Shop online at Godisfabrica for the best candy in Spain. Discover delicious sweets, fast shipping, and premium quality treats today!<\/p>\n<\/div>\n<div style=\"display: none;\">\n<h5 style=\"display: none;\">Anillos de Fruta \u00c1cidas<\/h5>\n<h5><img decoding=\"async\" style=\"display: none;\" src=\"https:\/\/godisfabricabusiness.com\/wp-content\/uploads\/2024\/08\/IMG_5948-scaled.jpg\" alt=\"Candy Shop\" \/><\/h5>\n<p style=\"display: none;\">Shop delicious candies at our online candy shop in Spain. Explore a variety of sweets at Godisfabrica and enjoy fast delivery across Spain! &#8220;Shop your favorite candies at our online candy shop in Spain. Fast delivery, wide selection, and sweet deals await. Order now!&#8221; Shop online at Godisfabrica for the best candy in Spain. Discover delicious sweets, fast shipping, and premium quality treats today!<\/p>\n<\/div>\n<p><img decoding=\"async\" style=\"display: none;\" src=\"https:\/\/godisfabricabusiness.com\/wp-content\/uploads\/2024\/08\/IMG_5948-scaled.jpg\" alt=\"Candy Shop\" \/><\/p>","protected":false},"excerpt":{"rendered":"<p>8 unidades \u2013 28g<\/p>","protected":false},"featured_media":18322,"comment_status":"open","ping_status":"closed","template":"","meta":[],"product_brand":[],"product_cat":[225],"product_tag":[731,862,553,1523,629,628,1652,1189,950,631,1648,592,1259,924,1779,529,1780,1650,1782,1783,1781,446,1651,677,1521,1649,552],"flavor":[411,1327,413],"allergens":[],"class_list":{"0":"post-18011","1":"product","2":"type-product","3":"status-publish","4":"has-post-thumbnail","6":"product_cat-bulk-candy-godis-fabrica","7":"product_tag-acido","8":"product_tag-arando","9":"product_tag-balls","10":"product_tag-bayas","11":"product_tag-berries","12":"product_tag-berry","13":"product_tag-chuches-de-frambuesa","14":"product_tag-chupar","15":"product_tag-duro","16":"product_tag-frambuesa","17":"product_tag-grahns","18":"product_tag-grahns-konfektyr","19":"product_tag-hard","20":"product_tag-hard-candy","21":"product_tag-hockey-powder","22":"product_tag-liquorice","23":"product_tag-liquorice-powder","24":"product_tag-piedra","25":"product_tag-polvo","26":"product_tag-polvo-de-regaliz","27":"product_tag-powder","28":"product_tag-raspberry","29":"product_tag-raspberry-candy","30":"product_tag-regaliz","31":"product_tag-rock","32":"product_tag-rocks","33":"product_tag-swedish-candy","34":"flavor-fruity","35":"flavor-hard-candy","36":"flavor-liquorice","38":"first","39":"outofstock","40":"taxable","41":"shipping-taxable","42":"purchasable","43":"product-type-simple"},"_links":{"self":[{"href":"https:\/\/godisfabricabusiness.com\/es\/wp-json\/wp\/v2\/product\/18011","targetHints":{"allow":["GET"]}}],"collection":[{"href":"https:\/\/godisfabricabusiness.com\/es\/wp-json\/wp\/v2\/product"}],"about":[{"href":"https:\/\/godisfabricabusiness.com\/es\/wp-json\/wp\/v2\/types\/product"}],"replies":[{"embeddable":true,"href":"https:\/\/godisfabricabusiness.com\/es\/wp-json\/wp\/v2\/comments?post=18011"}],"wp:featuredmedia":[{"embeddable":true,"href":"https:\/\/godisfabricabusiness.com\/es\/wp-json\/wp\/v2\/media\/18322"}],"wp:attachment":[{"href":"https:\/\/godisfabricabusiness.com\/es\/wp-json\/wp\/v2\/media?parent=18011"}],"wp:term":[{"taxonomy":"product_brand","embeddable":true,"href":"https:\/\/godisfabricabusiness.com\/es\/wp-json\/wp\/v2\/product_brand?post=18011"},{"taxonomy":"product_cat","embeddable":true,"href":"https:\/\/godisfabricabusiness.com\/es\/wp-json\/wp\/v2\/product_cat?post=18011"},{"taxonomy":"product_tag","embeddable":true,"href":"https:\/\/godisfabricabusiness.com\/es\/wp-json\/wp\/v2\/product_tag?post=18011"},{"taxonomy":"flavor","embeddable":true,"href":"https:\/\/godisfabricabusiness.com\/es\/wp-json\/wp\/v2\/flavor?post=18011"},{"taxonomy":"allergens","embeddable":true,"href":"https:\/\/godisfabricabusiness.com\/es\/wp-json\/wp\/v2\/allergens?post=18011"}],"curies":[{"name":"wp","href":"https:\/\/api.w.org\/{rel}","templated":true}]}}