{"id":18013,"date":"2025-10-27T21:40:22","date_gmt":"2025-10-27T20:40:22","guid":{"rendered":"https:\/\/godisfabricabusiness.com\/?post_type=product&#038;p=18013"},"modified":"2026-01-10T17:50:14","modified_gmt":"2026-01-10T16:50:14","slug":"hard-banana-caramel","status":"publish","type":"product","link":"https:\/\/godisfabricabusiness.com\/es\/producto\/hard-banana-caramel\/","title":{"rendered":"Caramelos Duros de Pl\u00e1tano y Caramelo"},"content":{"rendered":"<p data-start=\"147\" data-end=\"217\">Caramelos Duros de Pl\u00e1tano y Caramelo \u2013 \u00a1Enloquece por la dulzura del caramelo!<\/p>\n<p data-start=\"219\" data-end=\"497\">Conoce el caramelo que demuestra que no tienes que elegir entre el cremoso caramelo y la diversi\u00f3n frutal \u2014 \u00a1los Caramelos Duros de Pl\u00e1tano y Caramelo de Grenna tienen ambos! Estas golosinas de rayas amarillas y marrones parecen peque\u00f1os remolinos de sol y saben a un sue\u00f1o tropical con un toque de caramelo irresistible.<\/p>\n<p data-start=\"499\" data-end=\"772\">Cada caramelo est\u00e1 hecho para saborearse lentamente \u2014 no para masticar. Solo m\u00e9telo en la boca, rel\u00e1jate y deja que la magia suave de pl\u00e1tano y caramelo derrita todas tus preocupaciones. Es la cl\u00e1sica artesan\u00eda sueca de Grenna, donde los caramelos no solo se hacen, \u00a1se interpretan! Dulces, nost\u00e1lgicos y con un toque de elegancia, estos caramelos duros son el capricho perfecto para quien disfruta su az\u00facar con estilo.<\/p>\n<div style=\"display: none;\">\n<h5 style=\"display: none;\">Anillos de Fruta \u00c1cidas<\/h5>\n<h5><img decoding=\"async\" style=\"display: none;\" src=\"https:\/\/godisfabricabusiness.com\/wp-content\/uploads\/2024\/08\/IMG_5948-scaled.jpg\" alt=\"Candy Shop\" \/><\/h5>\n<p style=\"display: none;\">Shop delicious candies at our online candy shop in Spain. Explore a variety of sweets at Godisfabrica and enjoy fast delivery across Spain! &#8220;Shop your favorite candies at our online candy shop in Spain. Fast delivery, wide selection, and sweet deals await. Order now!&#8221; Shop online at Godisfabrica for the best candy in Spain. Discover delicious sweets, fast shipping, and premium quality treats today!<\/p>\n<\/div>\n<div style=\"display: none;\">\n<h5 style=\"display: none;\">Anillos de Fruta \u00c1cidas<\/h5>\n<h5><img decoding=\"async\" style=\"display: none;\" src=\"https:\/\/godisfabricabusiness.com\/wp-content\/uploads\/2024\/08\/IMG_5948-scaled.jpg\" alt=\"Candy Shop\" \/><\/h5>\n<p style=\"display: none;\">Shop delicious candies at our online candy shop in Spain. Explore a variety of sweets at Godisfabrica and enjoy fast delivery across Spain! &#8220;Shop your favorite candies at our online candy shop in Spain. Fast delivery, wide selection, and sweet deals await. Order now!&#8221; Shop online at Godisfabrica for the best candy in Spain. Discover delicious sweets, fast shipping, and premium quality treats today!<\/p>\n<\/div>\n<div style=\"display: none;\">\n<h5 style=\"display: none;\">Anillos de Fruta \u00c1cidas<\/h5>\n<h5><img decoding=\"async\" style=\"display: none;\" src=\"https:\/\/godisfabricabusiness.com\/wp-content\/uploads\/2024\/08\/IMG_5948-scaled.jpg\" alt=\"Candy Shop\" \/><\/h5>\n<p style=\"display: none;\">Shop delicious candies at our online candy shop in Spain. Explore a variety of sweets at Godisfabrica and enjoy fast delivery across Spain! &#8220;Shop your favorite candies at our online candy shop in Spain. Fast delivery, wide selection, and sweet deals await. Order now!&#8221; Shop online at Godisfabrica for the best candy in Spain. Discover delicious sweets, fast shipping, and premium quality treats today!<\/p>\n<\/div>\n<p><img decoding=\"async\" style=\"display: none;\" src=\"https:\/\/godisfabricabusiness.com\/wp-content\/uploads\/2024\/08\/IMG_5948-scaled.jpg\" alt=\"Candy Shop\" \/><\/p>","protected":false},"excerpt":{"rendered":"<p>8 unidades \u2013 28g<\/p>","protected":false},"featured_media":18115,"comment_status":"open","ping_status":"closed","template":"","meta":[],"product_brand":[],"product_cat":[225],"product_tag":[553,613,475,1654,227,580,1260,1189,950,1519,1259,924,1655,997,1656,1650,610,1521,1649,1653,552,226,1233],"flavor":[416,411,1327],"allergens":[426],"class_list":{"0":"post-18013","1":"product","2":"type-product","3":"status-publish","4":"has-post-thumbnail","6":"product_cat-bulk-candy-godis-fabrica","7":"product_tag-balls","8":"product_tag-banaani","9":"product_tag-banana","10":"product_tag-banankola","11":"product_tag-caramel","12":"product_tag-caramelo","13":"product_tag-caramelo-duro","14":"product_tag-chupar","15":"product_tag-duro","16":"product_tag-grenna","17":"product_tag-hard","18":"product_tag-hard-candy","19":"product_tag-karamelli","20":"product_tag-kola","21":"product_tag-kova-karkki","22":"product_tag-piedra","23":"product_tag-platano","24":"product_tag-rock","25":"product_tag-rocks","26":"product_tag-sabor-a-platano","27":"product_tag-swedish-candy","28":"product_tag-toffee","29":"product_tag-toffee-candy","30":"flavor-caramel-toffee","31":"flavor-fruity","32":"flavor-hard-candy","33":"allergens-gelatin-free","35":"first","36":"outofstock","37":"taxable","38":"shipping-taxable","39":"purchasable","40":"product-type-simple"},"_links":{"self":[{"href":"https:\/\/godisfabricabusiness.com\/es\/wp-json\/wp\/v2\/product\/18013","targetHints":{"allow":["GET"]}}],"collection":[{"href":"https:\/\/godisfabricabusiness.com\/es\/wp-json\/wp\/v2\/product"}],"about":[{"href":"https:\/\/godisfabricabusiness.com\/es\/wp-json\/wp\/v2\/types\/product"}],"replies":[{"embeddable":true,"href":"https:\/\/godisfabricabusiness.com\/es\/wp-json\/wp\/v2\/comments?post=18013"}],"wp:featuredmedia":[{"embeddable":true,"href":"https:\/\/godisfabricabusiness.com\/es\/wp-json\/wp\/v2\/media\/18115"}],"wp:attachment":[{"href":"https:\/\/godisfabricabusiness.com\/es\/wp-json\/wp\/v2\/media?parent=18013"}],"wp:term":[{"taxonomy":"product_brand","embeddable":true,"href":"https:\/\/godisfabricabusiness.com\/es\/wp-json\/wp\/v2\/product_brand?post=18013"},{"taxonomy":"product_cat","embeddable":true,"href":"https:\/\/godisfabricabusiness.com\/es\/wp-json\/wp\/v2\/product_cat?post=18013"},{"taxonomy":"product_tag","embeddable":true,"href":"https:\/\/godisfabricabusiness.com\/es\/wp-json\/wp\/v2\/product_tag?post=18013"},{"taxonomy":"flavor","embeddable":true,"href":"https:\/\/godisfabricabusiness.com\/es\/wp-json\/wp\/v2\/flavor?post=18013"},{"taxonomy":"allergens","embeddable":true,"href":"https:\/\/godisfabricabusiness.com\/es\/wp-json\/wp\/v2\/allergens?post=18013"}],"curies":[{"name":"wp","href":"https:\/\/api.w.org\/{rel}","templated":true}]}}