{"id":18017,"date":"2025-10-27T22:39:25","date_gmt":"2025-10-27T21:39:25","guid":{"rendered":"https:\/\/godisfabricabusiness.com\/?post_type=product&#038;p=18017"},"modified":"2026-01-10T17:50:14","modified_gmt":"2026-01-10T16:50:14","slug":"berry-soothers","status":"publish","type":"product","link":"https:\/\/godisfabricabusiness.com\/es\/producto\/berry-soothers\/","title":{"rendered":"Chupetes de Frutos Rojos"},"content":{"rendered":"<p data-start=\"153\" data-end=\"228\">Chupetes de Frutos Rojos \u2013 \u00a1La versi\u00f3n de frutos rojos del caramelo m\u00e1s famoso del mundo!<\/p>\n<p data-start=\"230\" data-end=\"565\">Todos conocen los legendarios Chupetes de Haribo, \u00a1pero ellos dijeron: \u201cHag\u00e1moslos incre\u00edblemente frutales!\u201d Chupetes de Frutos Rojos son chupetes de gelatina jugosos que explotan con sabor a fruta. Cada mordisco trae una mezcla de fresa, frambuesa, grosella negra y otras delicias silvestres que har\u00e1n que tus papilas gustativas se r\u00edan como cuando eras ni\u00f1o.<\/p>\n<p data-start=\"567\" data-end=\"779\">\u00a0Suaves, masticables y llenos de sabor, estos caramelos coloridos son un giro divertido sobre un cl\u00e1sico europeo. Chupetes de Frutos Rojos son perfectos para boles de chuches, fiestas o esos momentos en los que solo necesitas \u201capaciguar\u201d tus antojos de az\u00facar. Pueden causar sonrisas incontrolables y nostalgia.<\/p>\n<div style=\"display: none;\">\n<h5 style=\"display: none;\">Anillos de Fruta \u00c1cidas<\/h5>\n<h5><img decoding=\"async\" style=\"display: none;\" src=\"https:\/\/godisfabricabusiness.com\/wp-content\/uploads\/2024\/08\/IMG_5948-scaled.jpg\" alt=\"Candy Shop\" \/><\/h5>\n<p style=\"display: none;\">Shop delicious candies at our online candy shop in Spain. Explore a variety of sweets at Godisfabrica and enjoy fast delivery across Spain! &#8220;Shop your favorite candies at our online candy shop in Spain. Fast delivery, wide selection, and sweet deals await. Order now!&#8221; Shop online at Godisfabrica for the best candy in Spain. Discover delicious sweets, fast shipping, and premium quality treats today!<\/p>\n<\/div>\n<div style=\"display: none;\">\n<h5 style=\"display: none;\">Anillos de Fruta \u00c1cidas<\/h5>\n<h5><img decoding=\"async\" style=\"display: none;\" src=\"https:\/\/godisfabricabusiness.com\/wp-content\/uploads\/2024\/08\/IMG_5948-scaled.jpg\" alt=\"Candy Shop\" \/><\/h5>\n<p style=\"display: none;\">Shop delicious candies at our online candy shop in Spain. Explore a variety of sweets at Godisfabrica and enjoy fast delivery across Spain! &#8220;Shop your favorite candies at our online candy shop in Spain. Fast delivery, wide selection, and sweet deals await. Order now!&#8221; Shop online at Godisfabrica for the best candy in Spain. Discover delicious sweets, fast shipping, and premium quality treats today!<\/p>\n<\/div>\n<div style=\"display: none;\">\n<h5 style=\"display: none;\">Anillos de Fruta \u00c1cidas<\/h5>\n<h5><img decoding=\"async\" style=\"display: none;\" src=\"https:\/\/godisfabricabusiness.com\/wp-content\/uploads\/2024\/08\/IMG_5948-scaled.jpg\" alt=\"Candy Shop\" \/><\/h5>\n<p style=\"display: none;\">Shop delicious candies at our online candy shop in Spain. Explore a variety of sweets at Godisfabrica and enjoy fast delivery across Spain! &#8220;Shop your favorite candies at our online candy shop in Spain. Fast delivery, wide selection, and sweet deals await. Order now!&#8221; Shop online at Godisfabrica for the best candy in Spain. Discover delicious sweets, fast shipping, and premium quality treats today!<\/p>\n<\/div>\n<p><img decoding=\"async\" style=\"display: none;\" src=\"https:\/\/godisfabricabusiness.com\/wp-content\/uploads\/2024\/08\/IMG_5948-scaled.jpg\" alt=\"Candy Shop\" \/><\/p>","protected":false},"excerpt":{"rendered":"<p>5 units \u2013 23g<\/p>","protected":false},"featured_media":18294,"comment_status":"open","ping_status":"closed","template":"","meta":[],"product_brand":[],"product_cat":[225],"product_tag":[731,862,553,1523,629,628,538,895,1657,1264,1189,897,506,440,801,1659,892,1660,1650,1521,1649,1647,504,552,899,1658],"flavor":[411,417],"allergens":[],"class_list":{"0":"post-18017","1":"product","2":"type-product","3":"status-publish","4":"has-post-thumbnail","6":"product_cat-bulk-candy-godis-fabrica","7":"product_tag-acido","8":"product_tag-arando","9":"product_tag-balls","10":"product_tag-bayas","11":"product_tag-berries","12":"product_tag-berry","13":"product_tag-blueberry","14":"product_tag-blueberry-candy","15":"product_tag-chewy-berry-rocks","16":"product_tag-chuches-haribo","17":"product_tag-chupar","18":"product_tag-forest-berries","19":"product_tag-haribo","20":"product_tag-jelly","21":"product_tag-jelly-candy","22":"product_tag-maoam","23":"product_tag-mustikka","24":"product_tag-pacifier","25":"product_tag-piedra","26":"product_tag-rock","27":"product_tag-rocks","28":"product_tag-sabor-a-arandano","29":"product_tag-soother","30":"product_tag-swedish-candy","31":"product_tag-wild-berries","32":"product_tag-wild-berry","33":"flavor-fruity","34":"flavor-jelly","36":"first","37":"outofstock","38":"taxable","39":"shipping-taxable","40":"purchasable","41":"product-type-simple"},"_links":{"self":[{"href":"https:\/\/godisfabricabusiness.com\/es\/wp-json\/wp\/v2\/product\/18017","targetHints":{"allow":["GET"]}}],"collection":[{"href":"https:\/\/godisfabricabusiness.com\/es\/wp-json\/wp\/v2\/product"}],"about":[{"href":"https:\/\/godisfabricabusiness.com\/es\/wp-json\/wp\/v2\/types\/product"}],"replies":[{"embeddable":true,"href":"https:\/\/godisfabricabusiness.com\/es\/wp-json\/wp\/v2\/comments?post=18017"}],"wp:featuredmedia":[{"embeddable":true,"href":"https:\/\/godisfabricabusiness.com\/es\/wp-json\/wp\/v2\/media\/18294"}],"wp:attachment":[{"href":"https:\/\/godisfabricabusiness.com\/es\/wp-json\/wp\/v2\/media?parent=18017"}],"wp:term":[{"taxonomy":"product_brand","embeddable":true,"href":"https:\/\/godisfabricabusiness.com\/es\/wp-json\/wp\/v2\/product_brand?post=18017"},{"taxonomy":"product_cat","embeddable":true,"href":"https:\/\/godisfabricabusiness.com\/es\/wp-json\/wp\/v2\/product_cat?post=18017"},{"taxonomy":"product_tag","embeddable":true,"href":"https:\/\/godisfabricabusiness.com\/es\/wp-json\/wp\/v2\/product_tag?post=18017"},{"taxonomy":"flavor","embeddable":true,"href":"https:\/\/godisfabricabusiness.com\/es\/wp-json\/wp\/v2\/flavor?post=18017"},{"taxonomy":"allergens","embeddable":true,"href":"https:\/\/godisfabricabusiness.com\/es\/wp-json\/wp\/v2\/allergens?post=18017"}],"curies":[{"name":"wp","href":"https:\/\/api.w.org\/{rel}","templated":true}]}}