{"id":18019,"date":"2025-10-27T22:52:42","date_gmt":"2025-10-27T21:52:42","guid":{"rendered":"https:\/\/godisfabricabusiness.com\/?post_type=product&#038;p=18019"},"modified":"2026-01-10T17:50:14","modified_gmt":"2026-01-10T16:50:14","slug":"sour-mango-tubes","status":"publish","type":"product","link":"https:\/\/godisfabricabusiness.com\/es\/producto\/sour-mango-tubes\/","title":{"rendered":"Tubos de Mango"},"content":{"rendered":"<p data-start=\"95\" data-end=\"159\">Tubos de Mango \u2013 \u00a1\u00c1cidos, masticables y totalmente mango-liciosos!<\/p>\n<p data-start=\"161\" data-end=\"494\">Conoce los Tubos de Mango \u00c1cido, el caramelo que demuestra que el amarillo nunca hab\u00eda sido tan aventurero. Con una textura ligeramente masticable al estilo regaliz en el exterior y un suave y cremoso centro de mango, cada bocado es una explosi\u00f3n tropical \u00e1cida, todo envuelto en un divertido recubrimiento de az\u00facar \u00e1cida que har\u00e1 bailar de alegr\u00eda a tus papilas gustativas.<\/p>\n<p data-start=\"496\" data-end=\"718\">Perfectos para los cuencos de caramelos de oto\u00f1o o para picar en el escritorio, estos tubos amarillos convierten cualquier momento en una dulce y \u00e1cida aventura de mango. Un solo tubo nunca es suficiente\u2026 tus amigos podr\u00edan empezar a esconderlos.<\/p>\n<div style=\"display: none;\">\n<h5 style=\"display: none;\">Frambuesa de Gelatina<\/h5>\n<h5><img decoding=\"async\" style=\"display: none;\" src=\"https:\/\/godisfabricabusiness.com\/wp-content\/uploads\/2024\/08\/IMG_5948-scaled.jpg\" alt=\"Candy Shop\" \/><\/h5>\n<p style=\"display: none;\">Shop delicious candies at our online candy shop in Spain. Explore a variety of sweets at Godisfabrica and enjoy fast delivery across Spain! &#8220;Shop your favorite candies at our online candy shop in Spain. Fast delivery, wide selection, and sweet deals await. Order now!&#8221; Shop online at Godisfabrica for the best candy in Spain. Discover delicious sweets, fast shipping, and premium quality treats today!<\/p>\n<\/div>\n<div style=\"display: none;\">\n<h5 style=\"display: none;\">Raspberry<\/h5>\n<h5><img decoding=\"async\" style=\"display: none;\" src=\"https:\/\/godisfabricabusiness.com\/wp-content\/uploads\/2024\/08\/IMG_5948-scaled.jpg\" alt=\"Candy Shop\" \/><\/h5>\n<p style=\"display: none;\">Shop delicious candies at our online candy shop in Spain. Explore a variety of sweets at Godisfabrica and enjoy fast delivery across Spain! &#8220;Shop your favorite candies at our online candy shop in Spain. Fast delivery, wide selection, and sweet deals await. Order now!&#8221; Shop online at Godisfabrica for the best candy in Spain. Discover delicious sweets, fast shipping, and premium quality treats today!<\/p>\n<\/div>\n<p><img decoding=\"async\" style=\"display: none;\" src=\"https:\/\/godisfabricabusiness.com\/wp-content\/uploads\/2024\/08\/IMG_5948-scaled.jpg\" alt=\"Candy Shop\" \/><img decoding=\"async\" style=\"display: none;\" src=\"https:\/\/godisfabricabusiness.com\/wp-content\/uploads\/2024\/08\/IMG_5948-scaled.jpg\" alt=\"Candy Shop\" \/><\/p>","protected":false},"excerpt":{"rendered":"<p>2 unidades \u2013 24g<\/p>","protected":false},"featured_media":18227,"comment_status":"open","ping_status":"closed","template":"","meta":[],"product_brand":[],"product_cat":[225],"product_tag":[1128,1040,1537,1229,508,540,1205,507,1276,1213,1662,1663,1664,435,1661,657,554],"flavor":[411,415],"allergens":[],"class_list":{"0":"post-18019","1":"product","2":"type-product","3":"status-publish","4":"has-post-thumbnail","6":"product_cat-bulk-candy-godis-fabrica","7":"product_tag-acida","8":"product_tag-amarillo","9":"product_tag-autumn","10":"product_tag-dulce","11":"product_tag-fruit","12":"product_tag-fruit-candy","13":"product_tag-fruits","14":"product_tag-fruity","15":"product_tag-frutal","16":"product_tag-frutos","17":"product_tag-mango","18":"product_tag-mango-candy","19":"product_tag-sabor-a-mango","20":"product_tag-sour","21":"product_tag-sour-mango-tubes","22":"product_tag-sweet-and-sour","23":"product_tag-yellow","24":"flavor-fruity","25":"flavor-sour","27":"first","28":"outofstock","29":"taxable","30":"shipping-taxable","31":"purchasable","32":"product-type-simple"},"_links":{"self":[{"href":"https:\/\/godisfabricabusiness.com\/es\/wp-json\/wp\/v2\/product\/18019","targetHints":{"allow":["GET"]}}],"collection":[{"href":"https:\/\/godisfabricabusiness.com\/es\/wp-json\/wp\/v2\/product"}],"about":[{"href":"https:\/\/godisfabricabusiness.com\/es\/wp-json\/wp\/v2\/types\/product"}],"replies":[{"embeddable":true,"href":"https:\/\/godisfabricabusiness.com\/es\/wp-json\/wp\/v2\/comments?post=18019"}],"wp:featuredmedia":[{"embeddable":true,"href":"https:\/\/godisfabricabusiness.com\/es\/wp-json\/wp\/v2\/media\/18227"}],"wp:attachment":[{"href":"https:\/\/godisfabricabusiness.com\/es\/wp-json\/wp\/v2\/media?parent=18019"}],"wp:term":[{"taxonomy":"product_brand","embeddable":true,"href":"https:\/\/godisfabricabusiness.com\/es\/wp-json\/wp\/v2\/product_brand?post=18019"},{"taxonomy":"product_cat","embeddable":true,"href":"https:\/\/godisfabricabusiness.com\/es\/wp-json\/wp\/v2\/product_cat?post=18019"},{"taxonomy":"product_tag","embeddable":true,"href":"https:\/\/godisfabricabusiness.com\/es\/wp-json\/wp\/v2\/product_tag?post=18019"},{"taxonomy":"flavor","embeddable":true,"href":"https:\/\/godisfabricabusiness.com\/es\/wp-json\/wp\/v2\/flavor?post=18019"},{"taxonomy":"allergens","embeddable":true,"href":"https:\/\/godisfabricabusiness.com\/es\/wp-json\/wp\/v2\/allergens?post=18019"}],"curies":[{"name":"wp","href":"https:\/\/api.w.org\/{rel}","templated":true}]}}