{"id":18021,"date":"2025-10-27T23:10:24","date_gmt":"2025-10-27T22:10:24","guid":{"rendered":"https:\/\/godisfabricabusiness.com\/?post_type=product&#038;p=18021"},"modified":"2026-01-10T17:50:14","modified_gmt":"2026-01-10T16:50:14","slug":"marshmallow-strawberry","status":"publish","type":"product","link":"https:\/\/godisfabricabusiness.com\/es\/producto\/marshmallow-strawberry\/","title":{"rendered":"Nubes de Fresa"},"content":{"rendered":"<p>Nubes de Fresa \u2013 \u00a1Suave, dulce y con un toque travieso!<\/p>\n<p>Estos esponjosos y afrutados malvaviscos han llegado para animar tu momento de snack. Con forma de jugosas fresas rosas, cada pieza est\u00e1 ligeramente espolvoreada con az\u00facar \u00e1cido para ese toque perfecto de dulzura traviesa. Suaves, esponjosos y llenos de sabor a fresa, son como peque\u00f1as nubes de felicidad en cada bocado.<\/p>\n<p>Ya los disfrutes uno a uno o a pu\u00f1ados, las Nubes de Fresa garantiza a\u00f1adir un toque divertido y esponjoso a tu d\u00eda.<\/p>\n<div style=\"display: none;\">\n<h5 style=\"display: none;\">Frambuesa de Gelatina<\/h5>\n<h5><img decoding=\"async\" style=\"display: none;\" src=\"https:\/\/godisfabricabusiness.com\/wp-content\/uploads\/2024\/08\/IMG_5948-scaled.jpg\" alt=\"Candy Shop\" \/><\/h5>\n<p style=\"display: none;\">Shop delicious candies at our online candy shop in Spain. Explore a variety of sweets at Godisfabrica and enjoy fast delivery across Spain! &#8220;Shop your favorite candies at our online candy shop in Spain. Fast delivery, wide selection, and sweet deals await. Order now!&#8221; Shop online at Godisfabrica for the best candy in Spain. Discover delicious sweets, fast shipping, and premium quality treats today!<\/p>\n<\/div>\n<div style=\"display: none;\">\n<h5 style=\"display: none;\">Raspberry<\/h5>\n<h5><img decoding=\"async\" style=\"display: none;\" src=\"https:\/\/godisfabricabusiness.com\/wp-content\/uploads\/2024\/08\/IMG_5948-scaled.jpg\" alt=\"Candy Shop\" \/><\/h5>\n<p style=\"display: none;\">Shop delicious candies at our online candy shop in Spain. Explore a variety of sweets at Godisfabrica and enjoy fast delivery across Spain! &#8220;Shop your favorite candies at our online candy shop in Spain. Fast delivery, wide selection, and sweet deals await. Order now!&#8221; Shop online at Godisfabrica for the best candy in Spain. Discover delicious sweets, fast shipping, and premium quality treats today!<\/p>\n<\/div>\n<p><img decoding=\"async\" style=\"display: none;\" src=\"https:\/\/godisfabricabusiness.com\/wp-content\/uploads\/2024\/08\/IMG_5948-scaled.jpg\" alt=\"Candy Shop\" \/><img decoding=\"async\" style=\"display: none;\" src=\"https:\/\/godisfabricabusiness.com\/wp-content\/uploads\/2024\/08\/IMG_5948-scaled.jpg\" alt=\"Candy Shop\" \/><\/p>","protected":false},"excerpt":{"rendered":"<p>3 unidades - 27g<\/p>","protected":false},"featured_media":18195,"comment_status":"open","ping_status":"closed","template":"","meta":[],"product_brand":[],"product_cat":[225],"product_tag":[1338,736,738,735,540,1205,507,1213,1336,960,1337,962,961,1091,702,1214,522,792],"flavor":[410,411,415],"allergens":[],"class_list":{"0":"post-18021","1":"product","2":"type-product","3":"status-publish","4":"has-post-thumbnail","6":"product_cat-bulk-candy-godis-fabrica","7":"product_tag-cono","8":"product_tag-espuma","9":"product_tag-foam-candy","10":"product_tag-foamy","11":"product_tag-fruit-candy","12":"product_tag-fruits","13":"product_tag-fruity","14":"product_tag-frutos","15":"product_tag-haugen-group-ab","16":"product_tag-helado","17":"product_tag-ice-cream","18":"product_tag-ice-cream-candy","19":"product_tag-jaatelo","20":"product_tag-marshmallow","21":"product_tag-new","22":"product_tag-nubes","23":"product_tag-strawberry","24":"product_tag-strawberry-foam","25":"flavor-foam","26":"flavor-fruity","27":"flavor-sour","29":"first","30":"outofstock","31":"taxable","32":"shipping-taxable","33":"purchasable","34":"product-type-simple"},"_links":{"self":[{"href":"https:\/\/godisfabricabusiness.com\/es\/wp-json\/wp\/v2\/product\/18021","targetHints":{"allow":["GET"]}}],"collection":[{"href":"https:\/\/godisfabricabusiness.com\/es\/wp-json\/wp\/v2\/product"}],"about":[{"href":"https:\/\/godisfabricabusiness.com\/es\/wp-json\/wp\/v2\/types\/product"}],"replies":[{"embeddable":true,"href":"https:\/\/godisfabricabusiness.com\/es\/wp-json\/wp\/v2\/comments?post=18021"}],"wp:featuredmedia":[{"embeddable":true,"href":"https:\/\/godisfabricabusiness.com\/es\/wp-json\/wp\/v2\/media\/18195"}],"wp:attachment":[{"href":"https:\/\/godisfabricabusiness.com\/es\/wp-json\/wp\/v2\/media?parent=18021"}],"wp:term":[{"taxonomy":"product_brand","embeddable":true,"href":"https:\/\/godisfabricabusiness.com\/es\/wp-json\/wp\/v2\/product_brand?post=18021"},{"taxonomy":"product_cat","embeddable":true,"href":"https:\/\/godisfabricabusiness.com\/es\/wp-json\/wp\/v2\/product_cat?post=18021"},{"taxonomy":"product_tag","embeddable":true,"href":"https:\/\/godisfabricabusiness.com\/es\/wp-json\/wp\/v2\/product_tag?post=18021"},{"taxonomy":"flavor","embeddable":true,"href":"https:\/\/godisfabricabusiness.com\/es\/wp-json\/wp\/v2\/flavor?post=18021"},{"taxonomy":"allergens","embeddable":true,"href":"https:\/\/godisfabricabusiness.com\/es\/wp-json\/wp\/v2\/allergens?post=18021"}],"curies":[{"name":"wp","href":"https:\/\/api.w.org\/{rel}","templated":true}]}}