{"id":18027,"date":"2025-10-28T11:04:31","date_gmt":"2025-10-28T10:04:31","guid":{"rendered":"https:\/\/godisfabricabusiness.com\/?post_type=product&#038;p=18027"},"modified":"2026-01-10T17:50:14","modified_gmt":"2026-01-10T16:50:14","slug":"super-salty-fish","status":"publish","type":"product","link":"https:\/\/godisfabricabusiness.com\/es\/producto\/super-salty-fish\/","title":{"rendered":"Peces S\u00faper Salados"},"content":{"rendered":"<p data-start=\"95\" data-end=\"156\">Peces S\u00faper Salados \u2013 \u00a1El caramelo n\u00f3rdico que contraataca!<\/p>\n<p data-start=\"158\" data-end=\"474\">\u00bfListo para nadar por el lado m\u00e1s salvaje? Peces S\u00faper Salados son las chuches definitivas de regaliz con salmiak, pensadas para los m\u00e1s valientes. Con forma de pececitos y cubiertos con una potente capa de polvo salado, estas delicias negras y masticables no solo saben saladas: \u00a1le dan una bofetada de sabor a tus papilas gustativas como una ola en plena tormenta n\u00f3rdica!<\/p>\n<p data-start=\"476\" data-end=\"697\">Amados por los escandinavos y temidos por los desprevenidos, los Peces S\u00faper Salados ofrecen ese toque intenso y adictivo de salmiak que hace que los verdaderos fans del regaliz siempre quieran m\u00e1s\u2026 hasta que la bolsa desaparece misteriosamente. Si buscas un caramelo con actitud \u2014fuerte, salado y gloriosamente sin complejos\u2014, lanza la red y atrapa unos cuantos Peces S\u00faper Salados. Puede que estos pececillos te conviertan en un aut\u00e9ntico amante del regaliz.<\/p>\n<div style=\"display: none;\">\n<h5 style=\"display: none;\">Frambuesa de Gelatina<\/h5>\n<h5><img decoding=\"async\" style=\"display: none;\" src=\"https:\/\/godisfabricabusiness.com\/wp-content\/uploads\/2024\/08\/IMG_5948-scaled.jpg\" alt=\"Candy Shop\" \/><\/h5>\n<p style=\"display: none;\">Shop delicious candies at our online candy shop in Spain. Explore a variety of sweets at Godisfabrica and enjoy fast delivery across Spain! &#8220;Shop your favorite candies at our online candy shop in Spain. Fast delivery, wide selection, and sweet deals await. Order now!&#8221; Shop online at Godisfabrica for the best candy in Spain. Discover delicious sweets, fast shipping, and premium quality treats today!<\/p>\n<\/div>\n<div style=\"display: none;\">\n<h5 style=\"display: none;\">Raspberry<\/h5>\n<h5><img decoding=\"async\" style=\"display: none;\" src=\"https:\/\/godisfabricabusiness.com\/wp-content\/uploads\/2024\/08\/IMG_5948-scaled.jpg\" alt=\"Candy Shop\" \/><\/h5>\n<p style=\"display: none;\">Shop delicious candies at our online candy shop in Spain. Explore a variety of sweets at Godisfabrica and enjoy fast delivery across Spain! &#8220;Shop your favorite candies at our online candy shop in Spain. Fast delivery, wide selection, and sweet deals await. Order now!&#8221; Shop online at Godisfabrica for the best candy in Spain. Discover delicious sweets, fast shipping, and premium quality treats today!<\/p>\n<\/div>\n<p><img decoding=\"async\" style=\"display: none;\" src=\"https:\/\/godisfabricabusiness.com\/wp-content\/uploads\/2024\/08\/IMG_5948-scaled.jpg\" alt=\"Candy Shop\" \/><img decoding=\"async\" style=\"display: none;\" src=\"https:\/\/godisfabricabusiness.com\/wp-content\/uploads\/2024\/08\/IMG_5948-scaled.jpg\" alt=\"Candy Shop\" \/><\/p>","protected":false},"excerpt":{"rendered":"<p>3 units \u2013 22g<\/p>","protected":false},"featured_media":18028,"comment_status":"open","ping_status":"closed","template":"","meta":[],"product_brand":[],"product_cat":[225],"product_tag":[1353,1675,1008,236,529,579,1212,1355,1354,677,1362,732,517,516,1032,561,923,1674,1673,552],"flavor":[413,414],"allergens":[],"class_list":{"0":"post-18027","1":"product","2":"type-product","3":"status-publish","4":"has-post-thumbnail","6":"product_cat-bulk-candy-godis-fabrica","7":"product_tag-bold-licorice","8":"product_tag-chuches-salados","9":"product_tag-fish","10":"product_tag-licorice","11":"product_tag-liquorice","12":"product_tag-malaco","13":"product_tag-pescado","14":"product_tag-pure","15":"product_tag-real-liquorice","16":"product_tag-regaliz","17":"product_tag-regaliz-salado","18":"product_tag-salado","19":"product_tag-salmiak","20":"product_tag-salmiakki","21":"product_tag-salta","22":"product_tag-salty","23":"product_tag-salty-liquorice","24":"product_tag-sillar","25":"product_tag-supersalta-sillar","26":"product_tag-swedish-candy","27":"flavor-liquorice","28":"flavor-salty","30":"first","31":"outofstock","32":"taxable","33":"shipping-taxable","34":"purchasable","35":"product-type-simple"},"_links":{"self":[{"href":"https:\/\/godisfabricabusiness.com\/es\/wp-json\/wp\/v2\/product\/18027","targetHints":{"allow":["GET"]}}],"collection":[{"href":"https:\/\/godisfabricabusiness.com\/es\/wp-json\/wp\/v2\/product"}],"about":[{"href":"https:\/\/godisfabricabusiness.com\/es\/wp-json\/wp\/v2\/types\/product"}],"replies":[{"embeddable":true,"href":"https:\/\/godisfabricabusiness.com\/es\/wp-json\/wp\/v2\/comments?post=18027"}],"wp:featuredmedia":[{"embeddable":true,"href":"https:\/\/godisfabricabusiness.com\/es\/wp-json\/wp\/v2\/media\/18028"}],"wp:attachment":[{"href":"https:\/\/godisfabricabusiness.com\/es\/wp-json\/wp\/v2\/media?parent=18027"}],"wp:term":[{"taxonomy":"product_brand","embeddable":true,"href":"https:\/\/godisfabricabusiness.com\/es\/wp-json\/wp\/v2\/product_brand?post=18027"},{"taxonomy":"product_cat","embeddable":true,"href":"https:\/\/godisfabricabusiness.com\/es\/wp-json\/wp\/v2\/product_cat?post=18027"},{"taxonomy":"product_tag","embeddable":true,"href":"https:\/\/godisfabricabusiness.com\/es\/wp-json\/wp\/v2\/product_tag?post=18027"},{"taxonomy":"flavor","embeddable":true,"href":"https:\/\/godisfabricabusiness.com\/es\/wp-json\/wp\/v2\/flavor?post=18027"},{"taxonomy":"allergens","embeddable":true,"href":"https:\/\/godisfabricabusiness.com\/es\/wp-json\/wp\/v2\/allergens?post=18027"}],"curies":[{"name":"wp","href":"https:\/\/api.w.org\/{rel}","templated":true}]}}