{"id":18029,"date":"2025-10-28T11:24:59","date_gmt":"2025-10-28T10:24:59","guid":{"rendered":"https:\/\/godisfabricabusiness.com\/?post_type=product&#038;p=18029"},"modified":"2026-01-10T17:50:14","modified_gmt":"2026-01-10T16:50:14","slug":"sour-grapefruit-bottles","status":"publish","type":"product","link":"https:\/\/godisfabricabusiness.com\/es\/producto\/sour-grapefruit-bottles\/","title":{"rendered":"Botellas de Pomelo \u00c1cida"},"content":{"rendered":"<p data-start=\"100\" data-end=\"169\">Botellas de Pomelo \u00c1cida \u2013 \u00a1Peque\u00f1as botellas, gran actitud c\u00edtrica!<\/p>\n<p data-start=\"171\" data-end=\"507\">Conoce las Botellitas de Pomelo \u00c1cidas, las peque\u00f1as gominolas con un toque chispeante que te dan un golpe de c\u00edtrico en cada mordisco. Dulces, \u00e1cidas y llenas del intenso sabor a pomelo, estos caramelos con forma de botellita saben a un refresco rosa con gas convertido en pura felicidad masticable \u2014 con un toque \u00e1cido que despierta tus papilas gustativas y las pone a trabajar.<\/p>\n<p data-start=\"509\" data-end=\"705\">Son adorables, son \u00e1cidas y har\u00e1n que tu cara haga ese \u201cmueca de caramelo \u00e1cido\u201d\u2026 ya sabes, esa. Perfectas para boles de chuches, noches de cine o cuando necesites un estallido refrescante de diversi\u00f3n frutal. Deja que la alegr\u00eda c\u00edtrica fluya \u2014 las Botellitas de Pomelo \u00c1cidas est\u00e1n listas para alegrar tu d\u00eda, \u00a1un mordisco \u00e1cido a la vez!<\/p>\n<div style=\"display: none;\">\n<h5 style=\"display: none;\">Frambuesa de Gelatina<\/h5>\n<h5><img decoding=\"async\" style=\"display: none;\" src=\"https:\/\/godisfabricabusiness.com\/wp-content\/uploads\/2024\/08\/IMG_5948-scaled.jpg\" alt=\"Candy Shop\" \/><\/h5>\n<p style=\"display: none;\">Shop delicious candies at our online candy shop in Spain. Explore a variety of sweets at Godisfabrica and enjoy fast delivery across Spain! &#8220;Shop your favorite candies at our online candy shop in Spain. Fast delivery, wide selection, and sweet deals await. Order now!&#8221; Shop online at Godisfabrica for the best candy in Spain. Discover delicious sweets, fast shipping, and premium quality treats today!<\/p>\n<\/div>\n<div style=\"display: none;\">\n<h5 style=\"display: none;\">Raspberry<\/h5>\n<h5><img decoding=\"async\" style=\"display: none;\" src=\"https:\/\/godisfabricabusiness.com\/wp-content\/uploads\/2024\/08\/IMG_5948-scaled.jpg\" alt=\"Candy Shop\" \/><\/h5>\n<p style=\"display: none;\">Shop delicious candies at our online candy shop in Spain. Explore a variety of sweets at Godisfabrica and enjoy fast delivery across Spain! &#8220;Shop your favorite candies at our online candy shop in Spain. Fast delivery, wide selection, and sweet deals await. Order now!&#8221; Shop online at Godisfabrica for the best candy in Spain. Discover delicious sweets, fast shipping, and premium quality treats today!<\/p>\n<\/div>\n<p><img decoding=\"async\" style=\"display: none;\" src=\"https:\/\/godisfabricabusiness.com\/wp-content\/uploads\/2024\/08\/IMG_5948-scaled.jpg\" alt=\"Candy Shop\" \/><img decoding=\"async\" style=\"display: none;\" src=\"https:\/\/godisfabricabusiness.com\/wp-content\/uploads\/2024\/08\/IMG_5948-scaled.jpg\" alt=\"Candy Shop\" \/><\/p>","protected":false},"excerpt":{"rendered":"<p>4 unidades - 24g<\/p>","protected":false},"featured_media":18298,"comment_status":"open","ping_status":"closed","template":"","meta":[],"product_brand":[],"product_cat":[225],"product_tag":[1128,731,1272,591,1110,508,540,1205,507,1276,1213,1677,1676,546,579,572,435,1074],"flavor":[411,417,415],"allergens":[],"class_list":{"0":"post-18029","1":"product","2":"type-product","3":"status-publish","4":"has-post-thumbnail","6":"product_cat-bulk-candy-godis-fabrica","7":"product_tag-acida","8":"product_tag-acido","9":"product_tag-botella","10":"product_tag-bottle","11":"product_tag-chuches-acidas","12":"product_tag-fruit","13":"product_tag-fruit-candy","14":"product_tag-fruits","15":"product_tag-fruity","16":"product_tag-frutal","17":"product_tag-frutos","18":"product_tag-grape","19":"product_tag-grapefruit","20":"product_tag-lemon","21":"product_tag-malaco","22":"product_tag-orange","23":"product_tag-sour","24":"product_tag-sura","25":"flavor-fruity","26":"flavor-jelly","27":"flavor-sour","29":"first","30":"outofstock","31":"taxable","32":"shipping-taxable","33":"purchasable","34":"product-type-simple"},"_links":{"self":[{"href":"https:\/\/godisfabricabusiness.com\/es\/wp-json\/wp\/v2\/product\/18029","targetHints":{"allow":["GET"]}}],"collection":[{"href":"https:\/\/godisfabricabusiness.com\/es\/wp-json\/wp\/v2\/product"}],"about":[{"href":"https:\/\/godisfabricabusiness.com\/es\/wp-json\/wp\/v2\/types\/product"}],"replies":[{"embeddable":true,"href":"https:\/\/godisfabricabusiness.com\/es\/wp-json\/wp\/v2\/comments?post=18029"}],"wp:featuredmedia":[{"embeddable":true,"href":"https:\/\/godisfabricabusiness.com\/es\/wp-json\/wp\/v2\/media\/18298"}],"wp:attachment":[{"href":"https:\/\/godisfabricabusiness.com\/es\/wp-json\/wp\/v2\/media?parent=18029"}],"wp:term":[{"taxonomy":"product_brand","embeddable":true,"href":"https:\/\/godisfabricabusiness.com\/es\/wp-json\/wp\/v2\/product_brand?post=18029"},{"taxonomy":"product_cat","embeddable":true,"href":"https:\/\/godisfabricabusiness.com\/es\/wp-json\/wp\/v2\/product_cat?post=18029"},{"taxonomy":"product_tag","embeddable":true,"href":"https:\/\/godisfabricabusiness.com\/es\/wp-json\/wp\/v2\/product_tag?post=18029"},{"taxonomy":"flavor","embeddable":true,"href":"https:\/\/godisfabricabusiness.com\/es\/wp-json\/wp\/v2\/flavor?post=18029"},{"taxonomy":"allergens","embeddable":true,"href":"https:\/\/godisfabricabusiness.com\/es\/wp-json\/wp\/v2\/allergens?post=18029"}],"curies":[{"name":"wp","href":"https:\/\/api.w.org\/{rel}","templated":true}]}}