{"id":18040,"date":"2025-10-29T11:54:59","date_gmt":"2025-10-29T10:54:59","guid":{"rendered":"https:\/\/godisfabricabusiness.com\/?post_type=product&#038;p=18040"},"modified":"2026-01-10T17:50:14","modified_gmt":"2026-01-10T16:50:14","slug":"milkshake-gingerbread","status":"publish","type":"product","link":"https:\/\/godisfabricabusiness.com\/es\/producto\/milkshake-gingerbread\/","title":{"rendered":"Batido Galleta de Jengibre"},"content":{"rendered":"<p data-start=\"122\" data-end=\"199\">Batido Galleta de Jengibre \u2013 \u00a1Magia navide\u00f1a en cada bocado!<\/p>\n<p data-start=\"201\" data-end=\"571\">Descubre \"Batido\" Galleta de Jengibre, el dulce festivo que sabe a Navidad entrando sigilosamente en la cocina y empezando a hornear a medianoche. Este suave y delicioso caramelo tipo fudge est\u00e1 infusionado con el acogedor sabor de la masa de galleta de jengibre, y luego ba\u00f1ado en suave chocolate para maximizar la alegr\u00eda navide\u00f1a. Cada bocado se siente como abrazar a un mu\u00f1eco de nieve con toque de canela.<\/p>\n<p data-start=\"573\" data-end=\"824\">Hecho con amor por la abuela sueca Lisa (MorMor Lisas). Son c\u00e1lidos, dulces y peligrosamente irresistibles \u2014 como las tradiciones navide\u00f1as, pero con m\u00e1s chocolate y menos fotos familiares inc\u00f3modas. Agr\u00e9galos a tu carrito antes de que desaparezcan como Santa por una chimenea. Porque cuando los Milkshake Galleta de Jengibre de edici\u00f3n limitada dejan de sonar, solo queda el arrepentimiento y un bol de caramelos vac\u00edo.<\/p>\n<div style=\"display: none;\">\n<h5 style=\"display: none;\">Marabou Sea Salt Chocolateh5&gt;<br \/>\n<img decoding=\"async\" style=\"display: none;\" src=\"https:\/\/godisfabricabusiness.com\/wp-content\/uploads\/2024\/08\/IMG_5948-scaled.jpg\" alt=\"Candy Shop\" \/><\/h5>\n<p style=\"display: none;\">Shop delicious candies at our online candy shop in Spain. Explore a variety of sweets at Godisfabrica and enjoy fast delivery across Spain! &#8220;Shop your favorite candies at our online candy shop in Spain. Fast delivery, wide selection, and sweet deals await. Order now!&#8221; Shop online at Godisfabrica for the best candy in Spain. Discover delicious sweets, fast shipping, and premium quality treats today!<\/p>\n<\/div>\n<div style=\"display: none;\">\n<h5 style=\"display: none;\">Marabou Sea Salt Chocolateh5&gt;<br \/>\n<img decoding=\"async\" style=\"display: none;\" src=\"https:\/\/godisfabricabusiness.com\/wp-content\/uploads\/2024\/08\/IMG_5948-scaled.jpg\" alt=\"Candy Shop\" \/><\/h5>\n<p style=\"display: none;\">Shop delicious candies at our online candy shop in Spain. Explore a variety of sweets at Godisfabrica and enjoy fast delivery across Spain! &#8220;Shop your favorite candies at our online candy shop in Spain. Fast delivery, wide selection, and sweet deals await. Order now!&#8221; Shop online at Godisfabrica for the best candy in Spain. Discover delicious sweets, fast shipping, and premium quality treats today!<\/p>\n<\/div>\n<div style=\"display: none;\">\n<h5 style=\"display: none;\">Marabou Sea Salt Chocolateh5&gt;<br \/>\n<img decoding=\"async\" style=\"display: none;\" src=\"https:\/\/godisfabricabusiness.com\/wp-content\/uploads\/2024\/08\/IMG_5948-scaled.jpg\" alt=\"Candy Shop\" \/><\/h5>\n<p style=\"display: none;\">Shop delicious candies at our online candy shop in Spain. Explore a variety of sweets at Godisfabrica and enjoy fast delivery across Spain! &#8220;Shop your favorite candies at our online candy shop in Spain. Fast delivery, wide selection, and sweet deals await. Order now!&#8221; Shop online at Godisfabrica for the best candy in Spain. Discover delicious sweets, fast shipping, and premium quality treats today!<\/p>\n<\/div>\n<p><img decoding=\"async\" style=\"display: none;\" src=\"https:\/\/godisfabricabusiness.com\/wp-content\/uploads\/2024\/08\/IMG_5948-scaled.jpg\" alt=\"Candy Shop\" \/><\/p>","protected":false},"excerpt":{"rendered":"<p>2 unidades \u2013 23g<\/p>","protected":false},"featured_media":18189,"comment_status":"open","ping_status":"closed","template":"","meta":[],"product_brand":[],"product_cat":[243,225,294],"product_tag":[1232,230,1144,1145,1158,1147,451,1632,1631,499,838,1690,1417,836,1146,468,1626,1627,503,497],"flavor":[412,423],"allergens":[],"class_list":{"0":"post-18040","1":"product","2":"type-product","3":"status-publish","4":"has-post-thumbnail","6":"product_cat-chocolates-godis-fabrica","7":"product_cat-bulk-candy-godis-fabrica","8":"product_cat-top-50-godis-fabrica","9":"product_tag-biscuit","10":"product_tag-chocolate","11":"product_tag-christmas","12":"product_tag-christmas-candy","13":"product_tag-christmas-chocolate","14":"product_tag-chuches-de-navidad","15":"product_tag-cookie","16":"product_tag-ginger","17":"product_tag-gingerbread","18":"product_tag-milk-chocolate","19":"product_tag-milkshake","20":"product_tag-mormor","21":"product_tag-mormor-lisa","22":"product_tag-mormor-lisas","23":"product_tag-navidad","24":"product_tag-original","25":"product_tag-pipari","26":"product_tag-piparkakku","27":"product_tag-popular","28":"product_tag-swedish-chocolate","29":"flavor-chocolate","30":"flavor-fudge","32":"first","33":"outofstock","34":"taxable","35":"shipping-taxable","36":"purchasable","37":"product-type-simple"},"_links":{"self":[{"href":"https:\/\/godisfabricabusiness.com\/es\/wp-json\/wp\/v2\/product\/18040","targetHints":{"allow":["GET"]}}],"collection":[{"href":"https:\/\/godisfabricabusiness.com\/es\/wp-json\/wp\/v2\/product"}],"about":[{"href":"https:\/\/godisfabricabusiness.com\/es\/wp-json\/wp\/v2\/types\/product"}],"replies":[{"embeddable":true,"href":"https:\/\/godisfabricabusiness.com\/es\/wp-json\/wp\/v2\/comments?post=18040"}],"wp:featuredmedia":[{"embeddable":true,"href":"https:\/\/godisfabricabusiness.com\/es\/wp-json\/wp\/v2\/media\/18189"}],"wp:attachment":[{"href":"https:\/\/godisfabricabusiness.com\/es\/wp-json\/wp\/v2\/media?parent=18040"}],"wp:term":[{"taxonomy":"product_brand","embeddable":true,"href":"https:\/\/godisfabricabusiness.com\/es\/wp-json\/wp\/v2\/product_brand?post=18040"},{"taxonomy":"product_cat","embeddable":true,"href":"https:\/\/godisfabricabusiness.com\/es\/wp-json\/wp\/v2\/product_cat?post=18040"},{"taxonomy":"product_tag","embeddable":true,"href":"https:\/\/godisfabricabusiness.com\/es\/wp-json\/wp\/v2\/product_tag?post=18040"},{"taxonomy":"flavor","embeddable":true,"href":"https:\/\/godisfabricabusiness.com\/es\/wp-json\/wp\/v2\/flavor?post=18040"},{"taxonomy":"allergens","embeddable":true,"href":"https:\/\/godisfabricabusiness.com\/es\/wp-json\/wp\/v2\/allergens?post=18040"}],"curies":[{"name":"wp","href":"https:\/\/api.w.org\/{rel}","templated":true}]}}