{"id":18045,"date":"2025-10-29T21:56:39","date_gmt":"2025-10-29T20:56:39","guid":{"rendered":"https:\/\/godisfabricabusiness.com\/?post_type=product&#038;p=18045"},"modified":"2026-01-10T17:50:13","modified_gmt":"2026-01-10T16:50:13","slug":"sour-foam-strawberry-skulls","status":"publish","type":"product","link":"https:\/\/godisfabricabusiness.com\/es\/producto\/sour-foam-strawberry-skulls\/","title":{"rendered":"Calavera de Espuma Fresa"},"content":{"rendered":"<p>Calaveras de Espuma Fresa \u2013 \u00a1Dulces, \u00e1cidas y peligrosamente adictivas!<\/p>\n<p data-start=\"201\" data-end=\"540\">Da la bienvenida a las Calaveras de Fresa \u00c1cidas de Espuma (Skummis Strawberry), los caramelos m\u00e1s adorables que convierten cualquier momento en una fiesta de sabor a fresa. Estas golosinas esponjosas est\u00e1n cubiertas con un az\u00facar \u00e1cido que golpea primero y luego se derrite en una dulzura jugosa y juguetona de fresa. Con un solo bocado entender\u00e1s por qu\u00e9 estas calaveras siempre est\u00e1n sonriendo.<\/p>\n<p data-start=\"542\" data-end=\"838\">Suaves, masticables y llenas de actitud frutal, son perfectas para boles de chuches, noches de cine, fiestas de Halloween o cualquier momento en el que tus papilas gustativas quieran vivir al l\u00edmite. Las Calaveras de Fresa \u00c1cidas de Espuma pueden provocar risas espont\u00e1neas, bailes felices y unas ganas incontrolables de coger otro pu\u00f1ado.<\/p>\n<div style=\"display: none;\">\n<h5 style=\"display: none;\">Frambuesa de Gelatina<\/h5>\n<h5><img decoding=\"async\" style=\"display: none;\" src=\"https:\/\/godisfabricabusiness.com\/wp-content\/uploads\/2024\/08\/IMG_5948-scaled.jpg\" alt=\"Candy Shop\" \/><\/h5>\n<p style=\"display: none;\">Shop delicious candies at our online candy shop in Spain. Explore a variety of sweets at Godisfabrica and enjoy fast delivery across Spain! &#8220;Shop your favorite candies at our online candy shop in Spain. Fast delivery, wide selection, and sweet deals await. Order now!&#8221; Shop online at Godisfabrica for the best candy in Spain. Discover delicious sweets, fast shipping, and premium quality treats today!<\/p>\n<\/div>\n<div style=\"display: none;\">\n<h5 style=\"display: none;\">Raspberry<\/h5>\n<h5><img decoding=\"async\" style=\"display: none;\" src=\"https:\/\/godisfabricabusiness.com\/wp-content\/uploads\/2024\/08\/IMG_5948-scaled.jpg\" alt=\"Candy Shop\" \/><\/h5>\n<p style=\"display: none;\">Shop delicious candies at our online candy shop in Spain. Explore a variety of sweets at Godisfabrica and enjoy fast delivery across Spain! &#8220;Shop your favorite candies at our online candy shop in Spain. Fast delivery, wide selection, and sweet deals await. Order now!&#8221; Shop online at Godisfabrica for the best candy in Spain. Discover delicious sweets, fast shipping, and premium quality treats today!<\/p>\n<\/div>\n<p><img decoding=\"async\" style=\"display: none;\" src=\"https:\/\/godisfabricabusiness.com\/wp-content\/uploads\/2024\/08\/IMG_5948-scaled.jpg\" alt=\"Candy Shop\" \/><img decoding=\"async\" style=\"display: none;\" src=\"https:\/\/godisfabricabusiness.com\/wp-content\/uploads\/2024\/08\/IMG_5948-scaled.jpg\" alt=\"Candy Shop\" \/><\/p>","protected":false},"excerpt":{"rendered":"<p>10 unidades \u2013 19g<\/p>","protected":false},"featured_media":18130,"comment_status":"open","ping_status":"closed","template":"","meta":[],"product_brand":[],"product_cat":[225],"product_tag":[1118,1128,731,1409,1110,736,738,735,615,540,1205,507,1213,587,1091,836,1214,1693,239,1694,523,1692,1691,435,585,522,792,1074],"flavor":[410,411,415],"allergens":[428],"class_list":{"0":"post-18045","1":"product","2":"type-product","3":"status-publish","4":"has-post-thumbnail","6":"product_cat-bulk-candy-godis-fabrica","7":"product_tag-abuela","8":"product_tag-acida","9":"product_tag-acido","10":"product_tag-calavera","11":"product_tag-chuches-acidas","12":"product_tag-espuma","13":"product_tag-foam-candy","14":"product_tag-foamy","15":"product_tag-fresa","16":"product_tag-fruit-candy","17":"product_tag-fruits","18":"product_tag-fruity","19":"product_tag-frutos","20":"product_tag-kirpea","21":"product_tag-marshmallow","22":"product_tag-mormor-lisas","23":"product_tag-nubes","24":"product_tag-paakallo","25":"product_tag-skull","26":"product_tag-skull-candy","27":"product_tag-skulls","28":"product_tag-skummis","29":"product_tag-skummis-strawberry","30":"product_tag-sour","31":"product_tag-sour-candy","32":"product_tag-strawberry","33":"product_tag-strawberry-foam","34":"product_tag-sura","35":"flavor-foam","36":"flavor-fruity","37":"flavor-sour","38":"allergens-gluten-free","40":"first","41":"outofstock","42":"taxable","43":"shipping-taxable","44":"purchasable","45":"product-type-simple"},"_links":{"self":[{"href":"https:\/\/godisfabricabusiness.com\/es\/wp-json\/wp\/v2\/product\/18045","targetHints":{"allow":["GET"]}}],"collection":[{"href":"https:\/\/godisfabricabusiness.com\/es\/wp-json\/wp\/v2\/product"}],"about":[{"href":"https:\/\/godisfabricabusiness.com\/es\/wp-json\/wp\/v2\/types\/product"}],"replies":[{"embeddable":true,"href":"https:\/\/godisfabricabusiness.com\/es\/wp-json\/wp\/v2\/comments?post=18045"}],"wp:featuredmedia":[{"embeddable":true,"href":"https:\/\/godisfabricabusiness.com\/es\/wp-json\/wp\/v2\/media\/18130"}],"wp:attachment":[{"href":"https:\/\/godisfabricabusiness.com\/es\/wp-json\/wp\/v2\/media?parent=18045"}],"wp:term":[{"taxonomy":"product_brand","embeddable":true,"href":"https:\/\/godisfabricabusiness.com\/es\/wp-json\/wp\/v2\/product_brand?post=18045"},{"taxonomy":"product_cat","embeddable":true,"href":"https:\/\/godisfabricabusiness.com\/es\/wp-json\/wp\/v2\/product_cat?post=18045"},{"taxonomy":"product_tag","embeddable":true,"href":"https:\/\/godisfabricabusiness.com\/es\/wp-json\/wp\/v2\/product_tag?post=18045"},{"taxonomy":"flavor","embeddable":true,"href":"https:\/\/godisfabricabusiness.com\/es\/wp-json\/wp\/v2\/flavor?post=18045"},{"taxonomy":"allergens","embeddable":true,"href":"https:\/\/godisfabricabusiness.com\/es\/wp-json\/wp\/v2\/allergens?post=18045"}],"curies":[{"name":"wp","href":"https:\/\/api.w.org\/{rel}","templated":true}]}}