{"id":18049,"date":"2025-10-29T22:49:49","date_gmt":"2025-10-29T21:49:49","guid":{"rendered":"https:\/\/godisfabricabusiness.com\/?post_type=product&#038;p=18049"},"modified":"2026-01-10T17:50:13","modified_gmt":"2026-01-10T16:50:13","slug":"lantchips-sour-cream-onion","status":"publish","type":"product","link":"https:\/\/godisfabricabusiness.com\/es\/producto\/lantchips-sour-cream-onion\/","title":{"rendered":"LantChips Crema Agria y Cebolla"},"content":{"rendered":"<p data-start=\"118\" data-end=\"181\">LantChips Crema Agria y Cebolla \u2013 \u00a1Cruje como si lo sintieras de verdad!<\/p>\n<p data-start=\"183\" data-end=\"565\">Descubre LantChips Crema Agria y Cebolla, las patatas fritas que llevan el crujido de un simple hobby a todo un estilo de vida. Fritas en aceite de girasol dorado y espolvoreadas con la cl\u00e1sica magia de crema agria y cebolla, estas peque\u00f1as maravillas r\u00fasticas est\u00e1n llenas de sabor y personalidad. Cada patata tiene su propia forma curiosa \u2014porque la perfecci\u00f3n aburre y el caos crujiente es delicioso.<\/p>\n<p data-start=\"567\" data-end=\"796\">Gruesas, r\u00fasticas y deliciosamente ruidosas, son todo lo que esperas de LantChips\u2026 y un poco m\u00e1s de actitud. Perfectas para noches de cine o para impresionar a tus amigos con tus habilidades degustando patatas crujientes. A\u00f1ade una bolsa a tu carrito y que comience la fiesta del crujido. Compartir tus LantChips Crema Agria y Cebolla puede causar un sentimiento profundo de arrepentimiento.<\/p>\n<div style=\"display: none;\">\n<h5 style=\"display: none;\">Frambuesa de Gelatina<\/h5>\n<h5><img decoding=\"async\" style=\"display: none;\" src=\"https:\/\/godisfabricabusiness.com\/wp-content\/uploads\/2024\/08\/IMG_5948-scaled.jpg\" alt=\"Candy Shop\" \/><\/h5>\n<p style=\"display: none;\">Shop delicious candies at our online candy shop in Spain. Explore a variety of sweets at Godisfabrica and enjoy fast delivery across Spain! &#8220;Shop your favorite candies at our online candy shop in Spain. Fast delivery, wide selection, and sweet deals await. Order now!&#8221; Shop online at Godisfabrica for the best candy in Spain. Discover delicious sweets, fast shipping, and premium quality treats today!<\/p>\n<\/div>\n<div style=\"display: none;\">\n<h5 style=\"display: none;\">Raspberry<\/h5>\n<h5><img decoding=\"async\" style=\"display: none;\" src=\"https:\/\/godisfabricabusiness.com\/wp-content\/uploads\/2024\/08\/IMG_5948-scaled.jpg\" alt=\"Candy Shop\" \/><\/h5>\n<p style=\"display: none;\">Shop delicious candies at our online candy shop in Spain. Explore a variety of sweets at Godisfabrica and enjoy fast delivery across Spain! &#8220;Shop your favorite candies at our online candy shop in Spain. Fast delivery, wide selection, and sweet deals await. Order now!&#8221; Shop online at Godisfabrica for the best candy in Spain. Discover delicious sweets, fast shipping, and premium quality treats today!<\/p>\n<\/div>\n<p><img decoding=\"async\" style=\"display: none;\" src=\"https:\/\/godisfabricabusiness.com\/wp-content\/uploads\/2024\/08\/IMG_5948-scaled.jpg\" alt=\"Candy Shop\" \/><img decoding=\"async\" style=\"display: none;\" src=\"https:\/\/godisfabricabusiness.com\/wp-content\/uploads\/2024\/08\/IMG_5948-scaled.jpg\" alt=\"Candy Shop\" \/><\/p>","protected":false},"excerpt":{"rendered":"<p>200g<\/p>","protected":false},"featured_media":18285,"comment_status":"open","ping_status":"closed","template":"","meta":[],"product_brand":[],"product_cat":[292,290],"product_tag":[1701,634,1700,974,1308,1294,1705,636,1300,1299,1295,637,1298,1703,1301,1702,638,1704,976,983,291,1697,1504,607],"flavor":[419,414,422],"allergens":[],"class_list":{"0":"post-18049","1":"product","2":"type-product","3":"status-publish","4":"has-post-thumbnail","6":"product_cat-snacks-godis-fabrica","7":"product_cat-vegan-products-godis-fabrica","8":"product_tag-cebolla","9":"product_tag-chips","10":"product_tag-crema-agria","11":"product_tag-lantchips","12":"product_tag-onion","13":"product_tag-papas-frita","14":"product_tag-papas-veganas","15":"product_tag-patatas","16":"product_tag-patatas-chips","17":"product_tag-patatas-fritas","18":"product_tag-potato","19":"product_tag-potato-chips","20":"product_tag-scandi-chips","21":"product_tag-scandinavian-chips","22":"product_tag-sipsit","23":"product_tag-sipuli","24":"product_tag-sour-cream-onion","25":"product_tag-swedish","26":"product_tag-swedish-chips","27":"product_tag-tilli","28":"product_tag-vegan","29":"product_tag-vegan-chips","30":"product_tag-vegana","31":"product_tag-vegano","32":"flavor-palm-oil-free","33":"flavor-salty","34":"flavor-wrapped","36":"first","37":"outofstock","38":"taxable","39":"shipping-taxable","40":"purchasable","41":"product-type-simple"},"_links":{"self":[{"href":"https:\/\/godisfabricabusiness.com\/es\/wp-json\/wp\/v2\/product\/18049","targetHints":{"allow":["GET"]}}],"collection":[{"href":"https:\/\/godisfabricabusiness.com\/es\/wp-json\/wp\/v2\/product"}],"about":[{"href":"https:\/\/godisfabricabusiness.com\/es\/wp-json\/wp\/v2\/types\/product"}],"replies":[{"embeddable":true,"href":"https:\/\/godisfabricabusiness.com\/es\/wp-json\/wp\/v2\/comments?post=18049"}],"wp:featuredmedia":[{"embeddable":true,"href":"https:\/\/godisfabricabusiness.com\/es\/wp-json\/wp\/v2\/media\/18285"}],"wp:attachment":[{"href":"https:\/\/godisfabricabusiness.com\/es\/wp-json\/wp\/v2\/media?parent=18049"}],"wp:term":[{"taxonomy":"product_brand","embeddable":true,"href":"https:\/\/godisfabricabusiness.com\/es\/wp-json\/wp\/v2\/product_brand?post=18049"},{"taxonomy":"product_cat","embeddable":true,"href":"https:\/\/godisfabricabusiness.com\/es\/wp-json\/wp\/v2\/product_cat?post=18049"},{"taxonomy":"product_tag","embeddable":true,"href":"https:\/\/godisfabricabusiness.com\/es\/wp-json\/wp\/v2\/product_tag?post=18049"},{"taxonomy":"flavor","embeddable":true,"href":"https:\/\/godisfabricabusiness.com\/es\/wp-json\/wp\/v2\/flavor?post=18049"},{"taxonomy":"allergens","embeddable":true,"href":"https:\/\/godisfabricabusiness.com\/es\/wp-json\/wp\/v2\/allergens?post=18049"}],"curies":[{"name":"wp","href":"https:\/\/api.w.org\/{rel}","templated":true}]}}