{"id":18052,"date":"2025-10-29T23:10:27","date_gmt":"2025-10-29T22:10:27","guid":{"rendered":"https:\/\/godisfabricabusiness.com\/?post_type=product&#038;p=18052"},"modified":"2026-01-10T17:50:13","modified_gmt":"2026-01-10T16:50:13","slug":"lantchips-truffle","status":"publish","type":"product","link":"https:\/\/godisfabricabusiness.com\/es\/producto\/lantchips-truffle\/","title":{"rendered":"LantChips con Trufa"},"content":{"rendered":"<p data-start=\"107\" data-end=\"163\">LantChips con Trufa \u2014 \u00a1Pica como si tuvieras castillo!<\/p>\n<p data-start=\"165\" data-end=\"427\">Mejora tu nivel de picoteo con LantChips de Trufa, las patatas fritas que susurran \u201celegancia\u201d cada vez que crujes una. Fritas en suave aceite de girasol y sazonadas con un rico y arom\u00e1tico sabor a trufa, estas patatas r\u00fasticas traen vibras gourmet directamente a tu sof\u00e1.<\/p>\n<p data-start=\"429\" data-end=\"610\">Cada patata tiene una forma maravillosamente imperfecta, porque el verdadero lujo no necesita simetr\u00eda \u2014solo un crujido fant\u00e1stico, actitud y un bol lo bastante grande para compartir\u2026 en teor\u00eda. Perfectas para cenas con amigos, maratones de Netflix o para fingir que eres jurado en un programa de cocina juzgando snacks inferiores. Puede provocar una s\u00fabita elevaci\u00f3n de est\u00e1ndares y miradas de desprecio hacia patatas b\u00e1sicas.<\/p>\n<div style=\"display: none;\">\n<h5 style=\"display: none;\">Frambuesa de Gelatina<\/h5>\n<h5><img decoding=\"async\" style=\"display: none;\" src=\"https:\/\/godisfabricabusiness.com\/wp-content\/uploads\/2024\/08\/IMG_5948-scaled.jpg\" alt=\"Candy Shop\" \/><\/h5>\n<p style=\"display: none;\">Shop delicious candies at our online candy shop in Spain. Explore a variety of sweets at Godisfabrica and enjoy fast delivery across Spain! &#8220;Shop your favorite candies at our online candy shop in Spain. Fast delivery, wide selection, and sweet deals await. Order now!&#8221; Shop online at Godisfabrica for the best candy in Spain. Discover delicious sweets, fast shipping, and premium quality treats today!<\/p>\n<\/div>\n<div style=\"display: none;\">\n<h5 style=\"display: none;\">Raspberry<\/h5>\n<h5><img decoding=\"async\" style=\"display: none;\" src=\"https:\/\/godisfabricabusiness.com\/wp-content\/uploads\/2024\/08\/IMG_5948-scaled.jpg\" alt=\"Candy Shop\" \/><\/h5>\n<p style=\"display: none;\">Shop delicious candies at our online candy shop in Spain. Explore a variety of sweets at Godisfabrica and enjoy fast delivery across Spain! &#8220;Shop your favorite candies at our online candy shop in Spain. Fast delivery, wide selection, and sweet deals await. Order now!&#8221; Shop online at Godisfabrica for the best candy in Spain. Discover delicious sweets, fast shipping, and premium quality treats today!<\/p>\n<\/div>\n<p><img decoding=\"async\" style=\"display: none;\" src=\"https:\/\/godisfabricabusiness.com\/wp-content\/uploads\/2024\/08\/IMG_5948-scaled.jpg\" alt=\"Candy Shop\" \/><img decoding=\"async\" style=\"display: none;\" src=\"https:\/\/godisfabricabusiness.com\/wp-content\/uploads\/2024\/08\/IMG_5948-scaled.jpg\" alt=\"Candy Shop\" \/><\/p>","protected":false},"excerpt":{"rendered":"<p>200g<\/p>","protected":false},"featured_media":18282,"comment_status":"open","ping_status":"closed","template":"","meta":[],"product_brand":[],"product_cat":[292],"product_tag":[634,1706,974,1294,1707,1705,636,1300,1299,1295,637,1298,1703,1301,1702,1704,976,1235,484,1708,1234,575],"flavor":[414,422],"allergens":[],"class_list":{"0":"post-18052","1":"product","2":"type-product","3":"status-publish","4":"has-post-thumbnail","6":"product_cat-snacks-godis-fabrica","7":"product_tag-chips","8":"product_tag-chips-con-trufa","9":"product_tag-lantchips","10":"product_tag-papas-frita","11":"product_tag-papas-trufa","12":"product_tag-papas-veganas","13":"product_tag-patatas","14":"product_tag-patatas-chips","15":"product_tag-patatas-fritas","16":"product_tag-potato","17":"product_tag-potato-chips","18":"product_tag-scandi-chips","19":"product_tag-scandinavian-chips","20":"product_tag-sipsit","21":"product_tag-sipuli","22":"product_tag-swedish","23":"product_tag-swedish-chips","24":"product_tag-trufa","25":"product_tag-truffle","26":"product_tag-truffle-chips","27":"product_tag-tryffel","28":"product_tag-tryffeli","29":"flavor-salty","30":"flavor-wrapped","32":"first","33":"outofstock","34":"taxable","35":"shipping-taxable","36":"purchasable","37":"product-type-simple"},"_links":{"self":[{"href":"https:\/\/godisfabricabusiness.com\/es\/wp-json\/wp\/v2\/product\/18052","targetHints":{"allow":["GET"]}}],"collection":[{"href":"https:\/\/godisfabricabusiness.com\/es\/wp-json\/wp\/v2\/product"}],"about":[{"href":"https:\/\/godisfabricabusiness.com\/es\/wp-json\/wp\/v2\/types\/product"}],"replies":[{"embeddable":true,"href":"https:\/\/godisfabricabusiness.com\/es\/wp-json\/wp\/v2\/comments?post=18052"}],"wp:featuredmedia":[{"embeddable":true,"href":"https:\/\/godisfabricabusiness.com\/es\/wp-json\/wp\/v2\/media\/18282"}],"wp:attachment":[{"href":"https:\/\/godisfabricabusiness.com\/es\/wp-json\/wp\/v2\/media?parent=18052"}],"wp:term":[{"taxonomy":"product_brand","embeddable":true,"href":"https:\/\/godisfabricabusiness.com\/es\/wp-json\/wp\/v2\/product_brand?post=18052"},{"taxonomy":"product_cat","embeddable":true,"href":"https:\/\/godisfabricabusiness.com\/es\/wp-json\/wp\/v2\/product_cat?post=18052"},{"taxonomy":"product_tag","embeddable":true,"href":"https:\/\/godisfabricabusiness.com\/es\/wp-json\/wp\/v2\/product_tag?post=18052"},{"taxonomy":"flavor","embeddable":true,"href":"https:\/\/godisfabricabusiness.com\/es\/wp-json\/wp\/v2\/flavor?post=18052"},{"taxonomy":"allergens","embeddable":true,"href":"https:\/\/godisfabricabusiness.com\/es\/wp-json\/wp\/v2\/allergens?post=18052"}],"curies":[{"name":"wp","href":"https:\/\/api.w.org\/{rel}","templated":true}]}}