{"id":18060,"date":"2025-10-30T19:31:04","date_gmt":"2025-10-30T18:31:04","guid":{"rendered":"https:\/\/godisfabricabusiness.com\/?post_type=product&#038;p=18060"},"modified":"2026-01-10T17:50:13","modified_gmt":"2026-01-10T16:50:13","slug":"chocolate-screw-chips","status":"publish","type":"product","link":"https:\/\/godisfabricabusiness.com\/es\/producto\/chocolate-screw-chips\/","title":{"rendered":"Chips de Tornillo con Chocolate"},"content":{"rendered":"<p data-start=\"103\" data-end=\"175\">Chips de Tornillo con Chocolate (RedHead Skruvat) \u2014 \u00a1Crujientes, rizados y accidentalmente geniales!<\/p>\n<p data-start=\"177\" data-end=\"459\">Espera, \u00bfqu\u00e9 es esto\u2026? Los Chips de Tornillo con Chocolate son el snack maravillosamente extra\u00f1o. Estas crujientes espirales de ma\u00edz est\u00e1n ba\u00f1adas en suave y dulce chocolate, creando una mezcla alucinante de salado, dulce, crujiente y cremoso. Es como si tus papilas gustativas acabaran de descubrir herramientas el\u00e9ctricas.<\/p>\n<p data-start=\"461\" data-end=\"690\">Perfectos para noches de cine y para impresionar a tus amigos con tus avanzadas habilidades de picoteo. Una sola mano y entender\u00e1s por qu\u00e9 estos rizados tornillos de ma\u00edz con chocolate tienen un grupo de fans leales. Los Chips de Chocolate Tornillo pueden causar que la bolsa se vac\u00ede sospechosamente r\u00e1pido y provocar intensos sue\u00f1os despiertos de comprar m\u00e1s.<\/p>\n<div style=\"display: none;\">\n<h5 style=\"display: none;\">Frambuesa de Gelatina<\/h5>\n<h5><img decoding=\"async\" style=\"display: none;\" src=\"https:\/\/godisfabricabusiness.com\/wp-content\/uploads\/2024\/08\/IMG_5948-scaled.jpg\" alt=\"Candy Shop\" \/><\/h5>\n<p style=\"display: none;\">Shop delicious candies at our online candy shop in Spain. Explore a variety of sweets at Godisfabrica and enjoy fast delivery across Spain! &#8220;Shop your favorite candies at our online candy shop in Spain. Fast delivery, wide selection, and sweet deals await. Order now!&#8221; Shop online at Godisfabrica for the best candy in Spain. Discover delicious sweets, fast shipping, and premium quality treats today!<\/p>\n<\/div>\n<div style=\"display: none;\">\n<h5 style=\"display: none;\">Raspberry<\/h5>\n<h5><img decoding=\"async\" style=\"display: none;\" src=\"https:\/\/godisfabricabusiness.com\/wp-content\/uploads\/2024\/08\/IMG_5948-scaled.jpg\" alt=\"Candy Shop\" \/><\/h5>\n<p style=\"display: none;\">Shop delicious candies at our online candy shop in Spain. Explore a variety of sweets at Godisfabrica and enjoy fast delivery across Spain! &#8220;Shop your favorite candies at our online candy shop in Spain. Fast delivery, wide selection, and sweet deals await. Order now!&#8221; Shop online at Godisfabrica for the best candy in Spain. Discover delicious sweets, fast shipping, and premium quality treats today!<\/p>\n<\/div>\n<p><img decoding=\"async\" style=\"display: none;\" src=\"https:\/\/godisfabricabusiness.com\/wp-content\/uploads\/2024\/08\/IMG_5948-scaled.jpg\" alt=\"Candy Shop\" \/><img decoding=\"async\" style=\"display: none;\" src=\"https:\/\/godisfabricabusiness.com\/wp-content\/uploads\/2024\/08\/IMG_5948-scaled.jpg\" alt=\"Candy Shop\" \/><\/p>","protected":false},"excerpt":{"rendered":"<p>100g<\/p>","protected":false},"featured_media":18313,"comment_status":"open","ping_status":"closed","template":"","meta":[],"product_brand":[],"product_cat":[292,243],"product_tag":[634,1736,652,230,1731,1730,1734,499,1294,636,1300,1729,1298,1703,1732,1735,1301,1733,1704,976],"flavor":[412,414,422],"allergens":[],"class_list":{"0":"post-18060","1":"product","2":"type-product","3":"status-publish","4":"has-post-thumbnail","6":"product_cat-snacks-godis-fabrica","7":"product_cat-chocolates-godis-fabrica","8":"product_tag-chips","9":"product_tag-chips-con-chocolate","10":"product_tag-chips-with-chocolate","11":"product_tag-chocolate","12":"product_tag-maissi","13":"product_tag-maiz","14":"product_tag-maiz-chips","15":"product_tag-milk-chocolate","16":"product_tag-papas-frita","17":"product_tag-patatas","18":"product_tag-patatas-chips","19":"product_tag-redhead-skruvat","20":"product_tag-scandi-chips","21":"product_tag-scandinavian-chips","22":"product_tag-screw","23":"product_tag-screw-chips","24":"product_tag-sipsit","25":"product_tag-skruv","26":"product_tag-swedish","27":"product_tag-swedish-chips","28":"flavor-chocolate","29":"flavor-salty","30":"flavor-wrapped","32":"first","33":"outofstock","34":"taxable","35":"shipping-taxable","36":"purchasable","37":"product-type-simple"},"_links":{"self":[{"href":"https:\/\/godisfabricabusiness.com\/es\/wp-json\/wp\/v2\/product\/18060","targetHints":{"allow":["GET"]}}],"collection":[{"href":"https:\/\/godisfabricabusiness.com\/es\/wp-json\/wp\/v2\/product"}],"about":[{"href":"https:\/\/godisfabricabusiness.com\/es\/wp-json\/wp\/v2\/types\/product"}],"replies":[{"embeddable":true,"href":"https:\/\/godisfabricabusiness.com\/es\/wp-json\/wp\/v2\/comments?post=18060"}],"wp:featuredmedia":[{"embeddable":true,"href":"https:\/\/godisfabricabusiness.com\/es\/wp-json\/wp\/v2\/media\/18313"}],"wp:attachment":[{"href":"https:\/\/godisfabricabusiness.com\/es\/wp-json\/wp\/v2\/media?parent=18060"}],"wp:term":[{"taxonomy":"product_brand","embeddable":true,"href":"https:\/\/godisfabricabusiness.com\/es\/wp-json\/wp\/v2\/product_brand?post=18060"},{"taxonomy":"product_cat","embeddable":true,"href":"https:\/\/godisfabricabusiness.com\/es\/wp-json\/wp\/v2\/product_cat?post=18060"},{"taxonomy":"product_tag","embeddable":true,"href":"https:\/\/godisfabricabusiness.com\/es\/wp-json\/wp\/v2\/product_tag?post=18060"},{"taxonomy":"flavor","embeddable":true,"href":"https:\/\/godisfabricabusiness.com\/es\/wp-json\/wp\/v2\/flavor?post=18060"},{"taxonomy":"allergens","embeddable":true,"href":"https:\/\/godisfabricabusiness.com\/es\/wp-json\/wp\/v2\/allergens?post=18060"}],"curies":[{"name":"wp","href":"https:\/\/api.w.org\/{rel}","templated":true}]}}