{"id":18090,"date":"2025-11-04T07:46:00","date_gmt":"2025-11-04T06:46:00","guid":{"rendered":"https:\/\/godisfabricabusiness.com\/?post_type=product&#038;p=18090"},"modified":"2026-01-10T17:50:12","modified_gmt":"2026-01-10T16:50:12","slug":"salty-coins","status":"publish","type":"product","link":"https:\/\/godisfabricabusiness.com\/es\/producto\/salty-coins\/","title":{"rendered":"Monedas Saladas"},"content":{"rendered":"<p data-start=\"108\" data-end=\"169\">Monedas Saladas \u2013 \u00a1El dulce que vale su peso en salmiak!<\/p>\n<p data-start=\"171\" data-end=\"449\">\u00bfQui\u00e9n necesita oro cuando puedes tener Monedas Saladas? Estos atrevidos caramelos de regaliz negro tienen forma de moneda, \u00a1pero esconden algo mucho m\u00e1s valioso: un intenso golpe de sabor salado salmiak! Un mordisco y sentir\u00e1s que acabas de descubrir el tesoro n\u00f3rdico del mundo de las chuches.<\/p>\n<p data-start=\"451\" data-end=\"670\">Masticables, audaces y totalmente adictivas, las Monedas Saladas son el tipo de dulce que separa a los valientes de los golosos. Perfectas para amantes del regaliz, fans de los dulces escandinavos o cualquiera listo para invertir en un sabor de verdad. Las Monedas Saladas pueden causar antojos repentinos de m\u00e1s \u201cdinero\u201d y comportamientos espont\u00e1neos de vikingo.<\/p>\n<div style=\"display: none;\">\n<h5 style=\"display: none;\">Frambuesa de Gelatina<\/h5>\n<h5><img decoding=\"async\" style=\"display: none;\" src=\"https:\/\/godisfabricabusiness.com\/wp-content\/uploads\/2024\/08\/IMG_5948-scaled.jpg\" alt=\"Candy Shop\" \/><\/h5>\n<p style=\"display: none;\">Shop delicious candies at our online candy shop in Spain. Explore a variety of sweets at Godisfabrica and enjoy fast delivery across Spain! &#8220;Shop your favorite candies at our online candy shop in Spain. Fast delivery, wide selection, and sweet deals await. Order now!&#8221; Shop online at Godisfabrica for the best candy in Spain. Discover delicious sweets, fast shipping, and premium quality treats today!<\/p>\n<\/div>\n<div style=\"display: none;\">\n<h5 style=\"display: none;\">Raspberry<\/h5>\n<h5><img decoding=\"async\" style=\"display: none;\" src=\"https:\/\/godisfabricabusiness.com\/wp-content\/uploads\/2024\/08\/IMG_5948-scaled.jpg\" alt=\"Candy Shop\" \/><\/h5>\n<p style=\"display: none;\">Shop delicious candies at our online candy shop in Spain. Explore a variety of sweets at Godisfabrica and enjoy fast delivery across Spain! &#8220;Shop your favorite candies at our online candy shop in Spain. Fast delivery, wide selection, and sweet deals await. Order now!&#8221; Shop online at Godisfabrica for the best candy in Spain. Discover delicious sweets, fast shipping, and premium quality treats today!<\/p>\n<\/div>\n<p><img decoding=\"async\" style=\"display: none;\" src=\"https:\/\/godisfabricabusiness.com\/wp-content\/uploads\/2024\/08\/IMG_5948-scaled.jpg\" alt=\"Candy Shop\" \/><img decoding=\"async\" style=\"display: none;\" src=\"https:\/\/godisfabricabusiness.com\/wp-content\/uploads\/2024\/08\/IMG_5948-scaled.jpg\" alt=\"Candy Shop\" \/><\/p>","protected":false},"excerpt":{"rendered":"<p>6 unidades \u2013 23g<\/p>","protected":false},"featured_media":18319,"comment_status":"open","ping_status":"closed","template":"","meta":[],"product_brand":[],"product_cat":[225],"product_tag":[1353,1470,1675,1045,1044,236,529,1047,1046,1759,1354,677,1362,1686,732,517,1758,516,1032,1757,561,1756,923,552],"flavor":[413,414],"allergens":[],"class_list":{"0":"post-18090","1":"product","2":"type-product","3":"status-publish","4":"has-post-thumbnail","6":"product_cat-bulk-candy-godis-fabrica","7":"product_tag-bold-licorice","8":"product_tag-chuches-regaliz","9":"product_tag-chuches-salados","10":"product_tag-coin","11":"product_tag-coins","12":"product_tag-licorice","13":"product_tag-liquorice","14":"product_tag-monedas","15":"product_tag-money","16":"product_tag-penni","17":"product_tag-real-liquorice","18":"product_tag-regaliz","19":"product_tag-regaliz-salado","20":"product_tag-roar","21":"product_tag-salado","22":"product_tag-salmiak","23":"product_tag-salmiak-coins","24":"product_tag-salmiakki","25":"product_tag-salta","26":"product_tag-salta-pengar","27":"product_tag-salty","28":"product_tag-salty-coins","29":"product_tag-salty-liquorice","30":"product_tag-swedish-candy","31":"flavor-liquorice","32":"flavor-salty","34":"first","35":"outofstock","36":"taxable","37":"shipping-taxable","38":"purchasable","39":"product-type-simple"},"_links":{"self":[{"href":"https:\/\/godisfabricabusiness.com\/es\/wp-json\/wp\/v2\/product\/18090","targetHints":{"allow":["GET"]}}],"collection":[{"href":"https:\/\/godisfabricabusiness.com\/es\/wp-json\/wp\/v2\/product"}],"about":[{"href":"https:\/\/godisfabricabusiness.com\/es\/wp-json\/wp\/v2\/types\/product"}],"replies":[{"embeddable":true,"href":"https:\/\/godisfabricabusiness.com\/es\/wp-json\/wp\/v2\/comments?post=18090"}],"wp:featuredmedia":[{"embeddable":true,"href":"https:\/\/godisfabricabusiness.com\/es\/wp-json\/wp\/v2\/media\/18319"}],"wp:attachment":[{"href":"https:\/\/godisfabricabusiness.com\/es\/wp-json\/wp\/v2\/media?parent=18090"}],"wp:term":[{"taxonomy":"product_brand","embeddable":true,"href":"https:\/\/godisfabricabusiness.com\/es\/wp-json\/wp\/v2\/product_brand?post=18090"},{"taxonomy":"product_cat","embeddable":true,"href":"https:\/\/godisfabricabusiness.com\/es\/wp-json\/wp\/v2\/product_cat?post=18090"},{"taxonomy":"product_tag","embeddable":true,"href":"https:\/\/godisfabricabusiness.com\/es\/wp-json\/wp\/v2\/product_tag?post=18090"},{"taxonomy":"flavor","embeddable":true,"href":"https:\/\/godisfabricabusiness.com\/es\/wp-json\/wp\/v2\/flavor?post=18090"},{"taxonomy":"allergens","embeddable":true,"href":"https:\/\/godisfabricabusiness.com\/es\/wp-json\/wp\/v2\/allergens?post=18090"}],"curies":[{"name":"wp","href":"https:\/\/api.w.org\/{rel}","templated":true}]}}