{"id":18100,"date":"2025-11-04T13:12:55","date_gmt":"2025-11-04T12:12:55","guid":{"rendered":"https:\/\/godisfabricabusiness.com\/?post_type=product&#038;p=18100"},"modified":"2026-01-10T17:50:12","modified_gmt":"2026-01-10T16:50:12","slug":"baileys-marzipan-bar","status":"publish","type":"product","link":"https:\/\/godisfabricabusiness.com\/es\/producto\/baileys-marzipan-bar\/","title":{"rendered":"Barrita de Mazap\u00e1n con Baileys"},"content":{"rendered":"<p data-start=\"0\" data-end=\"75\">Anthon Berg Barrita de Mazap\u00e1n con Baileys \u2013 \u00a1Un peque\u00f1o bocado de placer con un toque de Baileys!<\/p>\n<p data-start=\"77\" data-end=\"417\">Prep\u00e1rate para conocer la chuche m\u00e1s sofisticada de todas: la Barrita de Mazap\u00e1n con Baileys Irish Cream de Anthon Berg. Esta deliciosa barra combina el suave y aterciopelado mazap\u00e1n con el inconfundible encanto cremoso de Baileys, todo envuelto en un rico chocolate negro. No es solo un dulce\u2026 es una mini experiencia de lujo que cabe en tu bolsillo.<\/p>\n<p data-start=\"419\" data-end=\"697\">Cada bocado ofrece el equilibrio perfecto entre la dulzura del mazap\u00e1n y el sabor sedoso del Baileys Irish Cream \u2014 una combinaci\u00f3n celestial para los amantes del buen postre. Elaborada con ingredientes de alta calidad y un toque de magia danesa, esta delicia convierte incluso tu pausa del caf\u00e9 en un momento de primera clase.<\/p>\n<p data-start=\"699\" data-end=\"922\">Porque, seamos sinceros, \u00bfpara qu\u00e9 conformarse con lo normal cuando puedes tener mazap\u00e1n, chocolate y Baileys en uno solo? Anthon Berg Barrita de Mazap\u00e1n con Baileys \u2014 para quienes les gusta el dulce elegante, cremoso y con un puntito travieso.<\/p>\n<div style=\"display: none;\">\n<h5 style=\"display: none;\">Marabou Sea Salt Chocolateh5&gt;<br \/>\n<img decoding=\"async\" style=\"display: none;\" src=\"https:\/\/godisfabricabusiness.com\/wp-content\/uploads\/2024\/08\/IMG_5948-scaled.jpg\" alt=\"Candy Shop\" \/><\/h5>\n<p style=\"display: none;\">Shop delicious candies at our online candy shop in Spain. Explore a variety of sweets at Godisfabrica and enjoy fast delivery across Spain! &#8220;Shop your favorite candies at our online candy shop in Spain. Fast delivery, wide selection, and sweet deals await. Order now!&#8221; Shop online at Godisfabrica for the best candy in Spain. Discover delicious sweets, fast shipping, and premium quality treats today!<\/p>\n<\/div>\n<div style=\"display: none;\">\n<h5 style=\"display: none;\">Marabou Sea Salt Chocolateh5&gt;<br \/>\n<img decoding=\"async\" style=\"display: none;\" src=\"https:\/\/godisfabricabusiness.com\/wp-content\/uploads\/2024\/08\/IMG_5948-scaled.jpg\" alt=\"Candy Shop\" \/><\/h5>\n<p style=\"display: none;\">Shop delicious candies at our online candy shop in Spain. Explore a variety of sweets at Godisfabrica and enjoy fast delivery across Spain! &#8220;Shop your favorite candies at our online candy shop in Spain. Fast delivery, wide selection, and sweet deals await. Order now!&#8221; Shop online at Godisfabrica for the best candy in Spain. Discover delicious sweets, fast shipping, and premium quality treats today!<\/p>\n<\/div>\n<div style=\"display: none;\">\n<h5 style=\"display: none;\">Marabou Sea Salt Chocolateh5&gt;<br \/>\n<img decoding=\"async\" style=\"display: none;\" src=\"https:\/\/godisfabricabusiness.com\/wp-content\/uploads\/2024\/08\/IMG_5948-scaled.jpg\" alt=\"Candy Shop\" \/><\/h5>\n<p style=\"display: none;\">Shop delicious candies at our online candy shop in Spain. Explore a variety of sweets at Godisfabrica and enjoy fast delivery across Spain! &#8220;Shop your favorite candies at our online candy shop in Spain. Fast delivery, wide selection, and sweet deals await. Order now!&#8221; Shop online at Godisfabrica for the best candy in Spain. Discover delicious sweets, fast shipping, and premium quality treats today!<\/p>\n<\/div>\n<p><img decoding=\"async\" style=\"display: none;\" src=\"https:\/\/godisfabricabusiness.com\/wp-content\/uploads\/2024\/08\/IMG_5948-scaled.jpg\" alt=\"Candy Shop\" \/><\/p>","protected":false},"excerpt":{"rendered":"<p>33g<\/p>","protected":false},"featured_media":18182,"comment_status":"open","ping_status":"closed","template":"","meta":[],"product_brand":[],"product_cat":[293,243],"product_tag":[1768,1767,1766,986,1770,230,1559,1144,1145,1158,773,1139,1135,1772,1771,1769,1146,622,468,503],"flavor":[412,422],"allergens":[],"class_list":{"0":"post-18100","1":"product","2":"type-product","3":"status-publish","4":"has-post-thumbnail","6":"product_cat-candy-bags-godis-fabrica","7":"product_cat-chocolates-godis-fabrica","8":"product_tag-anthon-berg","9":"product_tag-baileys","10":"product_tag-baileys-marzipan-bar","11":"product_tag-barra-de-chocolate","12":"product_tag-barra-de-marzipan","13":"product_tag-chocolate","14":"product_tag-chocolate-negro","15":"product_tag-christmas","16":"product_tag-christmas-candy","17":"product_tag-christmas-chocolate","18":"product_tag-dark-chocolate","19":"product_tag-lujo","20":"product_tag-luxury","21":"product_tag-luxury-candy","22":"product_tag-marsipaani","23":"product_tag-marzipan","24":"product_tag-navidad","25":"product_tag-negro","26":"product_tag-original","27":"product_tag-popular","28":"flavor-chocolate","29":"flavor-wrapped","31":"first","32":"outofstock","33":"taxable","34":"shipping-taxable","35":"purchasable","36":"product-type-simple"},"_links":{"self":[{"href":"https:\/\/godisfabricabusiness.com\/es\/wp-json\/wp\/v2\/product\/18100","targetHints":{"allow":["GET"]}}],"collection":[{"href":"https:\/\/godisfabricabusiness.com\/es\/wp-json\/wp\/v2\/product"}],"about":[{"href":"https:\/\/godisfabricabusiness.com\/es\/wp-json\/wp\/v2\/types\/product"}],"replies":[{"embeddable":true,"href":"https:\/\/godisfabricabusiness.com\/es\/wp-json\/wp\/v2\/comments?post=18100"}],"wp:featuredmedia":[{"embeddable":true,"href":"https:\/\/godisfabricabusiness.com\/es\/wp-json\/wp\/v2\/media\/18182"}],"wp:attachment":[{"href":"https:\/\/godisfabricabusiness.com\/es\/wp-json\/wp\/v2\/media?parent=18100"}],"wp:term":[{"taxonomy":"product_brand","embeddable":true,"href":"https:\/\/godisfabricabusiness.com\/es\/wp-json\/wp\/v2\/product_brand?post=18100"},{"taxonomy":"product_cat","embeddable":true,"href":"https:\/\/godisfabricabusiness.com\/es\/wp-json\/wp\/v2\/product_cat?post=18100"},{"taxonomy":"product_tag","embeddable":true,"href":"https:\/\/godisfabricabusiness.com\/es\/wp-json\/wp\/v2\/product_tag?post=18100"},{"taxonomy":"flavor","embeddable":true,"href":"https:\/\/godisfabricabusiness.com\/es\/wp-json\/wp\/v2\/flavor?post=18100"},{"taxonomy":"allergens","embeddable":true,"href":"https:\/\/godisfabricabusiness.com\/es\/wp-json\/wp\/v2\/allergens?post=18100"}],"curies":[{"name":"wp","href":"https:\/\/api.w.org\/{rel}","templated":true}]}}