{"id":18102,"date":"2025-11-04T13:36:26","date_gmt":"2025-11-04T12:36:26","guid":{"rendered":"https:\/\/godisfabricabusiness.com\/?post_type=product&#038;p=18102"},"modified":"2026-01-10T17:50:12","modified_gmt":"2026-01-10T16:50:12","slug":"plum-madeira-marzipan","status":"publish","type":"product","link":"https:\/\/godisfabricabusiness.com\/es\/producto\/plum-madeira-marzipan\/","title":{"rendered":"Mazap\u00e1n con Ciruela y Madeira"},"content":{"rendered":"<p data-start=\"0\" data-end=\"76\">Anthon Berg Ciruela y Mazap\u00e1n con Madeira y Chocolate \u2013 \u00a1Un capricho para adultos que vale la pena probar!<\/p>\n<p data-start=\"78\" data-end=\"391\">Hazte a un lado, chocolate com\u00fan \u2014 Anthon Berg Mazap\u00e1n con Ciruela y Madeira llega para demostrar c\u00f3mo se hace el picoteo con estilo. Imagina jugosas ciruelas maduras mezcladas con mazap\u00e1n, ba\u00f1adas en un toque de vino Madeira y envueltas en un sedoso chocolate negro. \u00bfEl resultado? Un bocado decadente que sabe a lujo, elegancia\u2026 y quiz\u00e1 un poquito de travesura.<\/p>\n<p data-start=\"393\" data-end=\"634\">Cada pieza ofrece el equilibrio perfecto entre la dulzura afrutada, la intensidad del chocolate negro y ese inconfundible toque del vino Madeira portugu\u00e9s \u2014 ese vino de postre con notas tostadas y caramelizadas que susurra: \u201ceres demasiado sofisticado para un simple bomb\u00f3n.\u201d<\/p>\n<p data-start=\"636\" data-end=\"821\">Ideal para despu\u00e9s de cenar, para regalar o para impresionar a tus invitados sin esfuerzo, Anthon Berg Mazap\u00e1n con Ciruela y Madeira demuestra que el chocolate puede tener pasaporte y un gusto impecable. Saborea la sofisticaci\u00f3n \u2014 un bomb\u00f3n, un sorbo de magia Madeira a la vez.<\/p>\n<div style=\"display: none;\">\n<h5 style=\"display: none;\">Marabou Sea Salt Chocolateh5&gt;<br \/>\n<img decoding=\"async\" style=\"display: none;\" src=\"https:\/\/godisfabricabusiness.com\/wp-content\/uploads\/2024\/08\/IMG_5948-scaled.jpg\" alt=\"Candy Shop\" \/><\/h5>\n<p style=\"display: none;\">Shop delicious candies at our online candy shop in Spain. Explore a variety of sweets at Godisfabrica and enjoy fast delivery across Spain! &#8220;Shop your favorite candies at our online candy shop in Spain. Fast delivery, wide selection, and sweet deals await. Order now!&#8221; Shop online at Godisfabrica for the best candy in Spain. Discover delicious sweets, fast shipping, and premium quality treats today!<\/p>\n<\/div>\n<div style=\"display: none;\">\n<h5 style=\"display: none;\">Marabou Sea Salt Chocolateh5&gt;<br \/>\n<img decoding=\"async\" style=\"display: none;\" src=\"https:\/\/godisfabricabusiness.com\/wp-content\/uploads\/2024\/08\/IMG_5948-scaled.jpg\" alt=\"Candy Shop\" \/><\/h5>\n<p style=\"display: none;\">Shop delicious candies at our online candy shop in Spain. Explore a variety of sweets at Godisfabrica and enjoy fast delivery across Spain! &#8220;Shop your favorite candies at our online candy shop in Spain. Fast delivery, wide selection, and sweet deals await. Order now!&#8221; Shop online at Godisfabrica for the best candy in Spain. Discover delicious sweets, fast shipping, and premium quality treats today!<\/p>\n<\/div>\n<div style=\"display: none;\">\n<h5 style=\"display: none;\">Marabou Sea Salt Chocolateh5&gt;<br \/>\n<img decoding=\"async\" style=\"display: none;\" src=\"https:\/\/godisfabricabusiness.com\/wp-content\/uploads\/2024\/08\/IMG_5948-scaled.jpg\" alt=\"Candy Shop\" \/><\/h5>\n<p style=\"display: none;\">Shop delicious candies at our online candy shop in Spain. Explore a variety of sweets at Godisfabrica and enjoy fast delivery across Spain! &#8220;Shop your favorite candies at our online candy shop in Spain. Fast delivery, wide selection, and sweet deals await. Order now!&#8221; Shop online at Godisfabrica for the best candy in Spain. Discover delicious sweets, fast shipping, and premium quality treats today!<\/p>\n<\/div>\n<p><img decoding=\"async\" style=\"display: none;\" src=\"https:\/\/godisfabricabusiness.com\/wp-content\/uploads\/2024\/08\/IMG_5948-scaled.jpg\" alt=\"Candy Shop\" \/><\/p>","protected":false},"excerpt":{"rendered":"<p>1 unidad \u2013 28g<\/p>","protected":false},"featured_media":18185,"comment_status":"open","ping_status":"closed","template":"","meta":[],"product_brand":[],"product_cat":[225,243],"product_tag":[1768,1770,230,1559,1144,1145,1158,1775,773,1139,1135,1772,1776,1771,1769,1146,622,468,1774,1773,503,1778,1777],"flavor":[412,422],"allergens":[],"class_list":{"0":"post-18102","1":"product","2":"type-product","3":"status-publish","4":"has-post-thumbnail","6":"product_cat-bulk-candy-godis-fabrica","7":"product_cat-chocolates-godis-fabrica","8":"product_tag-anthon-berg","9":"product_tag-barra-de-marzipan","10":"product_tag-chocolate","11":"product_tag-chocolate-negro","12":"product_tag-christmas","13":"product_tag-christmas-candy","14":"product_tag-christmas-chocolate","15":"product_tag-circuela","16":"product_tag-dark-chocolate","17":"product_tag-lujo","18":"product_tag-luxury","19":"product_tag-luxury-candy","20":"product_tag-madeira","21":"product_tag-marsipaani","22":"product_tag-marzipan","23":"product_tag-navidad","24":"product_tag-negro","25":"product_tag-original","26":"product_tag-plum","27":"product_tag-plum-madeira-marzipan","28":"product_tag-popular","29":"product_tag-vine","30":"product_tag-wine","31":"flavor-chocolate","32":"flavor-wrapped","34":"first","35":"outofstock","36":"taxable","37":"shipping-taxable","38":"purchasable","39":"product-type-simple"},"_links":{"self":[{"href":"https:\/\/godisfabricabusiness.com\/es\/wp-json\/wp\/v2\/product\/18102","targetHints":{"allow":["GET"]}}],"collection":[{"href":"https:\/\/godisfabricabusiness.com\/es\/wp-json\/wp\/v2\/product"}],"about":[{"href":"https:\/\/godisfabricabusiness.com\/es\/wp-json\/wp\/v2\/types\/product"}],"replies":[{"embeddable":true,"href":"https:\/\/godisfabricabusiness.com\/es\/wp-json\/wp\/v2\/comments?post=18102"}],"wp:featuredmedia":[{"embeddable":true,"href":"https:\/\/godisfabricabusiness.com\/es\/wp-json\/wp\/v2\/media\/18185"}],"wp:attachment":[{"href":"https:\/\/godisfabricabusiness.com\/es\/wp-json\/wp\/v2\/media?parent=18102"}],"wp:term":[{"taxonomy":"product_brand","embeddable":true,"href":"https:\/\/godisfabricabusiness.com\/es\/wp-json\/wp\/v2\/product_brand?post=18102"},{"taxonomy":"product_cat","embeddable":true,"href":"https:\/\/godisfabricabusiness.com\/es\/wp-json\/wp\/v2\/product_cat?post=18102"},{"taxonomy":"product_tag","embeddable":true,"href":"https:\/\/godisfabricabusiness.com\/es\/wp-json\/wp\/v2\/product_tag?post=18102"},{"taxonomy":"flavor","embeddable":true,"href":"https:\/\/godisfabricabusiness.com\/es\/wp-json\/wp\/v2\/flavor?post=18102"},{"taxonomy":"allergens","embeddable":true,"href":"https:\/\/godisfabricabusiness.com\/es\/wp-json\/wp\/v2\/allergens?post=18102"}],"curies":[{"name":"wp","href":"https:\/\/api.w.org\/{rel}","templated":true}]}}