{"id":18173,"date":"2025-11-06T11:16:59","date_gmt":"2025-11-06T10:16:59","guid":{"rendered":"https:\/\/godisfabricabusiness.com\/?post_type=product&#038;p=18173"},"modified":"2026-01-10T17:50:12","modified_gmt":"2026-01-10T16:50:12","slug":"mocha-snowball","status":"publish","type":"product","link":"https:\/\/godisfabricabusiness.com\/es\/producto\/mocha-snowball\/","title":{"rendered":"Bola de Nieve Moca"},"content":{"rendered":"<p data-start=\"215\" data-end=\"307\">Bola de Nieve Moca \u2013 \u00a1Pralin\u00e9 de Chocolate Blanco y Moca que arrasa esta Navidad!<\/p>\n<p data-start=\"309\" data-end=\"547\">\u00bfBuscas un dulce navide\u00f1o que de verdad merezca la pena desenvolver? Conoce Bola de Nieve Moca de la Abuela Lisa: pralin\u00e9s de Chocolate Blanco y Moca, un peque\u00f1o milagro que sabe a tu cafeter\u00eda favorita envuelta en un copo de nieve de pura dulzura festiva.<\/p>\n<p data-start=\"549\" data-end=\"870\">Cada pralin\u00e9 es una mezcla de chocolate blanco suave, avena con moca y un toque de vainilla, creado para derretir corazones m\u00e1s r\u00e1pido que la nieve en una sauna. Tanto si te das un capricho, sorprendes a un amigo o finges que los regalas pero te los comes todos t\u00fa (no te juzgamos), estos pralin\u00e9s traen pura felicidad navide\u00f1a.<\/p>\n<p data-start=\"549\" data-end=\"870\">Haz que esta Navidad sea a\u00fan m\u00e1s deliciosa con Bola de Nieve Moca de la Abuela Lisa: nostalgia dulce en cada bocado.<\/p>\n<div style=\"display: none;\">\n<h5 style=\"display: none;\">Marabou Sea Salt Chocolateh5&gt;<br \/>\n<img decoding=\"async\" style=\"display: none;\" src=\"https:\/\/godisfabricabusiness.com\/wp-content\/uploads\/2024\/08\/IMG_5948-scaled.jpg\" alt=\"Candy Shop\" \/><\/h5>\n<p style=\"display: none;\">Shop delicious candies at our online candy shop in Spain. Explore a variety of sweets at Godisfabrica and enjoy fast delivery across Spain! &#8220;Shop your favorite candies at our online candy shop in Spain. Fast delivery, wide selection, and sweet deals await. Order now!&#8221; Shop online at Godisfabrica for the best candy in Spain. Discover delicious sweets, fast shipping, and premium quality treats today!<\/p>\n<\/div>\n<div style=\"display: none;\">\n<h5 style=\"display: none;\">Marabou Sea Salt Chocolateh5&gt;<br \/>\n<img decoding=\"async\" style=\"display: none;\" src=\"https:\/\/godisfabricabusiness.com\/wp-content\/uploads\/2024\/08\/IMG_5948-scaled.jpg\" alt=\"Candy Shop\" \/><\/h5>\n<p style=\"display: none;\">Shop delicious candies at our online candy shop in Spain. Explore a variety of sweets at Godisfabrica and enjoy fast delivery across Spain! &#8220;Shop your favorite candies at our online candy shop in Spain. Fast delivery, wide selection, and sweet deals await. Order now!&#8221; Shop online at Godisfabrica for the best candy in Spain. Discover delicious sweets, fast shipping, and premium quality treats today!<\/p>\n<\/div>\n<div style=\"display: none;\">\n<h5 style=\"display: none;\">Marabou Sea Salt Chocolateh5&gt;<br \/>\n<img decoding=\"async\" style=\"display: none;\" src=\"https:\/\/godisfabricabusiness.com\/wp-content\/uploads\/2024\/08\/IMG_5948-scaled.jpg\" alt=\"Candy Shop\" \/><\/h5>\n<p style=\"display: none;\">Shop delicious candies at our online candy shop in Spain. Explore a variety of sweets at Godisfabrica and enjoy fast delivery across Spain! &#8220;Shop your favorite candies at our online candy shop in Spain. Fast delivery, wide selection, and sweet deals await. Order now!&#8221; Shop online at Godisfabrica for the best candy in Spain. Discover delicious sweets, fast shipping, and premium quality treats today!<\/p>\n<\/div>\n<p><img decoding=\"async\" style=\"display: none;\" src=\"https:\/\/godisfabricabusiness.com\/wp-content\/uploads\/2024\/08\/IMG_5948-scaled.jpg\" alt=\"Candy Shop\" \/><\/p>","protected":false},"excerpt":{"rendered":"<p>2 unidades \u2013 29g<\/p>","protected":false},"featured_media":18179,"comment_status":"open","ping_status":"closed","template":"","meta":[],"product_brand":[],"product_cat":[243,225],"product_tag":[1786,230,786,1144,1145,1158,1147,1790,1154,1787,1789,1690,1417,836,1791,1146,1785,468,503,1788,1784,497,843],"flavor":[412,422],"allergens":[],"class_list":{"0":"post-18173","1":"product","2":"type-product","3":"status-publish","4":"has-post-thumbnail","6":"product_cat-chocolates-godis-fabrica","7":"product_cat-bulk-candy-godis-fabrica","8":"product_tag-bola-de-nieve","9":"product_tag-chocolate","10":"product_tag-chocolate-blanco","11":"product_tag-christmas","12":"product_tag-christmas-candy","13":"product_tag-christmas-chocolate","14":"product_tag-chuches-de-navidad","15":"product_tag-coffee","16":"product_tag-jul","17":"product_tag-julpralin","18":"product_tag-mocha-candy","19":"product_tag-mormor","20":"product_tag-mormor-lisa","21":"product_tag-mormor-lisas","22":"product_tag-natal","23":"product_tag-navidad","24":"product_tag-nieve","25":"product_tag-original","26":"product_tag-popular","27":"product_tag-rod-snoboll","28":"product_tag-snowball","29":"product_tag-swedish-chocolate","30":"product_tag-white-chcolate","31":"flavor-chocolate","32":"flavor-wrapped","34":"first","35":"outofstock","36":"taxable","37":"shipping-taxable","38":"purchasable","39":"product-type-simple"},"_links":{"self":[{"href":"https:\/\/godisfabricabusiness.com\/es\/wp-json\/wp\/v2\/product\/18173","targetHints":{"allow":["GET"]}}],"collection":[{"href":"https:\/\/godisfabricabusiness.com\/es\/wp-json\/wp\/v2\/product"}],"about":[{"href":"https:\/\/godisfabricabusiness.com\/es\/wp-json\/wp\/v2\/types\/product"}],"replies":[{"embeddable":true,"href":"https:\/\/godisfabricabusiness.com\/es\/wp-json\/wp\/v2\/comments?post=18173"}],"wp:featuredmedia":[{"embeddable":true,"href":"https:\/\/godisfabricabusiness.com\/es\/wp-json\/wp\/v2\/media\/18179"}],"wp:attachment":[{"href":"https:\/\/godisfabricabusiness.com\/es\/wp-json\/wp\/v2\/media?parent=18173"}],"wp:term":[{"taxonomy":"product_brand","embeddable":true,"href":"https:\/\/godisfabricabusiness.com\/es\/wp-json\/wp\/v2\/product_brand?post=18173"},{"taxonomy":"product_cat","embeddable":true,"href":"https:\/\/godisfabricabusiness.com\/es\/wp-json\/wp\/v2\/product_cat?post=18173"},{"taxonomy":"product_tag","embeddable":true,"href":"https:\/\/godisfabricabusiness.com\/es\/wp-json\/wp\/v2\/product_tag?post=18173"},{"taxonomy":"flavor","embeddable":true,"href":"https:\/\/godisfabricabusiness.com\/es\/wp-json\/wp\/v2\/flavor?post=18173"},{"taxonomy":"allergens","embeddable":true,"href":"https:\/\/godisfabricabusiness.com\/es\/wp-json\/wp\/v2\/allergens?post=18173"}],"curies":[{"name":"wp","href":"https:\/\/api.w.org\/{rel}","templated":true}]}}