{"id":18560,"date":"2025-11-20T23:20:05","date_gmt":"2025-11-20T22:20:05","guid":{"rendered":"https:\/\/godisfabricabusiness.com\/?post_type=product&#038;p=18560"},"modified":"2026-01-10T17:50:17","modified_gmt":"2026-01-10T16:50:17","slug":"bubs-sour-skull-bag","status":"publish","type":"product","link":"https:\/\/godisfabricabusiness.com\/es\/producto\/bubs-sour-skull-bag\/","title":{"rendered":"Bolsa de Bubs Calavera \u00c1cida"},"content":{"rendered":"<p>Bolsa de Bubs Calavera \u00c1cida \u2013 Peque\u00f1a. \u00c1cida. Vegana.<\/p>\n<p data-start=\"157\" data-end=\"438\">Estas mini calaveras \u00e1cidas pueden ser peque\u00f1as, pero vienen cargadas con un golpe de acidez capaz de hacer que tus papilas gustativas presenten una queja formal por ruidos molestos. Bubs pas\u00f3 horas en el laboratorio intentando averiguar si eran m\u00e1s \u00e1cidas o m\u00e1s peque\u00f1as. Resultado: inconcluso. Ahora te toca a ti descubrirlo. Como todos los caramelos de Bubs, est\u00e1n libres de gelatina y de cualquier ingrediente de origen animal.<\/p>\n<p data-start=\"157\" data-end=\"438\">Al abrir la Bolsa de Bubs Calavera \u00c1cida y lanzarte unas cuantas a la boca\u2026 prep\u00e1rate para arrugar la cara en exceso, hacer sonidos espont\u00e1neos y debatir si el tama\u00f1o realmente importa cuando se trata de poder \u00e1cido.<\/p>\n<div style=\"display: none;\">\n<h5 style=\"display: none;\">Candy Shop<\/h5>\n<h5><img decoding=\"async\" style=\"display: none;\" src=\"https:\/\/godisfabricabusiness.com\/wp-content\/uploads\/2024\/08\/IMG_5948-scaled.jpg\" alt=\"Kryptonite Fizzy Bubble\" \/><\/h5>\n<p style=\"display: none;\">Shop delicious candies at our online candy shop in Spain. Explore a variety of sweets at Godisfabrica and enjoy fast delivery across Spain! &#8220;Shop your favorite candies at our online candy shop in Spain. Fast delivery, wide selection, and sweet deals await. Order now!&#8221; Shop online at Godisfabrica for the best candy in Spain. Discover delicious sweets, fast shipping, and premium quality treats today!<\/p>\n<\/div>\n<div style=\"display: none;\">\n<h5 style=\"display: none;\">Candy Shop<\/h5>\n<h5><img decoding=\"async\" style=\"display: none;\" src=\"https:\/\/godisfabricabusiness.com\/wp-content\/uploads\/2024\/08\/IMG_5948-scaled.jpg\" alt=\"Candy Shop\" \/><\/h5>\n<p style=\"display: none;\">Shop delicious candies at our online candy shop in Spain. Explore a variety of sweets at Godisfabrica and enjoy fast delivery across Spain! &#8220;Shop your favorite candies at our online candy shop in Spain. Fast delivery, wide selection, and sweet deals await. Order now!&#8221; Shop online at Godisfabrica for the best candy in Spain. Discover delicious sweets, fast shipping, and premium quality treats today!<\/p>\n<\/div>\n<div style=\"display: none;\">\n<h5 style=\"display: none;\">Candy Shop<\/h5>\n<h5><img decoding=\"async\" style=\"display: none;\" src=\"https:\/\/godisfabricabusiness.com\/wp-content\/uploads\/2024\/08\/IMG_5948-scaled.jpg\" alt=\"Candy Shop\" \/><\/h5>\n<p style=\"display: none;\">Shop delicious candies at our online candy shop in Spain. Explore a variety of sweets at Godisfabrica and enjoy fast delivery across Spain! &#8220;Shop your favorite candies at our online candy shop in Spain. Fast delivery, wide selection, and sweet deals await. Order now!&#8221; Shop online at Godisfabrica for the best candy in Spain. Discover delicious sweets, fast shipping, and premium quality treats today!<\/p>\n<\/div>\n<div style=\"display: none;\">\n<h5 style=\"display: none;\">Candy Shop<\/h5>\n<h5><img decoding=\"async\" style=\"display: none;\" src=\"https:\/\/godisfabricabusiness.com\/wp-content\/uploads\/2024\/08\/IMG_5948-scaled.jpg\" alt=\"Candy Shop\" \/><\/h5>\n<p style=\"display: none;\">Shop delicious candies at our online candy shop in Spain. Explore a variety of sweets at Godisfabrica and enjoy fast delivery across Spain! &#8220;Shop your favorite candies at our online candy shop in Spain. Fast delivery, wide selection, and sweet deals await. Order now!&#8221; Shop online at Godisfabrica for the best candy in Spain. Discover delicious sweets, fast shipping, and premium quality treats today!<\/p>\n<\/div>","protected":false},"excerpt":{"rendered":"<p>90g | 190g<\/p>","protected":false},"featured_media":17378,"comment_status":"open","ping_status":"closed","template":"","meta":[],"product_brand":[],"product_cat":[293,290],"product_tag":[1128,731,1810,434,1090,1368,1078,1409,580,537,509,1140,631,508,540,507,239,1694,435,585,291,445,1504,607],"flavor":[411,415,422],"allergens":[425],"class_list":{"0":"post-18560","1":"product","2":"type-product","3":"status-publish","4":"has-post-thumbnail","6":"product_cat-candy-bags-godis-fabrica","7":"product_cat-vegan-products-godis-fabrica","8":"product_tag-acida","9":"product_tag-acido","10":"product_tag-amargo","11":"product_tag-bubs","12":"product_tag-bubs-candy","13":"product_tag-bubs-godis","14":"product_tag-bubs-skull","15":"product_tag-calavera","16":"product_tag-caramelo","17":"product_tag-chuches-veganas","18":"product_tag-colourful","19":"product_tag-envuelto","20":"product_tag-frambuesa","21":"product_tag-fruit","22":"product_tag-fruit-candy","23":"product_tag-fruity","24":"product_tag-skull","25":"product_tag-skull-candy","26":"product_tag-sour","27":"product_tag-sour-candy","28":"product_tag-vegan","29":"product_tag-vegan-candy","30":"product_tag-vegana","31":"product_tag-vegano","32":"pa_weight-190g","33":"pa_weight-90g","34":"flavor-fruity","35":"flavor-sour","36":"flavor-wrapped","37":"allergens-vegan","39":"first","40":"outofstock","41":"taxable","42":"shipping-taxable","43":"purchasable","44":"product-type-variable"},"_links":{"self":[{"href":"https:\/\/godisfabricabusiness.com\/es\/wp-json\/wp\/v2\/product\/18560","targetHints":{"allow":["GET"]}}],"collection":[{"href":"https:\/\/godisfabricabusiness.com\/es\/wp-json\/wp\/v2\/product"}],"about":[{"href":"https:\/\/godisfabricabusiness.com\/es\/wp-json\/wp\/v2\/types\/product"}],"replies":[{"embeddable":true,"href":"https:\/\/godisfabricabusiness.com\/es\/wp-json\/wp\/v2\/comments?post=18560"}],"wp:featuredmedia":[{"embeddable":true,"href":"https:\/\/godisfabricabusiness.com\/es\/wp-json\/wp\/v2\/media\/17378"}],"wp:attachment":[{"href":"https:\/\/godisfabricabusiness.com\/es\/wp-json\/wp\/v2\/media?parent=18560"}],"wp:term":[{"taxonomy":"product_brand","embeddable":true,"href":"https:\/\/godisfabricabusiness.com\/es\/wp-json\/wp\/v2\/product_brand?post=18560"},{"taxonomy":"product_cat","embeddable":true,"href":"https:\/\/godisfabricabusiness.com\/es\/wp-json\/wp\/v2\/product_cat?post=18560"},{"taxonomy":"product_tag","embeddable":true,"href":"https:\/\/godisfabricabusiness.com\/es\/wp-json\/wp\/v2\/product_tag?post=18560"},{"taxonomy":"flavor","embeddable":true,"href":"https:\/\/godisfabricabusiness.com\/es\/wp-json\/wp\/v2\/flavor?post=18560"},{"taxonomy":"allergens","embeddable":true,"href":"https:\/\/godisfabricabusiness.com\/es\/wp-json\/wp\/v2\/allergens?post=18560"}],"curies":[{"name":"wp","href":"https:\/\/api.w.org\/{rel}","templated":true}]}}