{"id":18587,"date":"2025-11-26T17:13:42","date_gmt":"2025-11-26T16:13:42","guid":{"rendered":"https:\/\/godisfabricabusiness.com\/?post_type=product&#038;p=18587"},"modified":"2026-01-10T17:50:11","modified_gmt":"2026-01-10T16:50:11","slug":"creamy-vanilla-chocolate","status":"publish","type":"product","link":"https:\/\/godisfabricabusiness.com\/es\/producto\/creamy-vanilla-chocolate\/","title":{"rendered":"Chocolate con Crema Vainilla"},"content":{"rendered":"<p data-start=\"603\" data-end=\"977\">Los Pralin\u00e9s de Chocolate con Crema de Vainilla de Panda combinan un suave chocolate con leche con un cremoso relleno de vainilla para crear un bocado deliciosamente rico y agradablemente dulce. Cada pralin\u00e9 une el sabor cl\u00e1sico de la vainilla cremosa con el inconfundible chocolate con leche de Panda, dando como resultado unos pralin\u00e9s perfectos para quienes disfrutan de un toque de postre suave.<\/p>\n<p data-start=\"979\" data-end=\"1350\">Estas preciosas piezas tienen una fina capa de chocolate que se rompe para revelar un centro aterciopelado de vainilla, lo que las convierte en una opci\u00f3n ideal para regalar, picar entre horas o a\u00f1adir un detalle dulce a tu caf\u00e9. Ya busques pralin\u00e9s de vainilla cremosa, bombones de chocolate con leche de calidad o simplemente un capricho delicioso para alegrarte el d\u00eda, los pralin\u00e9s de Panda ofrecen el sabor y la calidad que esperas.<\/p>\n<p data-start=\"1352\" data-end=\"1476\">Los Pralin\u00e9s de Crema de Vainilla tienen la divertida costumbre de desaparecer m\u00e1s r\u00e1pido de lo previsto.. as\u00ed que quiz\u00e1 quieras tener una extra a mano.<\/p>\n<div style=\"display: none;\">\n<h5 style=\"display: none;\">Frambuesa de Gelatina<\/h5>\n<h5><img decoding=\"async\" style=\"display: none;\" src=\"https:\/\/godisfabricabusiness.com\/wp-content\/uploads\/2024\/08\/IMG_5948-scaled.jpg\" alt=\"Candy Shop\" \/><\/h5>\n<p style=\"display: none;\">Shop delicious candies at our online candy shop in Spain. Explore a variety of sweets at Godisfabrica and enjoy fast delivery across Spain! &#8220;Shop your favorite candies at our online candy shop in Spain. Fast delivery, wide selection, and sweet deals await. Order now!&#8221; Shop online at Godisfabrica for the best candy in Spain. Discover delicious sweets, fast shipping, and premium quality treats today!<\/p>\n<\/div>\n<div style=\"display: none;\">\n<h5 style=\"display: none;\">Raspberry<\/h5>\n<h5><img decoding=\"async\" style=\"display: none;\" src=\"https:\/\/godisfabricabusiness.com\/wp-content\/uploads\/2024\/08\/IMG_5948-scaled.jpg\" alt=\"Candy Shop\" \/><\/h5>\n<p style=\"display: none;\">Shop delicious candies at our online candy shop in Spain. Explore a variety of sweets at Godisfabrica and enjoy fast delivery across Spain! &#8220;Shop your favorite candies at our online candy shop in Spain. Fast delivery, wide selection, and sweet deals await. Order now!&#8221; Shop online at Godisfabrica for the best candy in Spain. Discover delicious sweets, fast shipping, and premium quality treats today!<\/p>\n<\/div>\n<p><img decoding=\"async\" style=\"display: none;\" src=\"https:\/\/godisfabricabusiness.com\/wp-content\/uploads\/2024\/08\/IMG_5948-scaled.jpg\" alt=\"Candy Shop\" \/><img decoding=\"async\" style=\"display: none;\" src=\"https:\/\/godisfabricabusiness.com\/wp-content\/uploads\/2024\/08\/IMG_5948-scaled.jpg\" alt=\"Candy Shop\" \/><\/p>","protected":false},"excerpt":{"rendered":"<p>3 unidades - 27g<\/p>","protected":false},"featured_media":18589,"comment_status":"open","ping_status":"closed","template":"","meta":[],"product_brand":[],"product_cat":[243,225],"product_tag":[230,1144,1158,577,578,1836,1001,1352,469,1834,1838,1139,1135,1791,1146,486,1357,1835,1359,1525,1837,1355,1824,570,1356,226,231],"flavor":[412,422],"allergens":[],"class_list":{"0":"post-18587","1":"product","2":"type-product","3":"status-publish","4":"has-post-thumbnail","6":"product_cat-chocolates-godis-fabrica","7":"product_cat-bulk-candy-godis-fabrica","8":"product_tag-chocolate","9":"product_tag-christmas","10":"product_tag-christmas-chocolate","11":"product_tag-cream","12":"product_tag-creamy","13":"product_tag-creamy-vanilla","14":"product_tag-finland","15":"product_tag-finnish-candy","16":"product_tag-finnish-chocolate","17":"product_tag-kermainen-vanilija","18":"product_tag-limited-edition","19":"product_tag-lujo","20":"product_tag-luxury","21":"product_tag-natal","22":"product_tag-navidad","23":"product_tag-panda","24":"product_tag-panda-chocolate","25":"product_tag-panda-konvehdit","26":"product_tag-panda-suklaa","27":"product_tag-praline","28":"product_tag-pralines","29":"product_tag-pure","30":"product_tag-special","31":"product_tag-suklaa","32":"product_tag-suomi","33":"product_tag-toffee","34":"product_tag-vanilla","35":"flavor-chocolate","36":"flavor-wrapped","38":"first","39":"outofstock","40":"taxable","41":"shipping-taxable","42":"purchasable","43":"product-type-simple"},"_links":{"self":[{"href":"https:\/\/godisfabricabusiness.com\/es\/wp-json\/wp\/v2\/product\/18587","targetHints":{"allow":["GET"]}}],"collection":[{"href":"https:\/\/godisfabricabusiness.com\/es\/wp-json\/wp\/v2\/product"}],"about":[{"href":"https:\/\/godisfabricabusiness.com\/es\/wp-json\/wp\/v2\/types\/product"}],"replies":[{"embeddable":true,"href":"https:\/\/godisfabricabusiness.com\/es\/wp-json\/wp\/v2\/comments?post=18587"}],"wp:featuredmedia":[{"embeddable":true,"href":"https:\/\/godisfabricabusiness.com\/es\/wp-json\/wp\/v2\/media\/18589"}],"wp:attachment":[{"href":"https:\/\/godisfabricabusiness.com\/es\/wp-json\/wp\/v2\/media?parent=18587"}],"wp:term":[{"taxonomy":"product_brand","embeddable":true,"href":"https:\/\/godisfabricabusiness.com\/es\/wp-json\/wp\/v2\/product_brand?post=18587"},{"taxonomy":"product_cat","embeddable":true,"href":"https:\/\/godisfabricabusiness.com\/es\/wp-json\/wp\/v2\/product_cat?post=18587"},{"taxonomy":"product_tag","embeddable":true,"href":"https:\/\/godisfabricabusiness.com\/es\/wp-json\/wp\/v2\/product_tag?post=18587"},{"taxonomy":"flavor","embeddable":true,"href":"https:\/\/godisfabricabusiness.com\/es\/wp-json\/wp\/v2\/flavor?post=18587"},{"taxonomy":"allergens","embeddable":true,"href":"https:\/\/godisfabricabusiness.com\/es\/wp-json\/wp\/v2\/allergens?post=18587"}],"curies":[{"name":"wp","href":"https:\/\/api.w.org\/{rel}","templated":true}]}}