{"id":18657,"date":"2025-12-03T09:10:16","date_gmt":"2025-12-03T08:10:16","guid":{"rendered":"https:\/\/godisfabricabusiness.com\/?post_type=product&#038;p=18657"},"modified":"2026-01-10T17:50:11","modified_gmt":"2026-01-10T16:50:11","slug":"bonbon-junkyard-bag","status":"publish","type":"product","link":"https:\/\/godisfabricabusiness.com\/es\/producto\/bonbon-junkyard-bag\/","title":{"rendered":"Bolsa BonBon Chatarrera"},"content":{"rendered":"<p data-start=\"91\" data-end=\"166\">Bolsa BonBon Chatarrera \u2013 \u00a1La mezcla de salmiak m\u00e1s ca\u00f3tica de Dinamarca!<\/p>\n<p data-start=\"168\" data-end=\"636\">M\u00e9tete de cabeza en el mundo m\u00e1s salvaje de las chucher\u00edas danesas con la Bolsa Chatarrera BonBon (Lossepladsen \/ Kaatiss\u00e4kki), una mezcla legendaria de los mejores caramelos duros de salmiak que BonBon ha creado jam\u00e1s. Esto no es una experiencia dulce y amable: es una locura escandinava a todo gas. Cada pieza de este desguace de caramelos trae ese golpe atrevido, salado-dulce, que los fans de BonBon adoran, convirti\u00e9ndolo en un imprescindible para cualquiera que busque sabores intensos e inolvidables.<\/p>\n<p data-start=\"638\" data-end=\"899\">Tanto si eres un amante veterano del salmiak como si eres un temerario del paladar curioso por experimentar, la Bolsa Chatarrera BonBon es tu billete para una aventura de dulces genuinamente danesa. Es rara, es maravillosa, es tremendamente adictiva\u2026 y una vez la pruebes, los caramelos normales te parecer\u00e1n eternamente aburridos.<\/p>\n<p data-start=\"901\" data-end=\"987\" data-is-last-node=\"\" data-is-only-node=\"\">Deja que la Bolsa Chatarrera BonBon arrastre tus papilas gustativas directamente al delicioso caos dan\u00e9s.<\/p>\n<div style=\"display: none;\">\n<h5 style=\"display: none;\">Frambuesa de Gelatina<\/h5>\n<h5><img decoding=\"async\" style=\"display: none;\" src=\"https:\/\/godisfabricabusiness.com\/wp-content\/uploads\/2024\/08\/IMG_5948-scaled.jpg\" alt=\"Candy Shop\" \/><\/h5>\n<p style=\"display: none;\">Shop delicious candies at our online candy shop in Spain. Explore a variety of sweets at Godisfabrica and enjoy fast delivery across Spain! &#8220;Shop your favorite candies at our online candy shop in Spain. Fast delivery, wide selection, and sweet deals await. Order now!&#8221; Shop online at Godisfabrica for the best candy in Spain. Discover delicious sweets, fast shipping, and premium quality treats today!<\/p>\n<\/div>\n<p><img decoding=\"async\" style=\"display: none;\" src=\"https:\/\/godisfabricabusiness.com\/wp-content\/uploads\/2024\/08\/IMG_5948-scaled.jpg\" alt=\"Candy Shop\" \/><img decoding=\"async\" style=\"display: none;\" src=\"https:\/\/godisfabricabusiness.com\/wp-content\/uploads\/2024\/08\/IMG_5948-scaled.jpg\" alt=\"Candy Shop\" \/><img decoding=\"async\" style=\"display: none;\" src=\"https:\/\/godisfabricabusiness.com\/wp-content\/uploads\/2024\/08\/IMG_5948-scaled.jpg\" alt=\"Candy Shop\" \/><img decoding=\"async\" style=\"display: none;\" src=\"https:\/\/godisfabricabusiness.com\/wp-content\/uploads\/2024\/08\/IMG_5948-scaled.jpg\" alt=\"Candy Shop\" \/><\/p>","protected":false},"excerpt":{"rendered":"<p>170g<\/p>","protected":false},"featured_media":18659,"comment_status":"open","ping_status":"closed","template":"","meta":[],"product_brand":[],"product_cat":[293],"product_tag":[227,580,1804,1260,478,950,1738,1259,924,1841,743,559,558,236,529,1840,677,1521,1649,1473],"flavor":[411,1327,413],"allergens":[],"class_list":{"0":"post-18657","1":"product","2":"type-product","3":"status-publish","4":"has-post-thumbnail","6":"product_cat-candy-bags-godis-fabrica","7":"product_tag-caramel","8":"product_tag-caramelo","9":"product_tag-caramelo-de-regaliz","10":"product_tag-caramelo-duro","11":"product_tag-classic","12":"product_tag-duro","13":"product_tag-gourmet-licorice","14":"product_tag-hard","15":"product_tag-hard-candy","16":"product_tag-kaatissakki","17":"product_tag-lakrits","18":"product_tag-lakritsi","19":"product_tag-laku","20":"product_tag-licorice","21":"product_tag-liquorice","22":"product_tag-lossepladsen","23":"product_tag-regaliz","24":"product_tag-rock","25":"product_tag-rocks","26":"product_tag-sabor-a-regaliz","27":"flavor-fruity","28":"flavor-hard-candy","29":"flavor-liquorice","31":"first","32":"outofstock","33":"taxable","34":"shipping-taxable","35":"purchasable","36":"product-type-simple"},"_links":{"self":[{"href":"https:\/\/godisfabricabusiness.com\/es\/wp-json\/wp\/v2\/product\/18657","targetHints":{"allow":["GET"]}}],"collection":[{"href":"https:\/\/godisfabricabusiness.com\/es\/wp-json\/wp\/v2\/product"}],"about":[{"href":"https:\/\/godisfabricabusiness.com\/es\/wp-json\/wp\/v2\/types\/product"}],"replies":[{"embeddable":true,"href":"https:\/\/godisfabricabusiness.com\/es\/wp-json\/wp\/v2\/comments?post=18657"}],"wp:featuredmedia":[{"embeddable":true,"href":"https:\/\/godisfabricabusiness.com\/es\/wp-json\/wp\/v2\/media\/18659"}],"wp:attachment":[{"href":"https:\/\/godisfabricabusiness.com\/es\/wp-json\/wp\/v2\/media?parent=18657"}],"wp:term":[{"taxonomy":"product_brand","embeddable":true,"href":"https:\/\/godisfabricabusiness.com\/es\/wp-json\/wp\/v2\/product_brand?post=18657"},{"taxonomy":"product_cat","embeddable":true,"href":"https:\/\/godisfabricabusiness.com\/es\/wp-json\/wp\/v2\/product_cat?post=18657"},{"taxonomy":"product_tag","embeddable":true,"href":"https:\/\/godisfabricabusiness.com\/es\/wp-json\/wp\/v2\/product_tag?post=18657"},{"taxonomy":"flavor","embeddable":true,"href":"https:\/\/godisfabricabusiness.com\/es\/wp-json\/wp\/v2\/flavor?post=18657"},{"taxonomy":"allergens","embeddable":true,"href":"https:\/\/godisfabricabusiness.com\/es\/wp-json\/wp\/v2\/allergens?post=18657"}],"curies":[{"name":"wp","href":"https:\/\/api.w.org\/{rel}","templated":true}]}}