{"id":18675,"date":"2025-12-05T13:38:41","date_gmt":"2025-12-05T12:38:41","guid":{"rendered":"https:\/\/godisfabricabusiness.com\/?post_type=product&#038;p=18675"},"modified":"2026-01-10T17:50:11","modified_gmt":"2026-01-10T16:50:11","slug":"crispy-truffle-chocolate-box","status":"publish","type":"product","link":"https:\/\/godisfabricabusiness.com\/es\/producto\/crispy-truffle-chocolate-box\/","title":{"rendered":"Caja Chocolate Trufa Crujiente"},"content":{"rendered":"<p data-start=\"289\" data-end=\"367\">Caja de Chocolate Trufa Crujiente \u2013 \u00a1Para esos momentos realmente especiales!<\/p>\n<p data-start=\"369\" data-end=\"726\">Disfruta del sabor intenso e irresistible del chocolate favorito de Finlandia. Desde 1922, estos apreciados chocolates se elaboran con los mejores ingredientes para garantizar un sabor suave y lleno de matices. Las nuevas pralin\u00e9s de Chocolate Trufa Crujiente combinan cremoso chocolate con leche con un delicioso relleno de trufa suave y peque\u00f1os trocitos crujientes para lograr el bocado perfecto en cada ocasi\u00f3n.<\/p>\n<p data-start=\"728\" data-end=\"916\">Elaborada con cacao 100% de origen responsable, la Caja Chocolate Trufa Crujiente es un capricho con el que sentirse bien. Ideal como tentempi\u00e9 dulce o como un toque de lujo en tu pausa del caf\u00e9. Los chocolates Fazer se crean con mimo, cuidando tanto la calidad como la sostenibilidad.<\/p>\n<div style=\"display: none;\">\n<h5 style=\"display: none;\">Frambuesa de Gelatina<\/h5>\n<h5><img decoding=\"async\" style=\"display: none;\" src=\"https:\/\/godisfabricabusiness.com\/wp-content\/uploads\/2024\/08\/IMG_5948-scaled.jpg\" alt=\"Candy Shop\" \/><\/h5>\n<p style=\"display: none;\">Shop delicious candies at our online candy shop in Spain. Explore a variety of sweets at Godisfabrica and enjoy fast delivery across Spain! &#8220;Shop your favorite candies at our online candy shop in Spain. Fast delivery, wide selection, and sweet deals await. Order now!&#8221; Shop online at Godisfabrica for the best candy in Spain. Discover delicious sweets, fast shipping, and premium quality treats today!<\/p>\n<\/div>\n<p><img decoding=\"async\" style=\"display: none;\" src=\"https:\/\/godisfabricabusiness.com\/wp-content\/uploads\/2024\/08\/IMG_5948-scaled.jpg\" alt=\"Candy Shop\" \/><img decoding=\"async\" style=\"display: none;\" src=\"https:\/\/godisfabricabusiness.com\/wp-content\/uploads\/2024\/08\/IMG_5948-scaled.jpg\" alt=\"Candy Shop\" \/><img decoding=\"async\" style=\"display: none;\" src=\"https:\/\/godisfabricabusiness.com\/wp-content\/uploads\/2024\/08\/IMG_5948-scaled.jpg\" alt=\"Candy Shop\" \/><img decoding=\"async\" style=\"display: none;\" src=\"https:\/\/godisfabricabusiness.com\/wp-content\/uploads\/2024\/08\/IMG_5948-scaled.jpg\" alt=\"Candy Shop\" \/><\/p>","protected":false},"excerpt":{"rendered":"<p>250g<\/p>","protected":false},"featured_media":18674,"comment_status":"open","ping_status":"closed","template":"","meta":[],"product_brand":[],"product_cat":[243,293],"product_tag":[1546,230,1422,229,1420,1424,1529,469,918,1545,1425,1423,499,1348,468,570,1419],"flavor":[412,422],"allergens":[],"class_list":{"0":"post-18675","1":"product","2":"type-product","3":"status-publish","4":"has-post-thumbnail","6":"product_cat-chocolates-godis-fabrica","7":"product_cat-candy-bags-godis-fabrica","8":"product_tag-cacauete","9":"product_tag-chocolate","10":"product_tag-chocolate-con-leche","11":"product_tag-fazer","12":"product_tag-fazer-suklaa-patukka","13":"product_tag-fazerin-sininen","14":"product_tag-finlandia","15":"product_tag-finnish-chocolate","16":"product_tag-hazelnut","17":"product_tag-hazelnut-chocolate","18":"product_tag-karl-fazer","19":"product_tag-leite","20":"product_tag-milk-chocolate","21":"product_tag-natural","22":"product_tag-original","23":"product_tag-suklaa","24":"product_tag-suomi-suklaa","25":"flavor-chocolate","26":"flavor-wrapped","28":"first","29":"outofstock","30":"sale","31":"taxable","32":"shipping-taxable","33":"purchasable","34":"product-type-simple"},"_links":{"self":[{"href":"https:\/\/godisfabricabusiness.com\/es\/wp-json\/wp\/v2\/product\/18675","targetHints":{"allow":["GET"]}}],"collection":[{"href":"https:\/\/godisfabricabusiness.com\/es\/wp-json\/wp\/v2\/product"}],"about":[{"href":"https:\/\/godisfabricabusiness.com\/es\/wp-json\/wp\/v2\/types\/product"}],"replies":[{"embeddable":true,"href":"https:\/\/godisfabricabusiness.com\/es\/wp-json\/wp\/v2\/comments?post=18675"}],"wp:featuredmedia":[{"embeddable":true,"href":"https:\/\/godisfabricabusiness.com\/es\/wp-json\/wp\/v2\/media\/18674"}],"wp:attachment":[{"href":"https:\/\/godisfabricabusiness.com\/es\/wp-json\/wp\/v2\/media?parent=18675"}],"wp:term":[{"taxonomy":"product_brand","embeddable":true,"href":"https:\/\/godisfabricabusiness.com\/es\/wp-json\/wp\/v2\/product_brand?post=18675"},{"taxonomy":"product_cat","embeddable":true,"href":"https:\/\/godisfabricabusiness.com\/es\/wp-json\/wp\/v2\/product_cat?post=18675"},{"taxonomy":"product_tag","embeddable":true,"href":"https:\/\/godisfabricabusiness.com\/es\/wp-json\/wp\/v2\/product_tag?post=18675"},{"taxonomy":"flavor","embeddable":true,"href":"https:\/\/godisfabricabusiness.com\/es\/wp-json\/wp\/v2\/flavor?post=18675"},{"taxonomy":"allergens","embeddable":true,"href":"https:\/\/godisfabricabusiness.com\/es\/wp-json\/wp\/v2\/allergens?post=18675"}],"curies":[{"name":"wp","href":"https:\/\/api.w.org\/{rel}","templated":true}]}}