{"id":18783,"date":"2025-12-15T23:17:33","date_gmt":"2025-12-15T22:17:33","guid":{"rendered":"https:\/\/godisfabricabusiness.com\/?post_type=product&#038;p=18783"},"modified":"2026-01-10T17:50:11","modified_gmt":"2026-01-10T16:50:11","slug":"green-candy-cane","status":"publish","type":"product","link":"https:\/\/godisfabricabusiness.com\/es\/producto\/green-candy-cane\/","title":{"rendered":"Bast\u00f3n de Caramelo Verde"},"content":{"rendered":"<p data-start=\"164\" data-end=\"236\">Bast\u00f3n de Caramelo Verde \u2013 \u00a1La leyenda de menta del Polo Norte!<\/p>\n<p data-start=\"238\" data-end=\"484\">\u00a1Ho-ho-ho, sujeta bien tu gorro de Pap\u00e1 Noel! El Bast\u00f3n de Caramelo Verde (especial del calendario de Adviento) ha llegado para repartir alegr\u00eda navide\u00f1a con su sabor dulce y refrescante a menta. Repleto de intenso aroma a peppermint y listo para la fiesta con sus llamativas rayas verdes y rosas, este cl\u00e1sico no es solo un caramelo\u2026 es la Navidad en un palo.<\/p>\n<p data-start=\"486\" data-end=\"685\">Perfecto para rellenar calcetines, decorar el \u00e1rbol o fingir que eres un elfo con un subid\u00f3n de az\u00facar. Seas travieso o te hayas portado bien, esta maravilla mentolada garantiza el m\u00e1ximo sabor festivo en cada lamet\u00f3n. El Bast\u00f3n de Caramelo Verde puede provocar villancicos espont\u00e1neos, exceso de esp\u00edritu navide\u00f1o y una necesidad incontrolable de subir fotos de Navidad a tus redes sociales.<\/p>\n<div style=\"display: none;\">\n<h5 style=\"display: none;\">Frambuesa de Gelatina<\/h5>\n<h5><img decoding=\"async\" style=\"display: none;\" src=\"https:\/\/godisfabricabusiness.com\/wp-content\/uploads\/2024\/08\/IMG_5948-scaled.jpg\" alt=\"Candy Shop\" \/><\/h5>\n<p style=\"display: none;\">Shop delicious candies at our online candy shop in Spain. Explore a variety of sweets at Godisfabrica and enjoy fast delivery across Spain! &#8220;Shop your favorite candies at our online candy shop in Spain. Fast delivery, wide selection, and sweet deals await. Order now!&#8221; Shop online at Godisfabrica for the best candy in Spain. Discover delicious sweets, fast shipping, and premium quality treats today!<\/p>\n<\/div>\n<div style=\"display: none;\">\n<h5 style=\"display: none;\">Raspberry<\/h5>\n<h5><img decoding=\"async\" style=\"display: none;\" src=\"https:\/\/godisfabricabusiness.com\/wp-content\/uploads\/2024\/08\/IMG_5948-scaled.jpg\" alt=\"Candy Shop\" \/><\/h5>\n<p style=\"display: none;\">Shop delicious candies at our online candy shop in Spain. Explore a variety of sweets at Godisfabrica and enjoy fast delivery across Spain! &#8220;Shop your favorite candies at our online candy shop in Spain. Fast delivery, wide selection, and sweet deals await. Order now!&#8221; Shop online at Godisfabrica for the best candy in Spain. Discover delicious sweets, fast shipping, and premium quality treats today!<\/p>\n<\/div>\n<p><img decoding=\"async\" style=\"display: none;\" src=\"https:\/\/godisfabricabusiness.com\/wp-content\/uploads\/2024\/08\/IMG_5948-scaled.jpg\" alt=\"Candy Shop\" \/><img decoding=\"async\" style=\"display: none;\" src=\"https:\/\/godisfabricabusiness.com\/wp-content\/uploads\/2024\/08\/IMG_5948-scaled.jpg\" alt=\"Candy Shop\" \/><\/p>","protected":false},"excerpt":{"rendered":"<p>2 unidades - 25g<\/p>","protected":false},"featured_media":18784,"comment_status":"open","ping_status":"closed","template":"","meta":[],"product_brand":[],"product_cat":[293,225,290],"product_tag":[1193,1825,580,1144,1145,1644,1646,1147,537,1189,1188,478,1383,924,1480,1190,1187,689,460,722,1146,1374,1645,963,964,1481,1195,1196,1643,291,445,607],"flavor":[1327,421,420,422],"allergens":[425],"class_list":{"0":"post-18783","1":"product","2":"type-product","3":"status-publish","4":"has-post-thumbnail","6":"product_cat-candy-bags-godis-fabrica","7":"product_cat-bulk-candy-godis-fabrica","8":"product_cat-vegan-products-godis-fabrica","9":"product_tag-art","10":"product_tag-candy-cane","11":"product_tag-caramelo","12":"product_tag-christmas","13":"product_tag-christmas-candy","14":"product_tag-christmas-lollipop","15":"product_tag-chrsitmas-cane","16":"product_tag-chuches-de-navidad","17":"product_tag-chuches-veganas","18":"product_tag-chupar","19":"product_tag-chupete","20":"product_tag-classic","21":"product_tag-espirulina","22":"product_tag-hard-candy","23":"product_tag-herbabuena","24":"product_tag-lick","25":"product_tag-lollipop","26":"product_tag-menta","27":"product_tag-mint","28":"product_tag-minty","29":"product_tag-navidad","30":"product_tag-peppermint","31":"product_tag-piruli-de-navidad","32":"product_tag-polka","33":"product_tag-polka-candy","34":"product_tag-polka-lollipop","35":"product_tag-spiral","36":"product_tag-spiral-lollipop","37":"product_tag-stick","38":"product_tag-vegan","39":"product_tag-vegan-candy","40":"product_tag-vegano","41":"flavor-hard-candy","42":"flavor-lollipop","43":"flavor-mint","44":"flavor-wrapped","45":"allergens-vegan","47":"first","48":"outofstock","49":"taxable","50":"shipping-taxable","51":"purchasable","52":"product-type-simple"},"_links":{"self":[{"href":"https:\/\/godisfabricabusiness.com\/es\/wp-json\/wp\/v2\/product\/18783","targetHints":{"allow":["GET"]}}],"collection":[{"href":"https:\/\/godisfabricabusiness.com\/es\/wp-json\/wp\/v2\/product"}],"about":[{"href":"https:\/\/godisfabricabusiness.com\/es\/wp-json\/wp\/v2\/types\/product"}],"replies":[{"embeddable":true,"href":"https:\/\/godisfabricabusiness.com\/es\/wp-json\/wp\/v2\/comments?post=18783"}],"wp:featuredmedia":[{"embeddable":true,"href":"https:\/\/godisfabricabusiness.com\/es\/wp-json\/wp\/v2\/media\/18784"}],"wp:attachment":[{"href":"https:\/\/godisfabricabusiness.com\/es\/wp-json\/wp\/v2\/media?parent=18783"}],"wp:term":[{"taxonomy":"product_brand","embeddable":true,"href":"https:\/\/godisfabricabusiness.com\/es\/wp-json\/wp\/v2\/product_brand?post=18783"},{"taxonomy":"product_cat","embeddable":true,"href":"https:\/\/godisfabricabusiness.com\/es\/wp-json\/wp\/v2\/product_cat?post=18783"},{"taxonomy":"product_tag","embeddable":true,"href":"https:\/\/godisfabricabusiness.com\/es\/wp-json\/wp\/v2\/product_tag?post=18783"},{"taxonomy":"flavor","embeddable":true,"href":"https:\/\/godisfabricabusiness.com\/es\/wp-json\/wp\/v2\/flavor?post=18783"},{"taxonomy":"allergens","embeddable":true,"href":"https:\/\/godisfabricabusiness.com\/es\/wp-json\/wp\/v2\/allergens?post=18783"}],"curies":[{"name":"wp","href":"https:\/\/api.w.org\/{rel}","templated":true}]}}