{"id":3668,"date":"2024-01-30T08:34:49","date_gmt":"2024-01-30T08:34:49","guid":{"rendered":"https:\/\/godisfabricabusiness.com\/?post_type=product&#038;p=3668"},"modified":"2026-01-10T18:02:57","modified_gmt":"2026-01-10T17:02:57","slug":"bubs-raspberry-liquorice-skull-gel","status":"publish","type":"product","link":"https:\/\/godisfabricabusiness.com\/es\/producto\/bubs-raspberry-liquorice-skull-gel\/","title":{"rendered":"Bubs Calavera Regaliz y Frambuesa Gel"},"content":{"rendered":"<p data-start=\"174\" data-end=\"250\">Bubs Calavera Regaliz y Frambuesa Gel \u2013 \u00a1Dulce, salado y peligrosamente adictivo!<\/p>\n<p data-start=\"252\" data-end=\"505\">Conoce la golosina con forma de calavera pero sabor a gloria. La Bubs Calavera de Regaliz y Frambuesa Gel es la rebelde m\u00e1s querida de Suecia: una mezcla peligrosamente deliciosa de frambuesa dulce y regaliz salado que es, b\u00e1sicamente, un golpe de sabor \u00e9pico.\nEste dulce en forma de calavera no solo apareci\u00f3 en la fiesta... \u00a1la interrumpi\u00f3, volte\u00f3 la mesa y convirti\u00f3 los dulces veganos en algo genial! Ya seas fan del regaliz o simplemente tengas curiosidad por las calaveras, esta es la golosina original que transform\u00f3 a Suecia en una naci\u00f3n de amantes de calaveritas.<\/p>","protected":false},"excerpt":{"rendered":"<p>2 unidades - 27g<\/p>","protected":false},"featured_media":15754,"comment_status":"open","ping_status":"closed","template":"","meta":[],"product_brand":[],"product_cat":[290,225],"product_tag":[434,1368,631,1547,440,801,236,529,446,677,732,239,523,604,1253,291,445,607,455],"flavor":[411,413],"allergens":[426,428,427,425],"class_list":{"0":"post-3668","1":"product","2":"type-product","3":"status-publish","4":"has-post-thumbnail","6":"product_cat-vegan-products-godis-fabrica","7":"product_cat-bulk-candy-godis-fabrica","8":"product_tag-bubs","9":"product_tag-bubs-godis","10":"product_tag-frambuesa","11":"product_tag-gel","12":"product_tag-jelly","13":"product_tag-jelly-candy","14":"product_tag-licorice","15":"product_tag-liquorice","16":"product_tag-raspberry","17":"product_tag-regaliz","18":"product_tag-salado","19":"product_tag-skull","20":"product_tag-skulls","21":"product_tag-sweet","22":"product_tag-sweet-jelly","23":"product_tag-vegan","24":"product_tag-vegan-candy","25":"product_tag-vegano","26":"product_tag-vegetarian","27":"flavor-fruity","28":"flavor-liquorice","29":"allergens-gelatin-free","30":"allergens-gluten-free","31":"allergens-lactose-free","32":"allergens-vegan","34":"first","35":"outofstock","36":"taxable","37":"shipping-taxable","38":"purchasable","39":"product-type-simple"},"_links":{"self":[{"href":"https:\/\/godisfabricabusiness.com\/es\/wp-json\/wp\/v2\/product\/3668","targetHints":{"allow":["GET"]}}],"collection":[{"href":"https:\/\/godisfabricabusiness.com\/es\/wp-json\/wp\/v2\/product"}],"about":[{"href":"https:\/\/godisfabricabusiness.com\/es\/wp-json\/wp\/v2\/types\/product"}],"replies":[{"embeddable":true,"href":"https:\/\/godisfabricabusiness.com\/es\/wp-json\/wp\/v2\/comments?post=3668"}],"wp:featuredmedia":[{"embeddable":true,"href":"https:\/\/godisfabricabusiness.com\/es\/wp-json\/wp\/v2\/media\/15754"}],"wp:attachment":[{"href":"https:\/\/godisfabricabusiness.com\/es\/wp-json\/wp\/v2\/media?parent=3668"}],"wp:term":[{"taxonomy":"product_brand","embeddable":true,"href":"https:\/\/godisfabricabusiness.com\/es\/wp-json\/wp\/v2\/product_brand?post=3668"},{"taxonomy":"product_cat","embeddable":true,"href":"https:\/\/godisfabricabusiness.com\/es\/wp-json\/wp\/v2\/product_cat?post=3668"},{"taxonomy":"product_tag","embeddable":true,"href":"https:\/\/godisfabricabusiness.com\/es\/wp-json\/wp\/v2\/product_tag?post=3668"},{"taxonomy":"flavor","embeddable":true,"href":"https:\/\/godisfabricabusiness.com\/es\/wp-json\/wp\/v2\/flavor?post=3668"},{"taxonomy":"allergens","embeddable":true,"href":"https:\/\/godisfabricabusiness.com\/es\/wp-json\/wp\/v2\/allergens?post=3668"}],"curies":[{"name":"wp","href":"https:\/\/api.w.org\/{rel}","templated":true}]}}