{"id":3688,"date":"2024-01-30T12:04:12","date_gmt":"2024-01-30T11:04:12","guid":{"rendered":"https:\/\/godisfabricabusiness.com\/?post_type=product&#038;p=3688"},"modified":"2026-01-10T18:02:56","modified_gmt":"2026-01-10T17:02:56","slug":"foamy-fruit-mushrooms","status":"publish","type":"product","link":"https:\/\/godisfabricabusiness.com\/es\/producto\/foamy-fruit-mushrooms\/","title":{"rendered":"Setas Frutales"},"content":{"rendered":"<p>Setas Frutales son el ep\u00edtome de los dulces. \u00bfQui\u00e9n no amar\u00eda estos cl\u00e1sicos? Con su delicioso sabor afrutado y textura de espuma masticable, estas golosinas son imposibles de resistir. Ya seas un fan de toda la vida o los descubras por primera vez, estas setas seguramente satisfar\u00e1n tu antojo de dulce y te dejar\u00e1n con ganas de m\u00e1s. Abraza la nostalgia y date el gusto con estas delicias hoy mismo. \u00a1Echa un vistazo tambi\u00e9n a la versi\u00f3n de caramelo!<\/p>","protected":false},"excerpt":{"rendered":"<p>10 unidades \u2013 27g<\/p>","protected":false},"featured_media":7179,"comment_status":"open","ping_status":"closed","template":"","meta":[],"product_brand":[],"product_cat":[225],"product_tag":[479,478,443,738,735,508,540,734,477,737],"flavor":[410,411],"allergens":[],"class_list":{"0":"post-3688","1":"product","2":"type-product","3":"status-publish","4":"has-post-thumbnail","6":"product_cat-bulk-candy-godis-fabrica","7":"product_tag-championes","8":"product_tag-classic","9":"product_tag-foam","10":"product_tag-foam-candy","11":"product_tag-foamy","12":"product_tag-fruit","13":"product_tag-fruit-candy","14":"product_tag-mushroom-candy","15":"product_tag-mushrooms","16":"product_tag-sieni","17":"flavor-foam","18":"flavor-fruity","20":"first","21":"outofstock","22":"taxable","23":"shipping-taxable","24":"purchasable","25":"product-type-simple"},"_links":{"self":[{"href":"https:\/\/godisfabricabusiness.com\/es\/wp-json\/wp\/v2\/product\/3688","targetHints":{"allow":["GET"]}}],"collection":[{"href":"https:\/\/godisfabricabusiness.com\/es\/wp-json\/wp\/v2\/product"}],"about":[{"href":"https:\/\/godisfabricabusiness.com\/es\/wp-json\/wp\/v2\/types\/product"}],"replies":[{"embeddable":true,"href":"https:\/\/godisfabricabusiness.com\/es\/wp-json\/wp\/v2\/comments?post=3688"}],"wp:featuredmedia":[{"embeddable":true,"href":"https:\/\/godisfabricabusiness.com\/es\/wp-json\/wp\/v2\/media\/7179"}],"wp:attachment":[{"href":"https:\/\/godisfabricabusiness.com\/es\/wp-json\/wp\/v2\/media?parent=3688"}],"wp:term":[{"taxonomy":"product_brand","embeddable":true,"href":"https:\/\/godisfabricabusiness.com\/es\/wp-json\/wp\/v2\/product_brand?post=3688"},{"taxonomy":"product_cat","embeddable":true,"href":"https:\/\/godisfabricabusiness.com\/es\/wp-json\/wp\/v2\/product_cat?post=3688"},{"taxonomy":"product_tag","embeddable":true,"href":"https:\/\/godisfabricabusiness.com\/es\/wp-json\/wp\/v2\/product_tag?post=3688"},{"taxonomy":"flavor","embeddable":true,"href":"https:\/\/godisfabricabusiness.com\/es\/wp-json\/wp\/v2\/flavor?post=3688"},{"taxonomy":"allergens","embeddable":true,"href":"https:\/\/godisfabricabusiness.com\/es\/wp-json\/wp\/v2\/allergens?post=3688"}],"curies":[{"name":"wp","href":"https:\/\/api.w.org\/{rel}","templated":true}]}}