{"id":3693,"date":"2024-01-30T11:32:03","date_gmt":"2024-01-30T11:32:03","guid":{"rendered":"https:\/\/godisfabricabusiness.com\/?post_type=product&#038;p=3693"},"modified":"2026-01-10T18:02:56","modified_gmt":"2026-01-10T17:02:56","slug":"estrella-sourcream-onion-chips","status":"publish","type":"product","link":"https:\/\/godisfabricabusiness.com\/es\/producto\/estrella-sourcream-onion-chips\/","title":{"rendered":"Estrella Chips de Crema Agria y Cebolla"},"content":{"rendered":"<p>Estrella Chips de Crema Agria y Cebolla \u2013 \u00a1El crujido que todos aman!<\/p>\n<p>Estas famosas papas crujientes son sabrosas, cremosas y deliciosas con un toque de cebolla. Si a\u00fan no has tenido la oportunidad de probar las Papas de Crema Agria y Cebolla de Estrella, \u00a1no esperes m\u00e1s! Son un verdadero \u00e9xito que no te puedes perder.<\/p>\n<p>Ya sea que las est\u00e9s sumergiendo en dip o comi\u00e9ndolas directamente de la bolsa como un verdadero campe\u00f3n de los snacks, estas papas har\u00e1n que tus papilas gustativas canten \u201c\u00a1sourcream-icas!\u201d Un solo crujido y entender\u00e1s por qu\u00e9 estas papas son un cl\u00e1sico legendario.<\/p>\n<p>\u00a1Advertencia! Puede causar una obsesi\u00f3n incontrolable por las papas y es probable que regreses aqu\u00ed a hacer compras mucho m\u00e1s pronto de lo que pensabas.<\/p>\n<p>BEST BEFORE DATE UNDER 20 DAYS!<\/p>","protected":false},"excerpt":{"rendered":"<p>175 g<\/p>","protected":false},"featured_media":16318,"comment_status":"open","ping_status":"closed","template":"","meta":[],"product_brand":[],"product_cat":[292],"product_tag":[634,633,1297,1303,975,1294,636,1300,637,1301,635,638,1302,976],"flavor":[414,415],"allergens":[],"class_list":{"0":"post-3693","1":"product","2":"type-product","3":"status-publish","4":"has-post-thumbnail","6":"product_cat-snacks-godis-fabrica","7":"product_tag-chips","8":"product_tag-estrella","9":"product_tag-estrella-chips","10":"product_tag-estrella-sipsit","11":"product_tag-finnish-chips","12":"product_tag-papas-frita","13":"product_tag-patatas","14":"product_tag-patatas-chips","15":"product_tag-potato-chips","16":"product_tag-sipsit","17":"product_tag-snacks","18":"product_tag-sour-cream-onion","19":"product_tag-sourcream-onion","20":"product_tag-swedish-chips","21":"flavor-salty","22":"flavor-sour","24":"first","25":"outofstock","26":"taxable","27":"shipping-taxable","28":"purchasable","29":"product-type-simple"},"_links":{"self":[{"href":"https:\/\/godisfabricabusiness.com\/es\/wp-json\/wp\/v2\/product\/3693","targetHints":{"allow":["GET"]}}],"collection":[{"href":"https:\/\/godisfabricabusiness.com\/es\/wp-json\/wp\/v2\/product"}],"about":[{"href":"https:\/\/godisfabricabusiness.com\/es\/wp-json\/wp\/v2\/types\/product"}],"replies":[{"embeddable":true,"href":"https:\/\/godisfabricabusiness.com\/es\/wp-json\/wp\/v2\/comments?post=3693"}],"wp:featuredmedia":[{"embeddable":true,"href":"https:\/\/godisfabricabusiness.com\/es\/wp-json\/wp\/v2\/media\/16318"}],"wp:attachment":[{"href":"https:\/\/godisfabricabusiness.com\/es\/wp-json\/wp\/v2\/media?parent=3693"}],"wp:term":[{"taxonomy":"product_brand","embeddable":true,"href":"https:\/\/godisfabricabusiness.com\/es\/wp-json\/wp\/v2\/product_brand?post=3693"},{"taxonomy":"product_cat","embeddable":true,"href":"https:\/\/godisfabricabusiness.com\/es\/wp-json\/wp\/v2\/product_cat?post=3693"},{"taxonomy":"product_tag","embeddable":true,"href":"https:\/\/godisfabricabusiness.com\/es\/wp-json\/wp\/v2\/product_tag?post=3693"},{"taxonomy":"flavor","embeddable":true,"href":"https:\/\/godisfabricabusiness.com\/es\/wp-json\/wp\/v2\/flavor?post=3693"},{"taxonomy":"allergens","embeddable":true,"href":"https:\/\/godisfabricabusiness.com\/es\/wp-json\/wp\/v2\/allergens?post=3693"}],"curies":[{"name":"wp","href":"https:\/\/api.w.org\/{rel}","templated":true}]}}