{"id":3694,"date":"2024-01-30T11:37:10","date_gmt":"2024-01-30T11:37:10","guid":{"rendered":"https:\/\/godisfabricabusiness.com\/?post_type=product&#038;p=3694"},"modified":"2026-01-10T18:02:56","modified_gmt":"2026-01-10T17:02:56","slug":"punschpraliner-godis-fabrica","status":"publish","type":"product","link":"https:\/\/godisfabricabusiness.com\/es\/producto\/punschpraliner-godis-fabrica\/","title":{"rendered":"Punschpraliner"},"content":{"rendered":"<p>Presentamos los Punschpraliner, un cl\u00e1sico sueco atemporal elaborado desde a\u00f1o 50. Una deliciosa mezcla de arrack y ron, cubierta con un recubrimiento de chocolate exquisito y adornada con encantadoras perlas de az\u00facar. Saborea el sabor irresistible de estos pralin\u00e9s ic\u00f3nicos que han cautivado los paladares durante d\u00e9cadas. \u00a1Es dif\u00edcil describir con palabras un sabor tan delicioso... sin duda, tienes que probarlo!<\/p>","protected":false},"excerpt":{"rendered":"<p>5 unidades - 25g<\/p>","protected":false},"featured_media":7148,"comment_status":"open","ping_status":"closed","template":"","meta":[],"product_brand":[],"product_cat":[225,243],"product_tag":[230,773,689,460,722,1236,444,1235,1234],"flavor":[412],"allergens":[],"class_list":{"0":"post-3694","1":"product","2":"type-product","3":"status-publish","4":"has-post-thumbnail","6":"product_cat-bulk-candy-godis-fabrica","7":"product_cat-chocolates-godis-fabrica","8":"product_tag-chocolate","9":"product_tag-dark-chocolate","10":"product_tag-menta","11":"product_tag-mint","12":"product_tag-minty","13":"product_tag-pearl","14":"product_tag-punschpraliner","15":"product_tag-trufa","16":"product_tag-tryffel","17":"flavor-chocolate","19":"first","20":"outofstock","21":"taxable","22":"shipping-taxable","23":"purchasable","24":"product-type-simple"},"_links":{"self":[{"href":"https:\/\/godisfabricabusiness.com\/es\/wp-json\/wp\/v2\/product\/3694","targetHints":{"allow":["GET"]}}],"collection":[{"href":"https:\/\/godisfabricabusiness.com\/es\/wp-json\/wp\/v2\/product"}],"about":[{"href":"https:\/\/godisfabricabusiness.com\/es\/wp-json\/wp\/v2\/types\/product"}],"replies":[{"embeddable":true,"href":"https:\/\/godisfabricabusiness.com\/es\/wp-json\/wp\/v2\/comments?post=3694"}],"wp:featuredmedia":[{"embeddable":true,"href":"https:\/\/godisfabricabusiness.com\/es\/wp-json\/wp\/v2\/media\/7148"}],"wp:attachment":[{"href":"https:\/\/godisfabricabusiness.com\/es\/wp-json\/wp\/v2\/media?parent=3694"}],"wp:term":[{"taxonomy":"product_brand","embeddable":true,"href":"https:\/\/godisfabricabusiness.com\/es\/wp-json\/wp\/v2\/product_brand?post=3694"},{"taxonomy":"product_cat","embeddable":true,"href":"https:\/\/godisfabricabusiness.com\/es\/wp-json\/wp\/v2\/product_cat?post=3694"},{"taxonomy":"product_tag","embeddable":true,"href":"https:\/\/godisfabricabusiness.com\/es\/wp-json\/wp\/v2\/product_tag?post=3694"},{"taxonomy":"flavor","embeddable":true,"href":"https:\/\/godisfabricabusiness.com\/es\/wp-json\/wp\/v2\/flavor?post=3694"},{"taxonomy":"allergens","embeddable":true,"href":"https:\/\/godisfabricabusiness.com\/es\/wp-json\/wp\/v2\/allergens?post=3694"}],"curies":[{"name":"wp","href":"https:\/\/api.w.org\/{rel}","templated":true}]}}