{"id":4956,"date":"2024-02-25T18:05:37","date_gmt":"2024-02-25T17:05:37","guid":{"rendered":"https:\/\/godisfabricabusiness.com\/?post_type=product&#038;p=4956"},"modified":"2026-01-10T18:02:56","modified_gmt":"2026-01-10T17:02:56","slug":"abc-sour-fruit-mix-godis-fabrica","status":"publish","type":"product","link":"https:\/\/godisfabricabusiness.com\/es\/producto\/abc-sour-fruit-mix-godis-fabrica\/","title":{"rendered":"Mezcla \u00c1cida ABC"},"content":{"rendered":"<p>ABC Mezcla \u00c1cida es un favorito de siempre entre los finlandeses. Miss\u00e4 X (ABC) tiene los maravillosos sabores de pi\u00f1a, fresa silvestre, grosella espinosa y frambuesa, con un recubrimiento de az\u00facar \u00e1cido. Encuentra tu combinaci\u00f3n perfecta: estos peque\u00f1os y divertidos caramelos seguro que te encantar\u00e1n, ya sea solo o con amigos. Disfr\u00fatalos t\u00fa mismo o comparte Miss\u00e4 X con amigos: esta estimulante sensaci\u00f3n de sabor \u00e1cido seguramente complacer\u00e1.<\/p>","protected":false},"excerpt":{"rendered":"<p>8 unidades - 27g<\/p>","protected":false},"featured_media":15750,"comment_status":"open","ping_status":"closed","template":"","meta":[],"product_brand":[],"product_cat":[225,290],"product_tag":[449,229,448,446,435,447,291,445],"flavor":[411,415],"allergens":[426,425],"class_list":{"0":"post-4956","1":"product","2":"type-product","3":"status-publish","4":"has-post-thumbnail","6":"product_cat-bulk-candy-godis-fabrica","7":"product_cat-vegan-products-godis-fabrica","8":"product_tag-abc","9":"product_tag-fazer","10":"product_tag-missa-x","11":"product_tag-raspberry","12":"product_tag-sour","13":"product_tag-super-sour","14":"product_tag-vegan","15":"product_tag-vegan-candy","16":"flavor-fruity","17":"flavor-sour","18":"allergens-gelatin-free","19":"allergens-vegan","21":"first","22":"outofstock","23":"taxable","24":"shipping-taxable","25":"purchasable","26":"product-type-simple"},"_links":{"self":[{"href":"https:\/\/godisfabricabusiness.com\/es\/wp-json\/wp\/v2\/product\/4956","targetHints":{"allow":["GET"]}}],"collection":[{"href":"https:\/\/godisfabricabusiness.com\/es\/wp-json\/wp\/v2\/product"}],"about":[{"href":"https:\/\/godisfabricabusiness.com\/es\/wp-json\/wp\/v2\/types\/product"}],"replies":[{"embeddable":true,"href":"https:\/\/godisfabricabusiness.com\/es\/wp-json\/wp\/v2\/comments?post=4956"}],"wp:featuredmedia":[{"embeddable":true,"href":"https:\/\/godisfabricabusiness.com\/es\/wp-json\/wp\/v2\/media\/15750"}],"wp:attachment":[{"href":"https:\/\/godisfabricabusiness.com\/es\/wp-json\/wp\/v2\/media?parent=4956"}],"wp:term":[{"taxonomy":"product_brand","embeddable":true,"href":"https:\/\/godisfabricabusiness.com\/es\/wp-json\/wp\/v2\/product_brand?post=4956"},{"taxonomy":"product_cat","embeddable":true,"href":"https:\/\/godisfabricabusiness.com\/es\/wp-json\/wp\/v2\/product_cat?post=4956"},{"taxonomy":"product_tag","embeddable":true,"href":"https:\/\/godisfabricabusiness.com\/es\/wp-json\/wp\/v2\/product_tag?post=4956"},{"taxonomy":"flavor","embeddable":true,"href":"https:\/\/godisfabricabusiness.com\/es\/wp-json\/wp\/v2\/flavor?post=4956"},{"taxonomy":"allergens","embeddable":true,"href":"https:\/\/godisfabricabusiness.com\/es\/wp-json\/wp\/v2\/allergens?post=4956"}],"curies":[{"name":"wp","href":"https:\/\/api.w.org\/{rel}","templated":true}]}}