{"id":4986,"date":"2024-02-25T23:10:32","date_gmt":"2024-02-25T22:10:32","guid":{"rendered":"https:\/\/godisfabricabusiness.com\/?post_type=product&#038;p=4986"},"modified":"2026-01-10T18:02:56","modified_gmt":"2026-01-10T17:02:56","slug":"mint-truffle-patkis","status":"publish","type":"product","link":"https:\/\/godisfabricabusiness.com\/es\/producto\/mint-truffle-patkis\/","title":{"rendered":"Trufa de Menta P\u00e4tkis"},"content":{"rendered":"<p>Trufa de Menta P\u00e4tkis \u2013 A pesar de su peque\u00f1o tama\u00f1o, P\u00e4tkis ha sido un favorito en Finlandia desde 1978. Este popular bomb\u00f3n de trufa de menta cubierto de chocolate es amado por toda la familia. Lo mejor de todo es que los deliciosos chocolates de Fazer est\u00e1n hechos con cacao 100% de origen responsable. Sorprende a tus amigos con los chocolates P\u00e4tkis o disfruta de uno (o dos) con tu caf\u00e9.<\/p>","protected":false},"excerpt":{"rendered":"<p>4 unidades \u2013 23g<\/p>","protected":false},"featured_media":16270,"comment_status":"open","ping_status":"closed","template":"","meta":[],"product_brand":[],"product_cat":[225,243],"product_tag":[465,230,229,469,460,468,483,464,484],"flavor":[412,420],"allergens":[],"class_list":{"0":"post-4986","1":"product","2":"type-product","3":"status-publish","4":"has-post-thumbnail","6":"product_cat-bulk-candy-godis-fabrica","7":"product_cat-chocolates-godis-fabrica","8":"product_tag-bulk-candy","9":"product_tag-chocolate","10":"product_tag-fazer","11":"product_tag-finnish-chocolate","12":"product_tag-mint","13":"product_tag-original","14":"product_tag-patkis","15":"product_tag-pickmix","16":"product_tag-truffle","17":"flavor-chocolate","18":"flavor-mint","20":"first","21":"outofstock","22":"taxable","23":"shipping-taxable","24":"purchasable","25":"product-type-simple"},"_links":{"self":[{"href":"https:\/\/godisfabricabusiness.com\/es\/wp-json\/wp\/v2\/product\/4986","targetHints":{"allow":["GET"]}}],"collection":[{"href":"https:\/\/godisfabricabusiness.com\/es\/wp-json\/wp\/v2\/product"}],"about":[{"href":"https:\/\/godisfabricabusiness.com\/es\/wp-json\/wp\/v2\/types\/product"}],"replies":[{"embeddable":true,"href":"https:\/\/godisfabricabusiness.com\/es\/wp-json\/wp\/v2\/comments?post=4986"}],"wp:featuredmedia":[{"embeddable":true,"href":"https:\/\/godisfabricabusiness.com\/es\/wp-json\/wp\/v2\/media\/16270"}],"wp:attachment":[{"href":"https:\/\/godisfabricabusiness.com\/es\/wp-json\/wp\/v2\/media?parent=4986"}],"wp:term":[{"taxonomy":"product_brand","embeddable":true,"href":"https:\/\/godisfabricabusiness.com\/es\/wp-json\/wp\/v2\/product_brand?post=4986"},{"taxonomy":"product_cat","embeddable":true,"href":"https:\/\/godisfabricabusiness.com\/es\/wp-json\/wp\/v2\/product_cat?post=4986"},{"taxonomy":"product_tag","embeddable":true,"href":"https:\/\/godisfabricabusiness.com\/es\/wp-json\/wp\/v2\/product_tag?post=4986"},{"taxonomy":"flavor","embeddable":true,"href":"https:\/\/godisfabricabusiness.com\/es\/wp-json\/wp\/v2\/flavor?post=4986"},{"taxonomy":"allergens","embeddable":true,"href":"https:\/\/godisfabricabusiness.com\/es\/wp-json\/wp\/v2\/allergens?post=4986"}],"curies":[{"name":"wp","href":"https:\/\/api.w.org\/{rel}","templated":true}]}}